
{"id":1001,"date":"2022-02-28T14:27:00","date_gmt":"2022-02-28T14:27:00","guid":{"rendered":"https:\/\/overline-poetry.de\/?page_id=1001"},"modified":"2025-09-06T14:38:36","modified_gmt":"2025-09-06T14:38:36","slug":"altkanzler-schroeder-und-ukraine","status":"publish","type":"page","link":"https:\/\/overline-poetry.de\/index.php\/altkanzler-schroeder-und-ukraine\/","title":{"rendered":"Altkanzler Schr\u00f6der und Ukraine"},"content":{"rendered":"\n<p>Mit seinem Kommentar zur Ukraine meint der Altkanzler Schr\u00f6der,<br>denn er ist, was seine russischen Gasjobs angeht, wohl kein Bl\u00f6der.<br>Er verurteile zwar den Aggressionskrieg gegen die Ukraine von Putin,<br>aber f\u00fcr ihn ergeben die Sanktionen im Wirtschaftsbereich keinen Sinn.<br><br>Logisch, denn er sieht jetzt seine gut dotierten Pfr\u00fcnde entschwinden,<br>aber sich gegen Putin zu stellen, das muss er erst einmal \u00fcberwinden.<br>Der Altkanzler ist einfach nur machtgeil und das man ihn hat hofiert.<br>Und was k\u00fcmmert ihn, wenn ein freien Land wird besetzt und verliert.<br><br>Er nimmt doch zu gerne vom deutschen Steuerzahler sein Altersgeld<br>und arbeitet f\u00fcr einen russischen Staatskonzern, so wie es ihm gef\u00e4llt.<br>Irgendwelche moralische Bedenken gab es noch nicht in seiner Welt,<br>er wird vom unserem Staat bewacht und bekommt Mitarbeiter gestellt.<br><br>Wenn Mitarbeiter ihren Dienst, wegen der Ukraine, bei ihm quittieren,<br>sp\u00e4testens sollte ihm die Situation klar sein, um nicht mehr zu riskieren.<br>Schr\u00f6ders Motto: \u201eIst der Ruf erst ruiniert, lebt es sich ganz ungeniert\u201c<br>und die \u00c4ngste der leidenden Ukrainer B\u00fcrger ihn nicht interessiert.<br><br>Das \u201eEhrungssystem\u201c f\u00fcr verdienten Regenten muss ver\u00e4ndert werden,<br>denn sie haben doch nur ein politisches Amt ausgef\u00fchrt, hier auf Erden.<br>Das sie \u201enach Dienst\u201c Mitarbeiter vom Steuerzahler entlohnt bekommen,<br>habe ich gegen\u00fcber dem normalen B\u00fcrger als ungerecht vernommen.<br><br>Sein Umfeld kann Schr\u00f6ders Verbindung zu Putin nicht mehr ertragen,<br>so dass fast alle Weggef\u00e4hrten einer Verbindung zu Schr\u00f6der entsagen.<br>Er sollte sich altersbedingt doch einen Friedhofsplatz in Moskau buchen,<br>dann k\u00f6nnte ihn wenigstens sein Freund Putin auch sehr oft besuchen.<br><br><strong>\u00a9<\/strong> Rainer Dambroth \u2013 28.02.2022 \u2013 <strong><a href=\"http:\/\/www.overline-poetry.de\/\">www.overline-poetry.de<\/a><\/strong><br><br><em>Am 20. Mai 2022 teilte Rosneft mit, dass Schr\u00f6der seinen Posten aufgibt. Einen Tag zuvor hatte das Europaparlament darauf gedr\u00e4ngt, Schr\u00f6der auf die Sanktionsliste gegen russische Oligarchen zu nehmen, wenn er trotz des Ukraine-Kriegs an seinen Posten in russischen Unternehmen festhalte.<\/em><br>Internetfund<br><\/p>\n\n\n\n<figure class=\"wp-block-image size-full\"><img decoding=\"async\" width=\"128\" height=\"128\" src=\"https:\/\/overline-poetry.de\/wp-content\/uploads\/2025\/09\/grafik-2.png\" alt=\"\" class=\"wp-image-1002\"\/><\/figure>\n","protected":false},"excerpt":{"rendered":"<p>Mit seinem Kommentar zur Ukraine meint der Altkanzler Schr\u00f6der,denn er ist, was seine russischen Gasjobs angeht, wohl kein Bl\u00f6der.Er verurteile zwar den Aggressionskrieg gegen die Ukraine von Putin,aber f\u00fcr ihn ergeben die Sanktionen im Wirtschaftsbereich keinen Sinn. Logisch, denn er sieht jetzt seine gut dotierten Pfr\u00fcnde entschwinden,aber sich gegen Putin zu stellen, das muss er [&hellip;]<\/p>\n","protected":false},"author":1,"featured_media":0,"parent":0,"menu_order":0,"comment_status":"closed","ping_status":"closed","template":"","meta":{"footnotes":""},"class_list":["post-1001","page","type-page","status-publish","hentry"],"jetpack_sharing_enabled":true,"_links":{"self":[{"href":"https:\/\/overline-poetry.de\/index.php\/wp-json\/wp\/v2\/pages\/1001","targetHints":{"allow":["GET"]}}],"collection":[{"href":"https:\/\/overline-poetry.de\/index.php\/wp-json\/wp\/v2\/pages"}],"about":[{"href":"https:\/\/overline-poetry.de\/index.php\/wp-json\/wp\/v2\/types\/page"}],"author":[{"embeddable":true,"href":"https:\/\/overline-poetry.de\/index.php\/wp-json\/wp\/v2\/users\/1"}],"replies":[{"embeddable":true,"href":"https:\/\/overline-poetry.de\/index.php\/wp-json\/wp\/v2\/comments?post=1001"}],"version-history":[{"count":1,"href":"https:\/\/overline-poetry.de\/index.php\/wp-json\/wp\/v2\/pages\/1001\/revisions"}],"predecessor-version":[{"id":1006,"href":"https:\/\/overline-poetry.de\/index.php\/wp-json\/wp\/v2\/pages\/1001\/revisions\/1006"}],"wp:attachment":[{"href":"https:\/\/overline-poetry.de\/index.php\/wp-json\/wp\/v2\/media?parent=1001"}],"curies":[{"name":"wp","href":"https:\/\/api.w.org\/{rel}","templated":true}]}}