
{"id":1009,"date":"2022-10-21T14:48:00","date_gmt":"2022-10-21T14:48:00","guid":{"rendered":"https:\/\/overline-poetry.de\/?page_id=1009"},"modified":"2025-09-06T14:50:56","modified_gmt":"2025-09-06T14:50:56","slug":"wo-ist-putins-tankwart-der-altkanzler-schroeder-hin","status":"publish","type":"page","link":"https:\/\/overline-poetry.de\/index.php\/wo-ist-putins-tankwart-der-altkanzler-schroeder-hin\/","title":{"rendered":"Wo ist Putins Tankwart, der Altkanzler Schr\u00f6der, hin?"},"content":{"rendered":"\n<p>Wo ist denn Putins Tankwart, denn man h\u00f6rt und sieht ihn nicht?<br>Hat der Schr\u00f6der Angst, er verliert wegen Putin noch sein Gesicht?<br>Oder ist er bei seinem Freund Putin im Kreml bereits eingezogen<br>und Restbedenken gegen\u00fcber dem Despoten Putin sind verflogen?<br><br>Wo ist Putins Tankwart, der Altkanzler Schr\u00f6der, denn geblieben?<br>Will er Deutschland von Russland aus manipulieren nach Belieben?<br>Schr\u00f6der hat uns diese Erpressbarkeit von Russland \u201eeingebrockt\u201c<br>und hat vielleicht mit Putin am Regierungstisch im Kreml gehockt.<br><br>Der Verkauf, im Vorstand von Gasprom, von Putins \u201ebilligem\u201c Gas,<br>dass machte dem Altkanzler Schr\u00f6der doch bestimmt \u201eviel Spa\u00df\u201c.<br>Wir begaben uns mit dem \u201ebilligen\u201c Gas in die totale Abh\u00e4ngigkeit<br>und nun dr\u00e4ngt die mangelnde Gasunterversorgung \u201eauf die Zeit\u201c.<br><br>Wir leben in einer Demokratie und sch\u00fctzen andere Demokratien<br>und die unterlassene Hilfe f\u00fcr die Ukraine h\u00e4tte ich nicht verziehen.<br>Hier k\u00e4mpfen die Menschen auch f\u00fcr unseren europ\u00e4ische Frieden!<br>Putin will gewaltsam ein gr\u00f6\u00dferes Reich und das geh\u00f6rt vermieden.<br><br>Von Putin wurde die ukrainische Insel Krim gewaltsam annektiert<br>und die europ\u00e4ische Union hatte keine Reaktion dagegen riskiert.<br>Vielleicht hatte Putin dieses \u201eStillhalten\u201c bereits schon einkalkuliert,<br>denn es gab das Risiko, dass man \u201ebillige Rohstoffe\u201c dann verliert.<br><br>L\u00e4sst man den Despoten Putin ungehindert weiter so gew\u00e4hren,<br>wird er mit dem Land der Ukraine sein russisches Reich vermehren.<br>Putin ist ein Kriegsverbrecher und muss f\u00fcr seine Taten vor Gericht,<br>denn solche brutalen Despoten, die braucht die Menschheit nicht.<br><br><strong>\u00a9<\/strong> Rainer Dambroth &#8211; 21.10.2022 &#8211; <strong><a href=\"https:\/\/www.overline-poetry.de\/\">www.overline-poetry.de<\/a><\/strong><br><br><em>Russland annektierte die ukrainische Halbinsel Krim im Fr\u00fchjahr 2014 nach einer bewaffneten Intervention der Streitkr\u00e4fte der Russischen F\u00f6deration.\u00a0<\/em><\/p>\n","protected":false},"excerpt":{"rendered":"<p>Wo ist denn Putins Tankwart, denn man h\u00f6rt und sieht ihn nicht?Hat der Schr\u00f6der Angst, er verliert wegen Putin noch sein Gesicht?Oder ist er bei seinem Freund Putin im Kreml bereits eingezogenund Restbedenken gegen\u00fcber dem Despoten Putin sind verflogen? Wo ist Putins Tankwart, der Altkanzler Schr\u00f6der, denn geblieben?Will er Deutschland von Russland aus manipulieren nach [&hellip;]<\/p>\n","protected":false},"author":1,"featured_media":0,"parent":0,"menu_order":0,"comment_status":"closed","ping_status":"closed","template":"","meta":{"footnotes":""},"class_list":["post-1009","page","type-page","status-publish","hentry"],"jetpack_sharing_enabled":true,"_links":{"self":[{"href":"https:\/\/overline-poetry.de\/index.php\/wp-json\/wp\/v2\/pages\/1009","targetHints":{"allow":["GET"]}}],"collection":[{"href":"https:\/\/overline-poetry.de\/index.php\/wp-json\/wp\/v2\/pages"}],"about":[{"href":"https:\/\/overline-poetry.de\/index.php\/wp-json\/wp\/v2\/types\/page"}],"author":[{"embeddable":true,"href":"https:\/\/overline-poetry.de\/index.php\/wp-json\/wp\/v2\/users\/1"}],"replies":[{"embeddable":true,"href":"https:\/\/overline-poetry.de\/index.php\/wp-json\/wp\/v2\/comments?post=1009"}],"version-history":[{"count":1,"href":"https:\/\/overline-poetry.de\/index.php\/wp-json\/wp\/v2\/pages\/1009\/revisions"}],"predecessor-version":[{"id":1013,"href":"https:\/\/overline-poetry.de\/index.php\/wp-json\/wp\/v2\/pages\/1009\/revisions\/1013"}],"wp:attachment":[{"href":"https:\/\/overline-poetry.de\/index.php\/wp-json\/wp\/v2\/media?parent=1009"}],"curies":[{"name":"wp","href":"https:\/\/api.w.org\/{rel}","templated":true}]}}