
{"id":1024,"date":"2022-07-27T16:24:00","date_gmt":"2022-07-27T16:24:00","guid":{"rendered":"https:\/\/overline-poetry.de\/?page_id=1024"},"modified":"2025-09-06T16:27:18","modified_gmt":"2025-09-06T16:27:18","slug":"der-braune-baum","status":"publish","type":"page","link":"https:\/\/overline-poetry.de\/index.php\/der-braune-baum\/","title":{"rendered":"Der braune Baum"},"content":{"rendered":"\n<p>Der braune Baum ist sehr morsch und in der hohlen Krone krank<br>und das Holz eignet sich weder zum Bauen noch f\u00fcr den Schrank.<br>Er will den \u201enotleidenden B\u00e4umen\u201c Schutz und Sicherheit spenden,<br>aber auch sie werden dann braun und als morsche B\u00e4ume enden.<br><br>Der braune Baum, so lehrt die Geschichte, erinnert an alte Zeiten,<br>als er zwischen braunen B\u00e4umen stand, konnte er Sorgen bereiten.<br>In fr\u00fcheren Zeiten fegte der Sturm durch sein noch frisches Ge\u00e4st,<br>doch morsch und bedeckt mit braunen Laub, steht er nicht so fest.<br><br>Die \u00c4ste und Zweige sind als F\u00fchrung f\u00fcr die Bl\u00e4tter dann der Halt,<br>sind braun geworden, wie auch bei anderen B\u00e4umen in dem Wald.<br>Auch die bunten Bl\u00e4tter an den braunen B\u00e4umen werden nicht alt,<br>denn an braunen \u00c4sten verf\u00e4rben auch die Bl\u00e4tter braun sehr bald.<br><br>Braune B\u00e4ume sieht man inmitten von anderen braunen B\u00e4umen,<br>weil sie dann gemeinsam von gro\u00dfen braunen W\u00e4ldern tr\u00e4umen.<br>In einem gesunden Mischwald zu stehen, das ist nicht &#8222;ihre Welt&#8220;,<br>denn nur die \u201ebraune Monokultur\u201c ist alles, was f\u00fcr sie dann z\u00e4hlt.<br><br>Werden den jungen B\u00e4umen schon aufgepfropft die braune Triebe,<br>weil den jungen B\u00e4umen fehlte die f\u00fcrsorgliche Pflege mit Liebe,<br>m\u00fcssen wir uns nicht \u00fcber braun werdendes Blattwerk entsetzen,<br>oder weil wir die rechte Richtungsgebung auch sehr untersch\u00e4tzen.<br><br>Der braune Baum in der Monokultur anf\u00e4llig f\u00fcr Holzwurmschaden,<br>aber nur im Mischwald ist man gesch\u00fctzt vor den Holzwurmmaden.<br>Bei einem Fl\u00e4chenbrand ist der braune Wald nicht zu kontrollieren<br>und bei dem Brand werden nicht nur die braunen B\u00e4ume verlieren.<br><br>Besonders im Osten die st\u00e4rker wachsenden \u201ebraunen Kulturen\u201c,<br>als ein Zeichen der im Osten zu lange gepflegten Monokulturen.<br>Im eingez\u00e4unten Bereich konnten sie als Monokultur nur existieren,<br>weil sie bei der \u201erussischen Kulturenpflege\u201c konnten nicht verlieren.<br><br>Alte B\u00e4ume einer Monokultur lassen sich sehr schlecht verpflanzen,<br>weil sie sich gerne im Schutze der Monokulturen dann verschanzen.<br>Sie lassen sich von dem Wind von der rechten Seite gut umwehen,<br>aber sie nicht immer das Ziel der rechten Forstwirtschaft verstehen.<br><br><strong>\u00a9<\/strong> Rainer Dambroth &#8211; 27.07.2022 &#8211; <strong><a href=\"http:\/\/www.overline-poetry.de\/\">www.overline-poetry.de<\/a><\/strong><br><br><strong>Der Vergleich mit lebenden oder toten Personen ist rein zuf\u00e4llig und nicht beabsichtigt!<\/strong> \ud83d\ude09<\/p>\n","protected":false},"excerpt":{"rendered":"<p>Der braune Baum ist sehr morsch und in der hohlen Krone krankund das Holz eignet sich weder zum Bauen noch f\u00fcr den Schrank.Er will den \u201enotleidenden B\u00e4umen\u201c Schutz und Sicherheit spenden,aber auch sie werden dann braun und als morsche B\u00e4ume enden. Der braune Baum, so lehrt die Geschichte, erinnert an alte Zeiten,als er zwischen braunen [&hellip;]<\/p>\n","protected":false},"author":1,"featured_media":0,"parent":0,"menu_order":0,"comment_status":"closed","ping_status":"closed","template":"","meta":{"footnotes":""},"class_list":["post-1024","page","type-page","status-publish","hentry"],"jetpack_sharing_enabled":true,"_links":{"self":[{"href":"https:\/\/overline-poetry.de\/index.php\/wp-json\/wp\/v2\/pages\/1024","targetHints":{"allow":["GET"]}}],"collection":[{"href":"https:\/\/overline-poetry.de\/index.php\/wp-json\/wp\/v2\/pages"}],"about":[{"href":"https:\/\/overline-poetry.de\/index.php\/wp-json\/wp\/v2\/types\/page"}],"author":[{"embeddable":true,"href":"https:\/\/overline-poetry.de\/index.php\/wp-json\/wp\/v2\/users\/1"}],"replies":[{"embeddable":true,"href":"https:\/\/overline-poetry.de\/index.php\/wp-json\/wp\/v2\/comments?post=1024"}],"version-history":[{"count":1,"href":"https:\/\/overline-poetry.de\/index.php\/wp-json\/wp\/v2\/pages\/1024\/revisions"}],"predecessor-version":[{"id":1028,"href":"https:\/\/overline-poetry.de\/index.php\/wp-json\/wp\/v2\/pages\/1024\/revisions\/1028"}],"wp:attachment":[{"href":"https:\/\/overline-poetry.de\/index.php\/wp-json\/wp\/v2\/media?parent=1024"}],"curies":[{"name":"wp","href":"https:\/\/api.w.org\/{rel}","templated":true}]}}