
{"id":104,"date":"2024-09-23T09:49:00","date_gmt":"2024-09-23T09:49:00","guid":{"rendered":"https:\/\/overline-poetry.de\/?page_id=104"},"modified":"2025-01-31T14:02:14","modified_gmt":"2025-01-31T14:02:14","slug":"afd-waehler-sagt-spaeter-nicht-dieses-hat-man-so-doch-nicht-vorhersehen-koennen","status":"publish","type":"page","link":"https:\/\/overline-poetry.de\/index.php\/afd-waehler-sagt-spaeter-nicht-dieses-hat-man-so-doch-nicht-vorhersehen-koennen\/","title":{"rendered":"AfD-W\u00e4hler, sagt sp\u00e4ter nicht: \u201eDieses hat man so doch nicht vorhersehen k\u00f6nnen\u201c!"},"content":{"rendered":"\n<p><strong>AFD<\/strong>-W\u00e4hler, sagt sp\u00e4ter nicht: \u201eDas habe man so doch nicht geahnt\u201c,<br>aber ihr kennt die deutsche Geschichte und solltet dadurch ermahnt.<br>\u201eDas Blaue vom Himmel\u201c wird den interessierten W\u00e4hlern zugesagt,<br>aber die M\u00f6glichkeiten einer Erf\u00fcllung, bei der <strong>AFD<\/strong> nicht hinterfragt.<br>Wenn die <strong>AFD<\/strong> erst die \u00dcbermacht in Bundesl\u00e4ndern \u00fcbernommen,<br>dann werden sie bald als Regierung in der Bundespolitik ankommen.<br><br>Die <strong>AFD<\/strong> wird bestrebt, demokratische Strukturen zu unterminieren<br>und dadurch wird unsere Rechtsstaatlichkeit \u201ean Boden verlieren\u201c.<br>Unsere Demokratie mit der \u201egrenzenlosen\u201c Freiheit wird dann enden,<br>weil man zur Autokratie, nach russischem Vorbild, wird sich wenden.<br>Auch eine europ\u00e4ische Union wird es mit der <strong>AFD<\/strong> nicht mehr geben,<br>weil die B\u00fcrger in einem nationalen Reich unter einem F\u00fchrer leben.<br><br>Junge Menschen wollen doch die Freiheit einer offenen Welt erleben,<br>aber diese \u201egrenzenlose\u201c Freiheit wird es mit einer <strong>AFD<\/strong> nicht geben.<br>Es wird dann ein nationales Reich mit festen Grenzen ausgestaltet<br>und wieder ein \u201eF\u00fchrer\u201c die Menschen in Ostdeutschland verwaltet.<br>Einen eingez\u00e4unten Bereich, das den Menschen wohl noch bekannt,<br>nur da wurde es \u201eDie Mauer zum Schutze der DDR-B\u00fcrger\u201c genannt.<br><br>Ich habe auch auch mit einem gro\u00dfen Unverst\u00e4ndnis vernommen,<br>das Ausl\u00e4nder sehen sich als Mitglieder in der <strong>AFD<\/strong> \u201ewillkommen\u201c.<br>Glauben sie etwa, als <strong>AFD<\/strong>-Mitglied k\u00f6nnen sie den Hass \u00fcberstehen?<br>Wenn v\u00f6lkisch aussortiert, m\u00fcssen sie, weil nicht arisch, dann gehen.<br>Das Sprichwort: \u201eNur die d\u00fcmmsten K\u00e4lber ihre Schl\u00e4chter w\u00e4hlen&#8220;<br>und nur &#8222;dummes Stimmvieh\u201c wird auf die \u201e<strong>AFD<\/strong>-Schl\u00e4chter\u201c z\u00e4hlen.<br><br><strong>\u00a9 Rainer Dambroth &#8211; 23.09.2024 &#8211; <a href=\"http:\/\/www.overline-poetry.de\/\">www.overline-poetry.de<\/a><\/strong><br><br><strong><a href=\"https:\/\/overline-poetry.de\/wp-admin\/post.php?post=43&amp;action=edit\">L\u00fcgenpresse<\/a><\/strong><br><strong><a href=\"https:\/\/overline-poetry.de\/wp-admin\/post.php?post=38&amp;action=edit\">Die rechten Stimmungsmacher<\/a><\/strong><br><strong><a href=\"https:\/\/overline-poetry.de\/wp-admin\/post.php?post=41&amp;action=edit\">Die AFD will mit Macht in die Vergangenheit!<\/a><\/strong><\/p>\n","protected":false},"excerpt":{"rendered":"<p>AFD-W\u00e4hler, sagt sp\u00e4ter nicht: \u201eDas habe man so doch nicht geahnt\u201c,aber ihr kennt die deutsche Geschichte und solltet dadurch ermahnt.\u201eDas Blaue vom Himmel\u201c wird den interessierten W\u00e4hlern zugesagt,aber die M\u00f6glichkeiten einer Erf\u00fcllung, bei der AFD nicht hinterfragt.Wenn die AFD erst die \u00dcbermacht in Bundesl\u00e4ndern \u00fcbernommen,dann werden sie bald als Regierung in der Bundespolitik ankommen. Die [&hellip;]<\/p>\n","protected":false},"author":1,"featured_media":0,"parent":0,"menu_order":0,"comment_status":"closed","ping_status":"closed","template":"","meta":{"footnotes":""},"class_list":["post-104","page","type-page","status-publish","hentry"],"jetpack_sharing_enabled":true,"_links":{"self":[{"href":"https:\/\/overline-poetry.de\/index.php\/wp-json\/wp\/v2\/pages\/104","targetHints":{"allow":["GET"]}}],"collection":[{"href":"https:\/\/overline-poetry.de\/index.php\/wp-json\/wp\/v2\/pages"}],"about":[{"href":"https:\/\/overline-poetry.de\/index.php\/wp-json\/wp\/v2\/types\/page"}],"author":[{"embeddable":true,"href":"https:\/\/overline-poetry.de\/index.php\/wp-json\/wp\/v2\/users\/1"}],"replies":[{"embeddable":true,"href":"https:\/\/overline-poetry.de\/index.php\/wp-json\/wp\/v2\/comments?post=104"}],"version-history":[{"count":5,"href":"https:\/\/overline-poetry.de\/index.php\/wp-json\/wp\/v2\/pages\/104\/revisions"}],"predecessor-version":[{"id":368,"href":"https:\/\/overline-poetry.de\/index.php\/wp-json\/wp\/v2\/pages\/104\/revisions\/368"}],"wp:attachment":[{"href":"https:\/\/overline-poetry.de\/index.php\/wp-json\/wp\/v2\/media?parent=104"}],"curies":[{"name":"wp","href":"https:\/\/api.w.org\/{rel}","templated":true}]}}