
{"id":1049,"date":"2016-10-23T13:24:00","date_gmt":"2016-10-23T13:24:00","guid":{"rendered":"https:\/\/overline-poetry.de\/?page_id=1049"},"modified":"2025-09-07T13:30:25","modified_gmt":"2025-09-07T13:30:25","slug":"die-moderne-landwirtschaft","status":"publish","type":"page","link":"https:\/\/overline-poetry.de\/index.php\/die-moderne-landwirtschaft\/","title":{"rendered":"Die moderne Landwirtschaft"},"content":{"rendered":"\n<p>Man h\u00f6rt es st\u00e4ndig und immer wieder<br>von den Landwirten diese Klagelieder.<br>Die Ernte karg und die Preise so schlecht<br>ihr m\u00fcsst uns st\u00fctzen, das w\u00e4re wohl recht.<br>Wir Landwirte m\u00fcssen immer investieren,<br>um &#8222;Hof und Acker&#8220; nicht zu verlieren.<br>Wir &#8222;ackern&#8220; gegen den Hunger der Welt,<br>daf\u00fcr brauchen wir das viele Steuergeld.<br>Wir brauchen viel Geld in diesem Fall,<br>wir bauen einen gro\u00dfen, einen Mega-Stall.<br>Oben auf dem Dach, das ist doch klar,<br>kommt fl\u00e4chendeckend eine Anlage mit Solar.<br>Auf dem Acker kommt dann ganz geschwind,<br>eine Erzeugung von Strom mit dem Wind.<br>Mais auf dem Acker dient nicht der Ern\u00e4hrung,<br>der dient zum St\u00e4rken der eigenen W\u00e4hrung.<br>F\u00fcr die Biogasanlage zur Erzeugung von Energie,<br>daf\u00fcr brauchen wir Mais und die G\u00fclle vom Vieh.<br>\u00dcbersch\u00fcssige Tiere aus der Massenproduktion,<br>ich bin mir ganz sicher und ihr ahnt es schon,<br>gehen in den Export mit Steuergeldern finanziert,<br>damit der deutsche Landwirt kein Geld verliert.<br>Die Tiere auf der endlos langen Fahrt gequ\u00e4lt,<br>denn hier geht es nur um den Profit, der z\u00e4hlt.<br>Keiner die vorgeschriebenen Pausen kontrolliert,<br>auch nicht, wenn ein Tier sein Leben verliert.<br>Als Marktbereinigung wird es dann deklariert,<br>damit der deutsche Landwirt kein Geld verliert.<br>Das alles wird bezahlt mit unseren Steuern,<br>und indirekt sich die Preise damit verteuern.<br>Der Landwirt in der dritten Welt verliert,<br>denn sein Stall wird nicht subventioniert.<br>Die heutige Landwirtschaft ist im Wandel, <br>die Produkte m\u00fcssen billig in den Handel.<br>Milch und Butter m\u00fcssen billig sein,<br>billig auch Fleisch von Kuh und Schwein.<br>H\u00e4hnchen und Ente werden gequ\u00e4lt,<br>f\u00fcr den schnellen Profit, der hier nur z\u00e4hlt.<br>Pute und Gans werden zwangsern\u00e4hrt,<br>f\u00fcr ein kurzen Leben, was man gew\u00e4hrt.<br>Die Verbraucher kaufen Preisorientiert,<br>dreimal darfst du raten, wer dabei verliert.<br>Gequ\u00e4lt und ausgebeutet wird das Tier,<br>und der damit bezahlte Luxus vor der T\u00fcr.<br><br>\u00a9 Rainer Dambroth &#8211; 23.10.2016 &#8211; <strong><a href=\"https:\/\/www.overline-poetry.de\">www.overline-poetry.de<\/a><\/strong><\/p>\n","protected":false},"excerpt":{"rendered":"<p>Man h\u00f6rt es st\u00e4ndig und immer wiedervon den Landwirten diese Klagelieder.Die Ernte karg und die Preise so schlechtihr m\u00fcsst uns st\u00fctzen, das w\u00e4re wohl recht.Wir Landwirte m\u00fcssen immer investieren,um &#8222;Hof und Acker&#8220; nicht zu verlieren.Wir &#8222;ackern&#8220; gegen den Hunger der Welt,daf\u00fcr brauchen wir das viele Steuergeld.Wir brauchen viel Geld in diesem Fall,wir bauen einen gro\u00dfen, [&hellip;]<\/p>\n","protected":false},"author":1,"featured_media":0,"parent":0,"menu_order":0,"comment_status":"closed","ping_status":"closed","template":"","meta":{"footnotes":""},"class_list":["post-1049","page","type-page","status-publish","hentry"],"jetpack_sharing_enabled":true,"_links":{"self":[{"href":"https:\/\/overline-poetry.de\/index.php\/wp-json\/wp\/v2\/pages\/1049","targetHints":{"allow":["GET"]}}],"collection":[{"href":"https:\/\/overline-poetry.de\/index.php\/wp-json\/wp\/v2\/pages"}],"about":[{"href":"https:\/\/overline-poetry.de\/index.php\/wp-json\/wp\/v2\/types\/page"}],"author":[{"embeddable":true,"href":"https:\/\/overline-poetry.de\/index.php\/wp-json\/wp\/v2\/users\/1"}],"replies":[{"embeddable":true,"href":"https:\/\/overline-poetry.de\/index.php\/wp-json\/wp\/v2\/comments?post=1049"}],"version-history":[{"count":1,"href":"https:\/\/overline-poetry.de\/index.php\/wp-json\/wp\/v2\/pages\/1049\/revisions"}],"predecessor-version":[{"id":1053,"href":"https:\/\/overline-poetry.de\/index.php\/wp-json\/wp\/v2\/pages\/1049\/revisions\/1053"}],"wp:attachment":[{"href":"https:\/\/overline-poetry.de\/index.php\/wp-json\/wp\/v2\/media?parent=1049"}],"curies":[{"name":"wp","href":"https:\/\/api.w.org\/{rel}","templated":true}]}}