
{"id":1063,"date":"2022-12-18T14:28:00","date_gmt":"2022-12-18T14:28:00","guid":{"rendered":"https:\/\/overline-poetry.de\/?page_id=1063"},"modified":"2025-09-07T14:35:28","modified_gmt":"2025-09-07T14:35:28","slug":"das-fitness-und-sauna-paradies-die-bremer-oase-muss-zum-31-12-2022-schliessen","status":"publish","type":"page","link":"https:\/\/overline-poetry.de\/index.php\/das-fitness-und-sauna-paradies-die-bremer-oase-muss-zum-31-12-2022-schliessen\/","title":{"rendered":"Das Fitness und Sauna Paradies, die Bremer Oase, muss zum 31.12.2022 schlie\u00dfen!"},"content":{"rendered":"\n<p>Die Bremer Oase wird zum Ende des Jahres endg\u00fcltig geschlossen<br>und das macht die aktiven Fitness- und Saunabesucher verdrossen.<br>Man h\u00e4tte doch die Blumen gepflanzt f\u00fcr den \u201eEr\u00f6ffnungsmoment\u201c.<br>Nanu, habe ich etwas \u00fcberlesen oder doch eine Nachricht verpennt?<br><br>Hier sollte der Betreiber bem\u00fcht, dass in Medien dieses aufgekl\u00e4rt,<br>so dass man als Medien-Leser, diese Neuigkeit rechtzeitig erf\u00e4hrt.<br>Man h\u00e4tte zum Jahresende kurzfristig den Mietvertrag gek\u00fcndigt,<br>aber die Frage bleibt: \u201eWomit hatte der Betreiber sich vers\u00fcndigt?\u201c<br><br>Ein Betreibervertrag, mit einer derartigen \u201ekurzen K\u00fcndigungsfrist\u201c,<br>ist schon eine \u201emerkw\u00fcrdige\u201c Sache und ich sage es so, wie es ist.<br>Eine derartige Immobilie mit einer hohen Energieverbrauchsmenge,<br>kommt wirtschaftlich kalkuliert, sehr schnell in finanzielle Zw\u00e4nge.<br><br>Es gibt Vertr\u00e4ge, die einst mit der Stadt Bremen wurden gemacht<br>und hier war ein Freizeitangebot f\u00fcr die Bremer B\u00fcrger angedacht.<br>Der Investor vom Weserpark musste sich verbindlich verpflichten,<br>im Gegenzug f\u00fcr den Weserpark, ein Freizeitangebot einzurichten.<br><br>Die Bremer Verwaltung war mit einer Deligation zum Betreiber hin,<br>aber da dieses Privat w\u00e4re, macht eine Unterst\u00fctzung keinen Sinn.<br>Welche Logik hat sich da entwickelt, dass man nicht vermitteln will,<br>dabei war eine \u201eVermittlerrolle\u201c f\u00fcr den Weiterbetrieb doch das Ziel?<br><br>Rechtzeitig die Politik und als Druckmittel die Medien eingebunden,<br>dann h\u00e4tte man einen L\u00f6sungsweg f\u00fcr den Weiterbetrieb gefunden!<br>Gemeint ist die gesamte Politik, nicht nur die \u201ealte Bestandspolitik\u201c,<br>denn hier vermisse ich so manches Mal, die Strategie und Geschick.<br><br>Schade, denn wieder ist ein \u201eHighlight\u201c in Bremen verschwunden,<br>wo wir sehr gerne verbracht haben, so manche sch\u00f6nen Stunden.<br>Besucht haben wir diese Einrichtung seit weit \u00fcber drei\u00dfig Jahren,<br>aber es scheint, die Stadt Bremen r\u00fcstet ab, wie man so erfahren.<br><br>\u00a9 Rainer Dambroth &#8211; 18.12.2022 &#8211; <a href=\"https:\/\/www.overline-poetry.de\/\"><strong>www.overline-poetry.de<\/strong><\/a><\/p>\n\n\n\n<p><strong>29.11.2024 &#8211;<\/strong> <strong>Die Hoffnung stirbt zwar zuletzt<\/strong>, <strong>aber nun die Hiobsbotschaft:<\/strong><br><strong>Die Oase schlie\u00dft f\u00fcr immer und wird endg\u00fcltig abgerissen<\/strong>!<\/p>\n","protected":false},"excerpt":{"rendered":"<p>Die Bremer Oase wird zum Ende des Jahres endg\u00fcltig geschlossenund das macht die aktiven Fitness- und Saunabesucher verdrossen.Man h\u00e4tte doch die Blumen gepflanzt f\u00fcr den \u201eEr\u00f6ffnungsmoment\u201c.Nanu, habe ich etwas \u00fcberlesen oder doch eine Nachricht verpennt? Hier sollte der Betreiber bem\u00fcht, dass in Medien dieses aufgekl\u00e4rt,so dass man als Medien-Leser, diese Neuigkeit rechtzeitig erf\u00e4hrt.Man h\u00e4tte zum [&hellip;]<\/p>\n","protected":false},"author":1,"featured_media":0,"parent":0,"menu_order":0,"comment_status":"closed","ping_status":"closed","template":"","meta":{"footnotes":""},"class_list":["post-1063","page","type-page","status-publish","hentry"],"jetpack_sharing_enabled":true,"_links":{"self":[{"href":"https:\/\/overline-poetry.de\/index.php\/wp-json\/wp\/v2\/pages\/1063","targetHints":{"allow":["GET"]}}],"collection":[{"href":"https:\/\/overline-poetry.de\/index.php\/wp-json\/wp\/v2\/pages"}],"about":[{"href":"https:\/\/overline-poetry.de\/index.php\/wp-json\/wp\/v2\/types\/page"}],"author":[{"embeddable":true,"href":"https:\/\/overline-poetry.de\/index.php\/wp-json\/wp\/v2\/users\/1"}],"replies":[{"embeddable":true,"href":"https:\/\/overline-poetry.de\/index.php\/wp-json\/wp\/v2\/comments?post=1063"}],"version-history":[{"count":1,"href":"https:\/\/overline-poetry.de\/index.php\/wp-json\/wp\/v2\/pages\/1063\/revisions"}],"predecessor-version":[{"id":1067,"href":"https:\/\/overline-poetry.de\/index.php\/wp-json\/wp\/v2\/pages\/1063\/revisions\/1067"}],"wp:attachment":[{"href":"https:\/\/overline-poetry.de\/index.php\/wp-json\/wp\/v2\/media?parent=1063"}],"curies":[{"name":"wp","href":"https:\/\/api.w.org\/{rel}","templated":true}]}}