
{"id":1070,"date":"2021-05-15T05:48:00","date_gmt":"2021-05-15T05:48:00","guid":{"rendered":"https:\/\/overline-poetry.de\/?page_id=1070"},"modified":"2025-09-08T05:51:46","modified_gmt":"2025-09-08T05:51:46","slug":"ich-armes-schwein","status":"publish","type":"page","link":"https:\/\/overline-poetry.de\/index.php\/ich-armes-schwein\/","title":{"rendered":"Ich armes Schwein"},"content":{"rendered":"\n<p>Warum kam ich nur auf diese Welt als ein armes Schwein<br>und darf nicht wie ein Hund auch an deiner Seite sein?<br>Wir sind &#8222;Nutztiere&#8220;, die nur zu einem Zwecke d\u00fcrfen leben,<br>damit wir den Menschen billig Milch und Fleisch geben.<br><br>Werde ich geboren, sind meine Lebenstage schon gez\u00e4hlt,<br>weil ihr mich, mein Fleisch, zu eurem Essen habt auserw\u00e4hlt.<br>So muss leben mit anderen todgeweihten Leidensgenossen,<br>bis unsere sehr kurz geplante Lebenszeit ist dahin verflossen.<br><br>Unser Leben m\u00fcssen verbringen wir auf harten Betonspalten<br>und wir k\u00f6nnen unsere Lebensgrundbed\u00fcrnisse nicht entfalten.<br>Was w\u00fcrde passieren, wenn man die Menschen w\u00fcrde zwingen<br>ihr ganzen Leben im Gestank von ihren F\u00e4kalien zu verbringen.<br><br>Ich werde das Tageslicht und die Sonne erst scheinen sehen,<br>wenn es zu meiner Hinrichtung, der Schlachtung, wird gehen.<br>Zum Schlachthof werden wir auf den Viehtransporter getrieben,<br>wie gerne w\u00e4ren wir heute in dem stinkenden Stall geblieben.<br><br>Ist jemand schmutzig, so nennt man ihn h\u00e4misch ein Schwein.<br>Dabei sind wir, mit Stroh und mehr Platz, von Natur aus rein.<br>Wir lieben es im Stroh zu liegen und darin herum zu w\u00fchlen,<br>um uns dabei, wie ein richtiges Schwein, &#8222;sauwohl&#8220; zu f\u00fchlen.<br><br>Wir Schweine verbringen unsere Tage in einem engen Stall<br>aber nicht mit zu viel Bewegung und das auf gar keinen Fall.<br>Sonst verlieren wir ein bisschen von unserem Schlachtgewicht<br>und das will der gewinnorientierte Massentierfabrikant nicht.<br><br>Wir Schweine sind nicht, wie es manche glauben, sehr dumm<br>und wir fragen uns, warum geht der Mensch mit uns so um.<br>Gewaltsam werden wir in die Bet\u00e4ubungsgondel geschickt,<br>wo wir mit Co2-Gas werden dann sehr qualvoll erstickt.<br><br>Tausende Schweine werden hier t\u00e4glich &#8222;umgebracht&#8220;<br>und get\u00f6tet wird im Flie\u00dfbandakkord, der hier gemacht.<br>Schreie, Schl\u00e4ge, Tritte und der Geruch von G\u00fclle und Blut.<br>Wer hier arbeitet muss, der handelt bestimmt nicht gut.<br><br>In der Schlachtfabrik riecht es streng nach Angst und Blut,<br>denn was kommt, tut uns Schweinen &#8222;am Ende&#8220; nicht gut.<br>Die Menschen m\u00fcssen hier arbeiten im stupiden Akkord<br>und was passieren kann, das nenne ich geplanter Mord.<br><br>Manches Schwein die Bet\u00e4ubung und Entblutung \u00fcberlebt,<br>dann bei vollem Bewusstsein in das heisse Br\u00fchbad hebt.<br>Diese Schweine werden im Jargon &#8222;Matrosen&#8220; genannt,<br>dass passiert, wenn es keine \u00dcberwachung gibt &#8222;am Band&#8220;.<br><br>So etwas darf auch in einer Schlachtfabrik nicht passieren,<br>und da sollte der Betreiber doch lieber Geld investieren.<br>Da dieser doch lieber sein Geld vermehrt und auch z\u00e4hlt,<br>werden die Tiere auch weiterhin bis in den Tod gequ\u00e4lt.<br><br>Wenn wir schon f\u00fcr euch auf den Teller enden werden,<br>dann gebt uns doch ein gl\u00fcckliches Leben hier auf Erden.<br>Und nicht, das wir nur im engen Stall dahin vegetieren,<br>damit wir uns nicht viel bewegen und Gewicht verlieren.<br><br><strong>\u00a9<\/strong> Rainer Dambroth &#8211; 15.05.2021 &#8211; <strong><a href=\"https:\/\/www.overline-poetry.de\/\">www.overline-poetry.de<\/a><\/strong><br><\/p>\n\n\n\n<p><\/p>\n","protected":false},"excerpt":{"rendered":"<p>Warum kam ich nur auf diese Welt als ein armes Schweinund darf nicht wie ein Hund auch an deiner Seite sein?Wir sind &#8222;Nutztiere&#8220;, die nur zu einem Zwecke d\u00fcrfen leben,damit wir den Menschen billig Milch und Fleisch geben. Werde ich geboren, sind meine Lebenstage schon gez\u00e4hlt,weil ihr mich, mein Fleisch, zu eurem Essen habt auserw\u00e4hlt.So [&hellip;]<\/p>\n","protected":false},"author":1,"featured_media":0,"parent":0,"menu_order":0,"comment_status":"closed","ping_status":"closed","template":"","meta":{"footnotes":""},"class_list":["post-1070","page","type-page","status-publish","hentry"],"jetpack_sharing_enabled":true,"_links":{"self":[{"href":"https:\/\/overline-poetry.de\/index.php\/wp-json\/wp\/v2\/pages\/1070","targetHints":{"allow":["GET"]}}],"collection":[{"href":"https:\/\/overline-poetry.de\/index.php\/wp-json\/wp\/v2\/pages"}],"about":[{"href":"https:\/\/overline-poetry.de\/index.php\/wp-json\/wp\/v2\/types\/page"}],"author":[{"embeddable":true,"href":"https:\/\/overline-poetry.de\/index.php\/wp-json\/wp\/v2\/users\/1"}],"replies":[{"embeddable":true,"href":"https:\/\/overline-poetry.de\/index.php\/wp-json\/wp\/v2\/comments?post=1070"}],"version-history":[{"count":1,"href":"https:\/\/overline-poetry.de\/index.php\/wp-json\/wp\/v2\/pages\/1070\/revisions"}],"predecessor-version":[{"id":1074,"href":"https:\/\/overline-poetry.de\/index.php\/wp-json\/wp\/v2\/pages\/1070\/revisions\/1074"}],"wp:attachment":[{"href":"https:\/\/overline-poetry.de\/index.php\/wp-json\/wp\/v2\/media?parent=1070"}],"curies":[{"name":"wp","href":"https:\/\/api.w.org\/{rel}","templated":true}]}}