
{"id":1079,"date":"2023-10-01T08:48:00","date_gmt":"2023-10-01T08:48:00","guid":{"rendered":"https:\/\/overline-poetry.de\/?page_id=1079"},"modified":"2025-09-08T09:01:14","modified_gmt":"2025-09-08T09:01:14","slug":"massenschlachtfabriken","status":"publish","type":"page","link":"https:\/\/overline-poetry.de\/index.php\/massenschlachtfabriken\/","title":{"rendered":"Massenschlachtfabriken"},"content":{"rendered":"\n<p>H\u00f6rst man die Tiere \u00e4ngstlich schreien, br\u00fcllen oder quieken,<br>dann bist du in einer dieser elenden <strong>Massenschlachtfabriken<\/strong>.<br>Kein Tier hat verdient, bis zu seinem Tod misshandelt zu werden,<br>wie in diesen elenden <strong>Massenschlachtfabriken<\/strong> hier auf Erden.<br><br>Tausende Tiere in <strong>Massenschlachtfabriken<\/strong> zu Tode gequ\u00e4lt,<br>hier nicht das einzelne Tier, sondern die Gesamtst\u00fcckzahl z\u00e4hlt.<br>Darum fehlt in den <strong>Massenschlachtfabriken<\/strong> stets die Zeit,<br>wenn Tiere nicht f\u00fcr den Tod durch das Schlachtmesser bereit.<br><br>Tausende Schweine in <strong>Massenschlachtfabriken<\/strong> umgebracht.<br>Get\u00f6tet wird t\u00e4glich im \u201eFlie\u00dfbandakkord\u201c, der hier gemacht.<br>Schl\u00e4ge, Tritte, Schreie und der Geruch von Urin, Kot und Blut.<br>Wer in <strong>Massenschlachtfabriken<\/strong> arbeitet, handelt nicht gut.<br><br>Das Tier, das sich weigern, sich in blutige Gefahr zu begeben,<br>weil es sp\u00fcrt den Tod und das Ende von seinem kurzen Leben,<br>wird gewaltsam in den Co2-Bet\u00e4ubungs-Paternoster gedr\u00e4ngt,<br>bevor man es bet\u00e4ubt und entblutet dann an den Haken h\u00e4ngt.<br><br>In <strong>Massenschlachtfabriken<\/strong> die Bet\u00e4ubung nicht kontrolliert<br>und dann das \u201eunbet\u00e4ubte\u201c Schwein nat\u00fcrlich dabei \u201everliert\u201c.<br>Wenn das Schwein das \u201eCo2-Bad\u201c und Todesstich hat \u00fcberlebt,<br>dann man es bei vollem Bewusstsein ins hei\u00dfe Br\u00fchbad hebt.<br><br>Hier die Schweine dann \u201equalvoll\u201c im hei\u00dfen Wasser ertrinken,<br>bevor sie dann werden weiterverarbeitet zu Wurst und Schinken.<br>Am Haken h\u00e4ngend sieht man nicht ihre durchmachten Leiden,<br>wenn K\u00e4ufer dieses w\u00fcssten, w\u00fcrden sie den Fleischkauf meiden.<br><br>\u00dcbersch\u00fcssige Milchk\u00e4lber werden in die Schlachtung getrieben,<br>weil die Menschen viel Milch trinken und das Kalbsfleisch lieben.<br>K\u00e4lber, die man nicht in <strong>Massenschlachtfabriken<\/strong> \u201everwendet\u201c,<br>nach endloser Fahrt dann ihr Leben in Nicht-EU-L\u00e4ndern beendet.<br><br>Die Fleischesser sollten ihren \u00fcberm\u00e4\u00dfigen Konsum \u00fcberdenken,<br>mit Anspruch \u201eweniger ist mehr\u201c in \u201egeordnete Bahnen\u201c lenken.<br>Wenn sie weiter mit dem Anspruch \u201eviel und billig\u201c konsumieren,<br>werden Tiere in den <strong>Massenschlachtfabriken<\/strong> dabei verlieren.<br><br><strong>\u00a9<\/strong> Rainer Dambroth &#8211; 01.10.2023 &#8211; <strong><a href=\"http:\/\/www.overline-poetry.de\/\">www.overline-poetry.de<\/a><\/strong><\/p>\n","protected":false},"excerpt":{"rendered":"<p>H\u00f6rst man die Tiere \u00e4ngstlich schreien, br\u00fcllen oder quieken,dann bist du in einer dieser elenden Massenschlachtfabriken.Kein Tier hat verdient, bis zu seinem Tod misshandelt zu werden,wie in diesen elenden Massenschlachtfabriken hier auf Erden. Tausende Tiere in Massenschlachtfabriken zu Tode gequ\u00e4lt,hier nicht das einzelne Tier, sondern die Gesamtst\u00fcckzahl z\u00e4hlt.Darum fehlt in den Massenschlachtfabriken stets die Zeit,wenn [&hellip;]<\/p>\n","protected":false},"author":1,"featured_media":0,"parent":0,"menu_order":0,"comment_status":"closed","ping_status":"closed","template":"","meta":{"footnotes":""},"class_list":["post-1079","page","type-page","status-publish","hentry"],"jetpack_sharing_enabled":true,"_links":{"self":[{"href":"https:\/\/overline-poetry.de\/index.php\/wp-json\/wp\/v2\/pages\/1079","targetHints":{"allow":["GET"]}}],"collection":[{"href":"https:\/\/overline-poetry.de\/index.php\/wp-json\/wp\/v2\/pages"}],"about":[{"href":"https:\/\/overline-poetry.de\/index.php\/wp-json\/wp\/v2\/types\/page"}],"author":[{"embeddable":true,"href":"https:\/\/overline-poetry.de\/index.php\/wp-json\/wp\/v2\/users\/1"}],"replies":[{"embeddable":true,"href":"https:\/\/overline-poetry.de\/index.php\/wp-json\/wp\/v2\/comments?post=1079"}],"version-history":[{"count":2,"href":"https:\/\/overline-poetry.de\/index.php\/wp-json\/wp\/v2\/pages\/1079\/revisions"}],"predecessor-version":[{"id":1087,"href":"https:\/\/overline-poetry.de\/index.php\/wp-json\/wp\/v2\/pages\/1079\/revisions\/1087"}],"wp:attachment":[{"href":"https:\/\/overline-poetry.de\/index.php\/wp-json\/wp\/v2\/media?parent=1079"}],"curies":[{"name":"wp","href":"https:\/\/api.w.org\/{rel}","templated":true}]}}