
{"id":1095,"date":"2024-01-21T14:45:00","date_gmt":"2024-01-21T14:45:00","guid":{"rendered":"https:\/\/overline-poetry.de\/?page_id=1095"},"modified":"2025-09-08T14:50:48","modified_gmt":"2025-09-08T14:50:48","slug":"kaelber-die-verlierer-bei-der-milchproduktion","status":"publish","type":"page","link":"https:\/\/overline-poetry.de\/index.php\/kaelber-die-verlierer-bei-der-milchproduktion\/","title":{"rendered":"K\u00e4lber, die Verlierer bei der Milchproduktion"},"content":{"rendered":"\n<p>K\u00e4lber \u201ezwangsgeborener\u201c Ausschuss bei der Milchproduktion,<br>denn ohne Geburt eines Kalbes gibt es keine Milch dann schon.<br>Meistens nach der Geburt das Kalb von der Mutterkuh entfernt,<br>damit das Kalb die \u201eMutterliebe\u201c erst gar nicht kennen gelernt.<br><br>Man redet sich ein, dass die K\u00fche schnell \u201eihr Baby\u201c vergessen,<br>aber die Realit\u00e4t, die Milchwirte verfolgen andere Interessen.<br>Warum ruft wohl denn tagelang nach ihrem Kalb die Mutterkuh<br>und kommt auch noch viele Tage nach der Geburt nicht zur Ruh&#8216;.<br><br>Die Milch von der Mutterkuh ist doch nur f\u00fcr ihr Kalb bestimmt,<br>aber der Milchwirt diese f\u00fcr den Verkauf dem Kalb wegnimmt.<br>K\u00e4lber bekommen Aufzugmilch im Eimer mit dem Sauger dran<br>und m\u00fcssen aus dem Eimer saufen als Mutterkuhersatz dann.<br><br>Sind es Kuhk\u00e4lber dann wird man sie als Milchk\u00fche verwenden,<br>als Bullenk\u00e4lber gem\u00e4stet und im Lebendtierexport dann enden.<br>Lange Strecken bei Extremhitze und eisiger K\u00e4lte, welche Qual,<br>dann ohne Bet\u00e4ubung gesch\u00e4chtet nach dem islamischen Ritual.<br><br>Die Lebendexporte werden zur Marktbereinigung subventioniert,<br>damit der Landwirt, der so die Tiere entsorgt, kein Geld verliert.<br>Immer getreu nach dem Motto: \u201eAus den Augen, aus dem Sinn\u201c<br>und die Lebendtierexporteure verbuchen f\u00fcr sich noch Gewinn.<br><br>Die Milchkuh mit Kraftfutter auf hohe Milchleistung getrimmt<br>und nach zu kurzer Lebenszeit den Weg zum Schlachter nimmt.<br>Oder Sie auch als Lebendexport in ferne L\u00e4nder \u201etransportiert\u201c,<br>sich hier kein Schlachthof f\u00fcr &#8222;ausgemergelte&#8220; Tiere interessiert.<br><br>F\u00fcr den echten Mozzarella wird nur die B\u00fcffelmilch verwendet.<br>Nach Geburt wird von vielen B\u00fcffelk\u00e4lbern ihr Leben beendet.<br>F\u00fcr B\u00fcffelfleisch gibt es noch keinen Markt, der Umsatz bringt,<br>so dass man die Halter zur T\u00f6tung der Bullenk\u00e4lbern zwingt(?)<br><br><strong>\u00a9<\/strong> Rainer Dambroth &#8211; 21.01.2024 &#8211; <strong><a href=\"https:\/\/www.overline-poetry.de\/\">www.overline-poetry.de<\/a><\/strong><\/p>\n","protected":false},"excerpt":{"rendered":"<p>K\u00e4lber \u201ezwangsgeborener\u201c Ausschuss bei der Milchproduktion,denn ohne Geburt eines Kalbes gibt es keine Milch dann schon.Meistens nach der Geburt das Kalb von der Mutterkuh entfernt,damit das Kalb die \u201eMutterliebe\u201c erst gar nicht kennen gelernt. Man redet sich ein, dass die K\u00fche schnell \u201eihr Baby\u201c vergessen,aber die Realit\u00e4t, die Milchwirte verfolgen andere Interessen.Warum ruft wohl denn [&hellip;]<\/p>\n","protected":false},"author":1,"featured_media":0,"parent":0,"menu_order":0,"comment_status":"closed","ping_status":"closed","template":"","meta":{"footnotes":""},"class_list":["post-1095","page","type-page","status-publish","hentry"],"jetpack_sharing_enabled":true,"_links":{"self":[{"href":"https:\/\/overline-poetry.de\/index.php\/wp-json\/wp\/v2\/pages\/1095","targetHints":{"allow":["GET"]}}],"collection":[{"href":"https:\/\/overline-poetry.de\/index.php\/wp-json\/wp\/v2\/pages"}],"about":[{"href":"https:\/\/overline-poetry.de\/index.php\/wp-json\/wp\/v2\/types\/page"}],"author":[{"embeddable":true,"href":"https:\/\/overline-poetry.de\/index.php\/wp-json\/wp\/v2\/users\/1"}],"replies":[{"embeddable":true,"href":"https:\/\/overline-poetry.de\/index.php\/wp-json\/wp\/v2\/comments?post=1095"}],"version-history":[{"count":1,"href":"https:\/\/overline-poetry.de\/index.php\/wp-json\/wp\/v2\/pages\/1095\/revisions"}],"predecessor-version":[{"id":1099,"href":"https:\/\/overline-poetry.de\/index.php\/wp-json\/wp\/v2\/pages\/1095\/revisions\/1099"}],"wp:attachment":[{"href":"https:\/\/overline-poetry.de\/index.php\/wp-json\/wp\/v2\/media?parent=1095"}],"curies":[{"name":"wp","href":"https:\/\/api.w.org\/{rel}","templated":true}]}}