
{"id":1124,"date":"2021-12-08T08:14:00","date_gmt":"2021-12-08T08:14:00","guid":{"rendered":"https:\/\/overline-poetry.de\/?page_id=1124"},"modified":"2025-09-09T08:21:37","modified_gmt":"2025-09-09T08:21:37","slug":"das-rind-muss-kriegen-ein-kind","status":"publish","type":"page","link":"https:\/\/overline-poetry.de\/index.php\/das-rind-muss-kriegen-ein-kind\/","title":{"rendered":"Das Rind muss kriegen ein Kind"},"content":{"rendered":"\n<p>Wenn das Kuhkalb wird erwachsen dann zum Rind,<br>aber ist noch eine F\u00e4rse, also noch ohne ein Kind<br>und der Landwirt will sie als Milchkuh verwenden,<br>dann wird sie \u201ezwangsbesamt\u201c als Milchkuh enden.<br><br>Nun muss sie als Milchkuh j\u00e4hrlich ein Kalb geb\u00e4ren<br>und mit ihrer Milch wird es nur Menschen ern\u00e4hren.<br>An dem Nebenprodukt Kalb ist man nicht interessiert<br>und somit schon mal das neugeborene Kalb verliert.<br><br>Das weitere Leben der Kuh wird straff durchgeplant,<br>denn man will viel Milch von ihr, man es schon ahnt.<br>Sie bekommt zu Heu und Silage bemessen Kraftfutter,<br>damit sie uns gibt, sehr viel Milch f\u00fcr K\u00e4se und Butter.<br><br>Hat die Kuh nach der Tragezeit ihr Kalb dann geboren<br>und es ist ein Bullenkalb, dann hat dies schon verloren.<br>Als Kuhkalb wird es mit in den Kreislauf aufgenommen<br>und wird \u201ezwangsbesamt\u201c dann auch K\u00e4lber bekommen.<br><br>Fr\u00fcher wurden die Milchk\u00fche doch auch noch sehr alt,<br>heute ausgemergelt geht es zum Schlachter sehr bald.<br>Die Milchk\u00fche werden auf hohe Leistung \u201egetrimmt\u201c,<br>\u201ezwangsbesamt\u201c K\u00e4lber geb\u00e4ren, die man wegnimmt.<br><br>Viele Verbraucher schon die Milchprodukte vermeiden,<br>weil die Tiere in diesem Massensystem doch sehr leiden.<br>Die Tragezeit bei der Kuh ist mit 8 Monaten angegeben,<br>aber Tiere als \u201eProduktionsmasse\u201c, will ich nicht erleben.<br><br>Mehr als wir brauchen, weil wir \u00dcberschuss produzieren<br>und die Tiere aus der Massenproduktion dabei verlieren.<br>So wird das \u201eMilchvieh\u201c als Man\u00f6vriermasse verwendet<br>und ist bei uns kein Bedarf, dann im Lebensexport endet.<br><br>Der Lebendtransport wird dann als Zuchttiere deklariert,<br>so dass dieses ohne Widerstand der Beh\u00f6rden passiert.<br>Diese Transporte und Sch\u00e4chtung f\u00fcr die Tiere eine Qual.<br>Auf Milchprodukte verzichten, denn wir haben die Wahl!<br><br>\u00a9 Rainer Dambroth &#8211; 08.12.2021 &#8211; <strong><a href=\"http:\/\/www.overline-poetry.de\/\">www.overline-poetry.de<\/a><\/strong><br><br><em>Beginnen wir bei den Jungtieren der Rinder, die als Kalb bezeichnet werden. Danach werden die weiblichen Rinder als Jungrinder oder auch F\u00e4rse bezeichnet.<\/em><br>Internetfund<\/p>\n","protected":false},"excerpt":{"rendered":"<p>Wenn das Kuhkalb wird erwachsen dann zum Rind,aber ist noch eine F\u00e4rse, also noch ohne ein Kindund der Landwirt will sie als Milchkuh verwenden,dann wird sie \u201ezwangsbesamt\u201c als Milchkuh enden. Nun muss sie als Milchkuh j\u00e4hrlich ein Kalb geb\u00e4renund mit ihrer Milch wird es nur Menschen ern\u00e4hren.An dem Nebenprodukt Kalb ist man nicht interessiertund somit [&hellip;]<\/p>\n","protected":false},"author":1,"featured_media":0,"parent":0,"menu_order":0,"comment_status":"closed","ping_status":"closed","template":"","meta":{"footnotes":""},"class_list":["post-1124","page","type-page","status-publish","hentry"],"jetpack_sharing_enabled":true,"_links":{"self":[{"href":"https:\/\/overline-poetry.de\/index.php\/wp-json\/wp\/v2\/pages\/1124","targetHints":{"allow":["GET"]}}],"collection":[{"href":"https:\/\/overline-poetry.de\/index.php\/wp-json\/wp\/v2\/pages"}],"about":[{"href":"https:\/\/overline-poetry.de\/index.php\/wp-json\/wp\/v2\/types\/page"}],"author":[{"embeddable":true,"href":"https:\/\/overline-poetry.de\/index.php\/wp-json\/wp\/v2\/users\/1"}],"replies":[{"embeddable":true,"href":"https:\/\/overline-poetry.de\/index.php\/wp-json\/wp\/v2\/comments?post=1124"}],"version-history":[{"count":1,"href":"https:\/\/overline-poetry.de\/index.php\/wp-json\/wp\/v2\/pages\/1124\/revisions"}],"predecessor-version":[{"id":1128,"href":"https:\/\/overline-poetry.de\/index.php\/wp-json\/wp\/v2\/pages\/1124\/revisions\/1128"}],"wp:attachment":[{"href":"https:\/\/overline-poetry.de\/index.php\/wp-json\/wp\/v2\/media?parent=1124"}],"curies":[{"name":"wp","href":"https:\/\/api.w.org\/{rel}","templated":true}]}}