
{"id":1131,"date":"2020-12-04T08:43:00","date_gmt":"2020-12-04T08:43:00","guid":{"rendered":"https:\/\/overline-poetry.de\/?page_id=1131"},"modified":"2025-09-09T08:49:23","modified_gmt":"2025-09-09T08:49:23","slug":"lebendtierexporte","status":"publish","type":"page","link":"https:\/\/overline-poetry.de\/index.php\/lebendtierexporte\/","title":{"rendered":"Lebendtierexporte"},"content":{"rendered":"\n<p>Heute gesehen, und nicht jedem wird das sofort klar,<br>dass dieser gro\u00dfe Truck f\u00fcr Lebendtierexporte war.<br>Ein Luxus-Truck, mit voller Beleuchtung geschm\u00fcckt,<br>drinnen im Truck werden die Tiere vor Angst verr\u00fcckt.<br><br>Am Truck hinten steht &#8222;Lebende Tiere&#8220;, aber f\u00fcr wen?<br>Der Fahrer sitzt vorne und kann das hinten nicht sehn!<br>Hinten das ganze Tierelend auf einer sehr langen Fahrt,<br>ohne Fressen und Trinken, was hier zeitlich eingespart.<br><br>Trinken kann nicht jedes Tier, daf\u00fcr stehen sie zu dicht.<br>Wasser bekommen nur wenige und die anderen nicht.<br>Ich werde stets w\u00fctend, wenn ich so was mu\u00df erleben,<br>warum mu\u00df es Lebendtierexporte \u00fcberhaupt geben?<br><br>Das Tiere eingeklemmt oder sind in Kurven unterlegen,<br>k\u00f6nnen sich bei der weiteren Fahrt nicht mehr bewegen.<br>Sie schreien vor Schmerz, den Fahrer es nicht interessiert,<br>damit er f\u00fcr die gesetzlichen Pausen nur keine Zeit verliert.<br><br>Der Fahrer sich innerhalb der EU sich an Ruhezeiten h\u00e4lt,<br>der Truck wird meist ohne Kontrolle der Fracht abgestellt.<br>Ist die EU-Grenze \u00fcberfahren, dann freie Fahrt, alles egal!<br>Keiner kontrolliert die Zeiten und die Tiere haben die Qual.<br><br>Auch der Schwund bei den Tieren ist wohl mit einkalkuliert,<br>damit der Spediteur keine Zeit und nur wenig Geld verliert.<br>Denn bei den Spediteuren z\u00e4hlt nur St\u00fcck und der Gewinn.<br>Die Tiere interessieren nicht, &#8222;aus den Augen-aus dem Sinn&#8220;.<br><br>Die Tier-Lobby ist zu stark f\u00fcr die europ\u00e4ische Agrar-Politik<br>aber auch zeigt die EU-Politik beim Handeln kein Geschick.<br>Das Leiden der Tiere scheint bei der Politik nicht zu z\u00e4hlen,<br>z\u00e4hlen tut das &#8222;Stimmvieh&#8220;, denn Tiere gehen nicht w\u00e4hlen.<br><br>Die EU-Subventionen kommen nicht bei jedem Landwirt an,<br>hier z\u00e4hlt nur die Fl\u00e4che, wie es ein Gro\u00dfbetrieb nur kann.<br>Unter dem &#8222;Deckmantel&#8220;, nur sie k\u00f6nnen die Welt ern\u00e4hren,<br>leiden m\u00fcssen die Tiere, denn die k\u00f6nnen sich nicht wehren.<br><br><strong>\u00a9<\/strong> Rainer Dambroth &#8211; 04.12.2020 &#8211; <strong><a href=\"https:\/\/www.overline-poetry.de\">www.overline-poetry.de<\/a><\/strong><br><br><strong>Anmerkung:<\/strong><br>Laut einer Statistik aus dem Jahr 2020 gibt es rund 3,9 Millionen Milchk\u00fche in Deutschland. Das hei\u00dft, dass genau so viele K\u00e4lber geboren werden und vermarktet werden m\u00fcssen, n\u00e4mlich 3,9 Millionen K\u00e4lber. <br>Viele davon werden lebend vorwiegend in nicht EU-L\u00e4nder exportiert! <br>Was tun?<br>\ud83d\udd17 <strong><a href=\"https:\/\/www.overline-design.de\/poetry\/?page_id=2513\" data-type=\"URL\" data-id=\"https:\/\/www.overline-design.de\/poetry\/?page_id=2513\"><strong><a href=\"https:\/\/overline-poetry.de\/wp-admin\/post.php?post=228&amp;action=edit\">Weniger Kuhmilch! = weniger Milchk\u00fche = weniger K\u00e4lber = weniger Lebendtierexporte!<\/a><\/strong><\/a><\/strong><br><\/p>\n","protected":false},"excerpt":{"rendered":"<p>Heute gesehen, und nicht jedem wird das sofort klar,dass dieser gro\u00dfe Truck f\u00fcr Lebendtierexporte war.Ein Luxus-Truck, mit voller Beleuchtung geschm\u00fcckt,drinnen im Truck werden die Tiere vor Angst verr\u00fcckt. Am Truck hinten steht &#8222;Lebende Tiere&#8220;, aber f\u00fcr wen?Der Fahrer sitzt vorne und kann das hinten nicht sehn!Hinten das ganze Tierelend auf einer sehr langen Fahrt,ohne Fressen [&hellip;]<\/p>\n","protected":false},"author":1,"featured_media":0,"parent":0,"menu_order":0,"comment_status":"closed","ping_status":"closed","template":"","meta":{"footnotes":""},"class_list":["post-1131","page","type-page","status-publish","hentry"],"jetpack_sharing_enabled":true,"_links":{"self":[{"href":"https:\/\/overline-poetry.de\/index.php\/wp-json\/wp\/v2\/pages\/1131","targetHints":{"allow":["GET"]}}],"collection":[{"href":"https:\/\/overline-poetry.de\/index.php\/wp-json\/wp\/v2\/pages"}],"about":[{"href":"https:\/\/overline-poetry.de\/index.php\/wp-json\/wp\/v2\/types\/page"}],"author":[{"embeddable":true,"href":"https:\/\/overline-poetry.de\/index.php\/wp-json\/wp\/v2\/users\/1"}],"replies":[{"embeddable":true,"href":"https:\/\/overline-poetry.de\/index.php\/wp-json\/wp\/v2\/comments?post=1131"}],"version-history":[{"count":2,"href":"https:\/\/overline-poetry.de\/index.php\/wp-json\/wp\/v2\/pages\/1131\/revisions"}],"predecessor-version":[{"id":1136,"href":"https:\/\/overline-poetry.de\/index.php\/wp-json\/wp\/v2\/pages\/1131\/revisions\/1136"}],"wp:attachment":[{"href":"https:\/\/overline-poetry.de\/index.php\/wp-json\/wp\/v2\/media?parent=1131"}],"curies":[{"name":"wp","href":"https:\/\/api.w.org\/{rel}","templated":true}]}}