
{"id":1147,"date":"2023-03-20T14:40:00","date_gmt":"2023-03-20T14:40:00","guid":{"rendered":"https:\/\/overline-poetry.de\/?page_id=1147"},"modified":"2025-09-09T14:44:37","modified_gmt":"2025-09-09T14:44:37","slug":"ziegen-und-schaflaemmer-auch-verlierer-bei-der-milchproduktion","status":"publish","type":"page","link":"https:\/\/overline-poetry.de\/index.php\/ziegen-und-schaflaemmer-auch-verlierer-bei-der-milchproduktion\/","title":{"rendered":"Ziegen- und Schafl\u00e4mmer, auch Verlierer bei der Milchproduktion!"},"content":{"rendered":"\n<p>Ich denke mir, ihr ahnt es oder ihr wisst es bestimmt auch schon,<br>dass L\u00e4mmer sind die \u201egro\u00dfen\u201c Verlierer bei der Milchproduktion.<br>Bei Schafen und bei Ziegen die Milch nicht von selbst dann flie\u00dft<br>und so m\u00fcssen sie \u201elammen\u201c, damit Milch in das Euter einschie\u00dft.<br><br>Schafe werden f\u00fcr Landschaftspflege und Deichschutz eingesetzt,<br>denn sie arbeiten besser als Maschinen und dieses wertgesch\u00e4tzt.<br>Auch hier wird Nachwuchs bei den \u201ewolligen\u201c Mitarbeiter geboren<br>und gebraucht, denn auch hier, geht Nachwuchs dann \u201everloren\u201c.<br><br>F\u00fcr Milchproduktion j\u00e4hrlich die Schafe dann Nachwuchs geb\u00e4ren<br>und geschw\u00e4ngert k\u00f6nnen sie sich gegen die Folgen nicht wehren.<br>Bei dem Schafb\u00f6cken die Weiterverwendung \u201evorprogrammiert\u201c,<br>denn als Braten zu Ostern das B\u00f6ckchen dann sein Leben verliert.<br><br>Jedes Jahr werden die L\u00e4mmer geopfert f\u00fcr unseren Osterbraten,<br>somit von uns gegen\u00fcber ihren leidenden Schafm\u00fcttern verraten.<br>L\u00e4mmer werden gezeigt, wie sie auf den Wiesen herum springen,<br>aber nie gezeigt, wenn man sie f\u00fcr den Braten wird \u201eumbringen\u201c.<br><br>Wenn wir f\u00fcr unsere Ostertraditionen Lammfleisch konsumieren,<br>ist doch wohl klar, dass die \u201eniedlichen\u201c L\u00e4mmer dabei verlieren.<br>Der Versuch zu erkl\u00e4ren, dass dieses f\u00fcr L\u00e4mmer der Lebenslauf<br>und damit schmackhaft gemacht, das Lammfleisch f\u00fcr den Kauf.<br><br>Bei den Ziegen ist die Fleischvermarktung schon sehr kompliziert<br>denn f\u00fcr Herstellung von Ziegenk\u00e4se das Fleisch nicht interessiert.<br>Da bei uns wenig Interesse gibt, das Ziegenfleisch zu verspeisen,<br>m\u00fcssen sie lebend, unter Qualen in ferne L\u00e4nder dann \u201everreisen\u201c.<br><br>Wenn sie nach der \u201eReise\u201c lebend auf den M\u00e4rkten angekommen,<br>werden zusammengeschn\u00fcrt, als \u201eLebendfleisch\u201c mitgenommen.<br>Als h\u00e4tten sie in ihrem kurzen Leben nicht schon genug gelitten,<br>werden ihnen bei vollem Bewusstsein die Kehle durchgeschnitten.<br><br><strong>\u00a9<\/strong> Rainer Dambroth &#8211; 20.03.2023 &#8211; <strong><a href=\"https:\/\/www.overline-poetry.de\/\">www.overline-poetry.de<\/a><\/strong><br><br>Kindererziehung zum Umgang mit Tieren, denn fr\u00fch \u00fcbt sich, wer ein Schlachter\/Metzger werden will (Kinderlied 1895):<\/p>\n","protected":false},"excerpt":{"rendered":"<p>Ich denke mir, ihr ahnt es oder ihr wisst es bestimmt auch schon,dass L\u00e4mmer sind die \u201egro\u00dfen\u201c Verlierer bei der Milchproduktion.Bei Schafen und bei Ziegen die Milch nicht von selbst dann flie\u00dftund so m\u00fcssen sie \u201elammen\u201c, damit Milch in das Euter einschie\u00dft. Schafe werden f\u00fcr Landschaftspflege und Deichschutz eingesetzt,denn sie arbeiten besser als Maschinen und [&hellip;]<\/p>\n","protected":false},"author":1,"featured_media":0,"parent":0,"menu_order":0,"comment_status":"closed","ping_status":"closed","template":"","meta":{"footnotes":""},"class_list":["post-1147","page","type-page","status-publish","hentry"],"jetpack_sharing_enabled":true,"_links":{"self":[{"href":"https:\/\/overline-poetry.de\/index.php\/wp-json\/wp\/v2\/pages\/1147","targetHints":{"allow":["GET"]}}],"collection":[{"href":"https:\/\/overline-poetry.de\/index.php\/wp-json\/wp\/v2\/pages"}],"about":[{"href":"https:\/\/overline-poetry.de\/index.php\/wp-json\/wp\/v2\/types\/page"}],"author":[{"embeddable":true,"href":"https:\/\/overline-poetry.de\/index.php\/wp-json\/wp\/v2\/users\/1"}],"replies":[{"embeddable":true,"href":"https:\/\/overline-poetry.de\/index.php\/wp-json\/wp\/v2\/comments?post=1147"}],"version-history":[{"count":1,"href":"https:\/\/overline-poetry.de\/index.php\/wp-json\/wp\/v2\/pages\/1147\/revisions"}],"predecessor-version":[{"id":1151,"href":"https:\/\/overline-poetry.de\/index.php\/wp-json\/wp\/v2\/pages\/1147\/revisions\/1151"}],"wp:attachment":[{"href":"https:\/\/overline-poetry.de\/index.php\/wp-json\/wp\/v2\/media?parent=1147"}],"curies":[{"name":"wp","href":"https:\/\/api.w.org\/{rel}","templated":true}]}}