
{"id":1167,"date":"2023-10-29T15:45:00","date_gmt":"2023-10-29T15:45:00","guid":{"rendered":"https:\/\/overline-poetry.de\/?page_id=1167"},"modified":"2025-09-10T15:47:57","modified_gmt":"2025-09-10T15:47:57","slug":"verbrauchertaeuschung-weniger-ist-mehr","status":"publish","type":"page","link":"https:\/\/overline-poetry.de\/index.php\/verbrauchertaeuschung-weniger-ist-mehr\/","title":{"rendered":"Verbrauchert\u00e4uschung \u2013 weniger ist mehr?"},"content":{"rendered":"\n<p>Prinzip \u201eVerbrauchert\u00e4uschung\u201c: Weniger Ware zum gleichen Preis,<br>erh\u00f6ht den Gewinn f\u00fcr die Produzenten und das ohne gro\u00dfen Flei\u00df.<br>In den Originalverpackungen nur eine minimale Gewichtsreduktion,<br>aber bei der gesamten Produktionsmenge lohnt sich dieses schon.<br><br>Kennen wir von Lieblingsprodukten die Entwicklung vom Gewicht?<br>Nein, minimale Gewichtsreduktion bemerkt der Verbraucher nicht.<br>Wird bei einem Produkt von 50 Gramm auf 45 Gramm umgestellt,<br>dann das dem Verbrauchern beim Produktkauf nicht sofort auff\u00e4llt.<br><br>Verbraucher mit verschiedenen Verpackungseinheiten konfrontiert.<br>mit Hoffnung, das dem Verbraucher das Produkt weiter interessiert.<br>Beim \u201eKilopreisvergleich\u201c dieses Produkt beim Verbraucher verliert.<br>Bei geringem \u201eGewichtsverlust\u201c bleibt der Verbraucher interessiert.<br><br>Mal sind statt der vierzehn Scheiben nur noch zw\u00f6lf Scheiben darin<br>und mit dem fehlenden Inhalt verbucht man einen \u201esatten\u201c Gewinn<br>In einem Markt wurde das Gewicht von Trauben bewusst reduziert<br>und gewollt, dass der Kunde beim Einkauf den Durchblick verliert.<br><br>Der Kunde kauft unbesehen mit guter Hoffnung das selbe Produkt<br>aber beim Preis\/Gewichtsvergleich er recht \u201esparsam dann guckt\u201c.<br>Satte 20 Prozent waren weniger in der Verpackung als Inhalt drin,<br>der Verkaufspreis ist geblieben; die Gewichtsdifferenz der Gewinn!<br><br>Der Kunde meist die Preise der Produkte ohne Einwaage vergleicht,<br>so macht man den Produzenten die \u201eVerbrauchert\u00e4uschung\u201c leicht.<br>Die Angabe vom Kilopreis ist vom Gesetzgeber doch vorgeschrieben<br>Verbraucher kaufen nur \u00fcber Preisvergleich, wenn nicht \u00fcbertrieben.<br><br>Auch bei Butter war man versucht, die Produktinhalte zu erneuern,<br>um so indirekt den Verkaufspreis um 10 Prozent dann zu verteuern.<br>Die Verbraucher kaufen \u201eihre\u201c Produkte ein, \u201eaus alter Gewohnheit\u201c<br>und erkennen minimale Gewichts\u00e4nderungen nicht, wie oft zur Zeit.<br><br><strong>\u00a9<\/strong> Rainer Dambroth &#8211; 29.10.2023 &#8211; <strong><a href=\"http:\/\/www.overline-poetry.de\/\">www.overline-poetry.de<\/a><\/strong><\/p>\n","protected":false},"excerpt":{"rendered":"<p>Prinzip \u201eVerbrauchert\u00e4uschung\u201c: Weniger Ware zum gleichen Preis,erh\u00f6ht den Gewinn f\u00fcr die Produzenten und das ohne gro\u00dfen Flei\u00df.In den Originalverpackungen nur eine minimale Gewichtsreduktion,aber bei der gesamten Produktionsmenge lohnt sich dieses schon. Kennen wir von Lieblingsprodukten die Entwicklung vom Gewicht?Nein, minimale Gewichtsreduktion bemerkt der Verbraucher nicht.Wird bei einem Produkt von 50 Gramm auf 45 Gramm umgestellt,dann [&hellip;]<\/p>\n","protected":false},"author":1,"featured_media":0,"parent":0,"menu_order":0,"comment_status":"closed","ping_status":"closed","template":"","meta":{"footnotes":""},"class_list":["post-1167","page","type-page","status-publish","hentry"],"jetpack_sharing_enabled":true,"_links":{"self":[{"href":"https:\/\/overline-poetry.de\/index.php\/wp-json\/wp\/v2\/pages\/1167","targetHints":{"allow":["GET"]}}],"collection":[{"href":"https:\/\/overline-poetry.de\/index.php\/wp-json\/wp\/v2\/pages"}],"about":[{"href":"https:\/\/overline-poetry.de\/index.php\/wp-json\/wp\/v2\/types\/page"}],"author":[{"embeddable":true,"href":"https:\/\/overline-poetry.de\/index.php\/wp-json\/wp\/v2\/users\/1"}],"replies":[{"embeddable":true,"href":"https:\/\/overline-poetry.de\/index.php\/wp-json\/wp\/v2\/comments?post=1167"}],"version-history":[{"count":1,"href":"https:\/\/overline-poetry.de\/index.php\/wp-json\/wp\/v2\/pages\/1167\/revisions"}],"predecessor-version":[{"id":1171,"href":"https:\/\/overline-poetry.de\/index.php\/wp-json\/wp\/v2\/pages\/1167\/revisions\/1171"}],"wp:attachment":[{"href":"https:\/\/overline-poetry.de\/index.php\/wp-json\/wp\/v2\/media?parent=1167"}],"curies":[{"name":"wp","href":"https:\/\/api.w.org\/{rel}","templated":true}]}}