
{"id":1175,"date":"2022-04-02T05:20:00","date_gmt":"2022-04-02T05:20:00","guid":{"rendered":"https:\/\/overline-poetry.de\/?page_id=1175"},"modified":"2025-09-11T05:26:34","modified_gmt":"2025-09-11T05:26:34","slug":"putin-der-russische-wagner-dirigent","status":"publish","type":"page","link":"https:\/\/overline-poetry.de\/index.php\/putin-der-russische-wagner-dirigent\/","title":{"rendered":"Putin, der russische \u201eWagner-Dirigent\u201c"},"content":{"rendered":"\n<p>Die brutale \u201eWagner-Gruppe\u201c, die er angeblich gar nicht kennt,<br>dabei ist der Despot Putin von der \u201eWagner-Gruppe\u201c der Dirigent.<br>Wo die russische Armee nicht offiziell helfen kann zu einem Sieg,<br>kommt die \u201eWagner-Gruppe\u201c inoffiziell zum Einsatz bei dem Krieg.<br><br>Die \u201eWagner-Gruppe\u201c wird finanziert aus Putins \u201egeheime T\u00f6pfe\u201c,<br>riskieren beim Kriegseinsatz ohne Nationalit\u00e4t dann ihre K\u00f6pfe.<br>Man sollte f\u00fcr die Freiheit der Ukraine Putins S\u00f6ldner finanzieren<br>und sie wechseln die Seiten und lassen Russland dann verlieren.<br><br>F\u00fcr Assad in Syrien k\u00e4mpften sie f\u00fcr seine Macht und sein Reich,<br>aber f\u00fcr wen sie wirklich k\u00e4mpfen, das erfuhr man nicht so gleich.<br>In Afrika half die \u201eWagner-Gruppe\u201c den Despoten bei ihrer Macht<br>und bei seinem n\u00e4chsten Staatsbesuch Putin mit dem Sieger lacht.<br><br>So erf\u00e4hrt keiner offiziell, wer mit gedreht an dem Regierungsrad.<br>Putin wird allen Despoten helfen, denn er hat doch seinen \u201eDraht\u201c.<br>Man revanchiert sich, mit einer Milit\u00e4rbasis in dem befreiten Land.<br>Putin spinnt sein weltumfassendes Milit\u00e4rnetzwerk, so wie bekannt.<br><br>Despoten meiden Frieden, denn sie lieben den herrschenden Krieg.<br>Sie wollen den Machtbereich vergr\u00f6\u00dfern und k\u00e4mpfen f\u00fcr den Sieg.<br>Die \u201eWagner-Gruppe\u201c wird f\u00fcr den Krieg \u201egemietet\u201c und eingesetzt<br>und von dem Despoten gegen\u00fcber Putin dann doch sehr gesch\u00e4tzt.<br><br>In der Ukraine wird Putins geheime Armee in den Kampf befohlen<br>und die \u201eWagner-Gruppe\u201c soll f\u00fcr den Putin den Sieg endlich holen.<br>Mit Brutalit\u00e4t werden sie gegen ein friedliches Volk dann k\u00e4mpfen<br>und das wird weltweit die Anerkennung f\u00fcr Putin weiter \u201ed\u00e4mpfen\u201c.<br><br>Putin sollte doch endlich einem anst\u00e4ndigen Beruf f\u00fcr sich suchen,<br>oder f\u00fcr sein Rentnerleben einen Lebensabschiedsort auch buchen.<br>Denn Aggressoren sind das, was eine friedliche Welt nicht braucht<br>und mit dem Autokraten Putin man keine \u201eFriedenspfeife\u201c raucht.<br><br><strong>\u00a9<\/strong> Rainer Dambroth &#8211; 02.04.2022 &#8211; <strong><a href=\"https:\/\/www.overline-poetry.de\/\">www.overline-poetry.de<\/a><\/strong><br><br><br><strong>Gruppe Wagner<\/strong> (russisch \u0413\u0440\u0443\u043f\u043f\u0430 \u0412\u0430\u0433\u043d\u0435\u0440\u0430 Gruppa Wagnera), auch OSM, PMC Wagner, ChVK Wagner oder CHVK Vagner, ist ein rechtsextremes russisches Privates Sicherheits- und Milit\u00e4runternehmen (kurz PMC), dessen S\u00f6ldner-Einheiten verdeckt operieren. Laut Berichten waren Angeh\u00f6rige der Gruppe Wagner unter anderem in Syrien aktiv und sind es aktuell im Russisch-Ukrainischen Krieg. Auch f\u00fchren sie Ausbildungseins\u00e4tze in der Zentralafrikanischen Republik durch und k\u00e4mpften im libyschen B\u00fcrgerkrieg auf Seiten des Generals Chalifa Haftar. Die Gruppe geht auf den Neonazi Dmitri Utkin zur\u00fcck, nach dessen Kampfnamen \u201eWagner\u201c (in Anspielung auf Richard Wagner) sie benannt ist.<br><strong>Wikipedia<\/strong><br><\/p>\n\n\n\n<figure class=\"wp-block-image\"><img decoding=\"async\" src=\"https:\/\/cdn-icons-png.flaticon.com\/128\/552\/552041.png?ga=GA1.1.1691975765.1646636343\" alt=\"Ukraine\"\/><\/figure>\n","protected":false},"excerpt":{"rendered":"<p>Die brutale \u201eWagner-Gruppe\u201c, die er angeblich gar nicht kennt,dabei ist der Despot Putin von der \u201eWagner-Gruppe\u201c der Dirigent.Wo die russische Armee nicht offiziell helfen kann zu einem Sieg,kommt die \u201eWagner-Gruppe\u201c inoffiziell zum Einsatz bei dem Krieg. Die \u201eWagner-Gruppe\u201c wird finanziert aus Putins \u201egeheime T\u00f6pfe\u201c,riskieren beim Kriegseinsatz ohne Nationalit\u00e4t dann ihre K\u00f6pfe.Man sollte f\u00fcr die Freiheit [&hellip;]<\/p>\n","protected":false},"author":1,"featured_media":0,"parent":0,"menu_order":0,"comment_status":"closed","ping_status":"closed","template":"","meta":{"footnotes":""},"class_list":["post-1175","page","type-page","status-publish","hentry"],"jetpack_sharing_enabled":true,"_links":{"self":[{"href":"https:\/\/overline-poetry.de\/index.php\/wp-json\/wp\/v2\/pages\/1175","targetHints":{"allow":["GET"]}}],"collection":[{"href":"https:\/\/overline-poetry.de\/index.php\/wp-json\/wp\/v2\/pages"}],"about":[{"href":"https:\/\/overline-poetry.de\/index.php\/wp-json\/wp\/v2\/types\/page"}],"author":[{"embeddable":true,"href":"https:\/\/overline-poetry.de\/index.php\/wp-json\/wp\/v2\/users\/1"}],"replies":[{"embeddable":true,"href":"https:\/\/overline-poetry.de\/index.php\/wp-json\/wp\/v2\/comments?post=1175"}],"version-history":[{"count":1,"href":"https:\/\/overline-poetry.de\/index.php\/wp-json\/wp\/v2\/pages\/1175\/revisions"}],"predecessor-version":[{"id":1179,"href":"https:\/\/overline-poetry.de\/index.php\/wp-json\/wp\/v2\/pages\/1175\/revisions\/1179"}],"wp:attachment":[{"href":"https:\/\/overline-poetry.de\/index.php\/wp-json\/wp\/v2\/media?parent=1175"}],"curies":[{"name":"wp","href":"https:\/\/api.w.org\/{rel}","templated":true}]}}