
{"id":1183,"date":"2015-01-10T05:54:00","date_gmt":"2015-01-10T05:54:00","guid":{"rendered":"https:\/\/overline-poetry.de\/?page_id=1183"},"modified":"2025-09-11T05:58:05","modified_gmt":"2025-09-11T05:58:05","slug":"kann-cannabis-deine-sorgen-toeten-oder-mein-taeglich-stoff-brauch-ich-heute","status":"publish","type":"page","link":"https:\/\/overline-poetry.de\/index.php\/kann-cannabis-deine-sorgen-toeten-oder-mein-taeglich-stoff-brauch-ich-heute\/","title":{"rendered":"Kann Cannabis deine Sorgen t\u00f6ten? oder &#8222;mein t\u00e4glich Stoff brauch ich heute&#8220;"},"content":{"rendered":"\n<p>Ob das Cannabis oder der Alkohol<br>tun deinem K\u00f6rper nicht nur wohl.<br>Die bringen dich St\u00fcckchenweise um,<br>lebst du noch, machen sie dich dumm.<br>Statt Dein Frust damit zu bek\u00e4mpfen,<br>wird das deine Energie nur d\u00e4mpfen.<br><br>\u00c4ndere die Dinge, die dich nur qu\u00e4len,<br>denn du kannst auch neue Wege w\u00e4hlen.<br>Sind diese Stoffe erst dein t\u00e4glich Brot,<br>so bist du bereits schon in gro\u00dfer Not.<br>Denn Abh\u00e4ngigkeit von diesen Stoffen,<br>l\u00e4sst auf keine gute Zukunft hoffen.<br><br>Dir fehlt das Geld bei allen Dingen<br>die dich im Leben weiter bringen.<br>Wenn du glaubst, du hast alles im Griff,<br>ist es schon am sinken, dein &#8222;Lebensschiff&#8220;.<br>Du denkst, du hast es fest in deiner Hand,<br>nur steuerst du deine Zukunft an die Wand.<br><br>Erst ist es ein Kann und dann ein Muss,<br>wenn man sich gew\u00f6hnt an den Genuss.<br>Kann man den Abend nicht genie\u00dfen<br>ohne zu rauchen oder was einzugie\u00dfen.<br>Und ist es ein k\u00f6rperliches Verlangen,<br>dann bist du schon zu weit gegangen.<br><br>Mu\u00dft du umsteigen auf h\u00e4rtere Drogen,<br>dann hast du dich bereits betrogen.<br>Du bist du schon in sehr gro\u00dfer Gefahr,<br>denke immer dran und habe es wahr.<br>Lasse dir helfen von st\u00e4rkeren Personen,<br>damit die Abkehr f\u00fcr dich wird sich lohnen<br><br>Oder hast du immer bereit eine Flasche<br>st\u00e4ndig bei dir und in deiner Manteltasche. <br>Scheint eine Flasche nicht mehr zu gen\u00fcgen<br>und du f\u00e4ngst an zu l\u00fcgen und zu betr\u00fcgen,<br>dann hast du du die Lebenslinie \u00fcberquert<br>und das wahre Leben verliert seinen Wert.<br><br>Denke daran, wenn man konsumiert<br>man den Bezug zu der Realit\u00e4t verliert.<br>Kann man alles nur im Rausch ertragen<br>sollte man sich um seine Zukunft fragen.<br>Denn wenn der Rausch zu Ende geht<br>befindet man wieder in der Realit\u00e4t.<br><br>Nur gelegentlich ist es ein Genuss, <br>wenn es ein Kann, aber kein Muss.<br>Das man auch nur trinkt oder raucht,<br>nur wenn man nicht zu fahren braucht.<br>Denn bei Drogen und Alkohol am Steuer,<br>wird man &#8222;erwischt&#8220;, dann wird es teuer.<br><br>\u00a9 Rainer Dambroth &#8211; 10.01.2015 &#8211;<strong><a href=\"https:\/\/www.overline-poetry.de\">www.overline-poetry.de<\/a><\/strong> <br><\/p>\n","protected":false},"excerpt":{"rendered":"<p>Ob das Cannabis oder der Alkoholtun deinem K\u00f6rper nicht nur wohl.Die bringen dich St\u00fcckchenweise um,lebst du noch, machen sie dich dumm.Statt Dein Frust damit zu bek\u00e4mpfen,wird das deine Energie nur d\u00e4mpfen. \u00c4ndere die Dinge, die dich nur qu\u00e4len,denn du kannst auch neue Wege w\u00e4hlen.Sind diese Stoffe erst dein t\u00e4glich Brot,so bist du bereits schon in [&hellip;]<\/p>\n","protected":false},"author":1,"featured_media":0,"parent":0,"menu_order":0,"comment_status":"closed","ping_status":"closed","template":"","meta":{"footnotes":""},"class_list":["post-1183","page","type-page","status-publish","hentry"],"jetpack_sharing_enabled":true,"_links":{"self":[{"href":"https:\/\/overline-poetry.de\/index.php\/wp-json\/wp\/v2\/pages\/1183","targetHints":{"allow":["GET"]}}],"collection":[{"href":"https:\/\/overline-poetry.de\/index.php\/wp-json\/wp\/v2\/pages"}],"about":[{"href":"https:\/\/overline-poetry.de\/index.php\/wp-json\/wp\/v2\/types\/page"}],"author":[{"embeddable":true,"href":"https:\/\/overline-poetry.de\/index.php\/wp-json\/wp\/v2\/users\/1"}],"replies":[{"embeddable":true,"href":"https:\/\/overline-poetry.de\/index.php\/wp-json\/wp\/v2\/comments?post=1183"}],"version-history":[{"count":1,"href":"https:\/\/overline-poetry.de\/index.php\/wp-json\/wp\/v2\/pages\/1183\/revisions"}],"predecessor-version":[{"id":1187,"href":"https:\/\/overline-poetry.de\/index.php\/wp-json\/wp\/v2\/pages\/1183\/revisions\/1187"}],"wp:attachment":[{"href":"https:\/\/overline-poetry.de\/index.php\/wp-json\/wp\/v2\/media?parent=1183"}],"curies":[{"name":"wp","href":"https:\/\/api.w.org\/{rel}","templated":true}]}}