
{"id":1194,"date":"2022-11-06T06:35:00","date_gmt":"2022-11-06T06:35:00","guid":{"rendered":"https:\/\/overline-poetry.de\/?page_id=1194"},"modified":"2025-09-11T06:39:25","modified_gmt":"2025-09-11T06:39:25","slug":"die-csu-und-die-legalisierung-von-cannabis","status":"publish","type":"page","link":"https:\/\/overline-poetry.de\/index.php\/die-csu-und-die-legalisierung-von-cannabis\/","title":{"rendered":"Die CSU und die Legalisierung von Cannabis"},"content":{"rendered":"\n<p>Haben die Bayern Angst, dass sie mit ihrem Rauschmittel verlieren,<br>weswegen sie gegen die Legalisierung von Cannabis intervenieren.<br>Es geht nicht darum, dass Cannabis wie das Bier \u201ewertzusch\u00e4tzen\u201c,<br>sondern eine Reinheit, wie beim \u201ebayrischen Bier\u201c, durchzusetzen.<br><br>Die CSU-Drogenbeauftragten waren immer Gegner von Drogen,<br>aber diese Voreingenommenheit der CSU ist auch sehr verlogen.<br>Auch exzessiv und ma\u00dflos das Bier &#8222;gsuffa&#8220; ist nicht ungef\u00e4hrlich,<br>aber dieses wird als \u201ebayrisches Kulturgut\u201c dem B\u00fcrger erkl\u00e4rlich.<br><br>Bayern wird von der kirchlichen oder politischen Kanzel gelenkt<br>und auch hier vorgegeben, was ein Bayer \u00fcber Cannabis so denkt.<br>Hauptsache die Ma\u00df Bier ist voll und wird reichlich nach geschenkt,<br>dann akzeptiert der Bayer klaglos, wie der S\u00f6der tickt und denkt.<br><br>Das sich der S\u00f6der konnte sich gegen Laschet nicht durchsetzen,<br>dass wissen wir in der jetzigen Situation doch sehr zu sch\u00e4tzen,<br>denn die Kandidatur h\u00e4tte diese Herausforderung sehr gef\u00e4hrdet<br>und wir brauchten eine Politik, die in der realen Welt ist &#8222;geerdet&#8220;.<br><br>Ob das der bayrische \u201eStaat-im-Staat\u201c wird es jemals verstehen,<br>dass eine erfolgreiche Politik kann auch ohne die CSU dann gehen.<br>Das die Bayern sich als die Allerwichtigsten in Deutschland sehen,<br>dass wird man nie begreifen, aber muss es auch nicht verstehen.<br><br>Wir brauchen dringlichst eine zukunftsorientierte Energiepolitik<br>und nicht vorw\u00e4rts in die schwarze Vergangenheit \u201eauf gut Gl\u00fcck\u201c.<br>Durch den Ukrainekrieg wird sich die \u201eEnergiewende\u201c versp\u00e4ten,<br>aber mit dem Agieren unserer Politik, sehe ich uns gut vertreten.<br><br>\u00a9 Rainer Dambroth &#8211; 06.11.2022 &#8211; <strong><a href=\"http:\/\/www.overline-poetry.de\/\">www.overline-poetry.de<\/a><\/strong><br><br><strong>&#8222;Ich glaube, die Leute m\u00fcssen \u00fcber die Tatsache unterrichtet werden, dass Marihuana keine Droge ist. Marihuana ist eine Blume Gottes Gnade.&#8220;<\/strong><br>&#8211; Willie Nelson &#8211;<\/p>\n\n\n\n<p><span style=\"text-decoration: underline;\">Auch Hopfen ist eine Pflanzengattung innerhalb der Familie der Hanfgew\u00e4chse<\/span><\/p>\n","protected":false},"excerpt":{"rendered":"<p>Haben die Bayern Angst, dass sie mit ihrem Rauschmittel verlieren,weswegen sie gegen die Legalisierung von Cannabis intervenieren.Es geht nicht darum, dass Cannabis wie das Bier \u201ewertzusch\u00e4tzen\u201c,sondern eine Reinheit, wie beim \u201ebayrischen Bier\u201c, durchzusetzen. Die CSU-Drogenbeauftragten waren immer Gegner von Drogen,aber diese Voreingenommenheit der CSU ist auch sehr verlogen.Auch exzessiv und ma\u00dflos das Bier &#8222;gsuffa&#8220; ist [&hellip;]<\/p>\n","protected":false},"author":1,"featured_media":0,"parent":0,"menu_order":0,"comment_status":"closed","ping_status":"closed","template":"","meta":{"footnotes":""},"class_list":["post-1194","page","type-page","status-publish","hentry"],"jetpack_sharing_enabled":true,"_links":{"self":[{"href":"https:\/\/overline-poetry.de\/index.php\/wp-json\/wp\/v2\/pages\/1194","targetHints":{"allow":["GET"]}}],"collection":[{"href":"https:\/\/overline-poetry.de\/index.php\/wp-json\/wp\/v2\/pages"}],"about":[{"href":"https:\/\/overline-poetry.de\/index.php\/wp-json\/wp\/v2\/types\/page"}],"author":[{"embeddable":true,"href":"https:\/\/overline-poetry.de\/index.php\/wp-json\/wp\/v2\/users\/1"}],"replies":[{"embeddable":true,"href":"https:\/\/overline-poetry.de\/index.php\/wp-json\/wp\/v2\/comments?post=1194"}],"version-history":[{"count":1,"href":"https:\/\/overline-poetry.de\/index.php\/wp-json\/wp\/v2\/pages\/1194\/revisions"}],"predecessor-version":[{"id":1198,"href":"https:\/\/overline-poetry.de\/index.php\/wp-json\/wp\/v2\/pages\/1194\/revisions\/1198"}],"wp:attachment":[{"href":"https:\/\/overline-poetry.de\/index.php\/wp-json\/wp\/v2\/media?parent=1194"}],"curies":[{"name":"wp","href":"https:\/\/api.w.org\/{rel}","templated":true}]}}