
{"id":120,"date":"2024-12-22T15:18:00","date_gmt":"2024-12-22T15:18:00","guid":{"rendered":"https:\/\/overline-poetry.de\/?page_id=120"},"modified":"2025-01-16T15:21:58","modified_gmt":"2025-01-16T15:21:58","slug":"donald-trump-und-sein-zauberlehrling-elon-musk","status":"publish","type":"page","link":"https:\/\/overline-poetry.de\/index.php\/donald-trump-und-sein-zauberlehrling-elon-musk\/","title":{"rendered":"Donald Trump und sein Zauberlehrling Elon Musk"},"content":{"rendered":"\n<p>Ob das von dem designierten Pr\u00e4sidenten Donald Trump so gedacht,<br>was bei <strong>Elon Musk<\/strong>, die herausgeforderte Eigendynamik dann macht.<br><strong>Donald Trump<\/strong>: \u201e<strong>Die ich rief, die Geister,<\/strong> um mich zu unterst\u00fctzen,<br>werden ihre Aktivit\u00e4ten, auch gegen meine Interessen dann n\u00fctzen\u201c<br><br><strong>Elon Musk<\/strong> die Regierungskorrekturen nicht schnell genug passieren,<br>so bei der Umsetzung, wird er schnell die \u201eGeduldsf\u00e4den\u201c verlieren.<br>Sein Wesen, durch das Asperger Syndrom, dem Autismus, gepr\u00e4gt,<br>so er ungeduldig am Regierungsstuhl von Donald Trump mit \u201es\u00e4gt\u201c.<br><br>Personal was nicht nach <strong>Elon Musk<\/strong> seinen Ideen wird funktionieren,<br>wird er sehr schnell aus seinem Aktionsbereich hinaus katapultieren.<br>Nat\u00fcrlich denkt er dabei auch an seine \u201egesch\u00e4ftlichen Aktivit\u00e4ten\u201c.<br>die d\u00fcrfen sich, trotz Rezession, auf seinen Konten nicht versp\u00e4ten.<br><br><strong>Donald Trump<\/strong> und <strong>Elon Musk<\/strong> wollen die &#8222;herrschende&#8220; Autokratie.<br>Der gr\u00f6\u00dfte Feind f\u00fcr Beide ist eine von B\u00fcrgern regierte Demokratie.<br>Sie k\u00f6nnen es nicht leiden, wenn \u00fcber ihre Person \u201ewird bestimmt\u201c<br>und das man sie f\u00fcr ihre Verfehlungen dann auch in Haftung nimmt.<br><br>So von <strong>Elon Musk<\/strong> statt der Demokratie f\u00fcr Deutschland empfohlen:<br>\u201eWir sollten doch die nationalsozialistische AFD als Regierung holen\u201c<br><strong>Elon Musk<\/strong> hat, als nur <strong>Trump-Berater<\/strong>, da etwas falsch verstanden,<br>denn wir wollen nie wieder in einem Nationalsozialismus \u201estranden\u201c<br><br><strong>Elon Musk<\/strong> ist machtbesessen und seine Synapsen sind so \u201everpolt\u201c,<br>so er alsbald den Pr\u00e4sidenten, <strong>Donald Trump<\/strong>, mit Macht eingeholt.<br>Denn so wie <strong>Elon Musk<\/strong>, mit seinen Satelliten weltweit ist vernetzt,<br>wird er vom egomanisch regierenden <strong>Donald Trump<\/strong> untersch\u00e4tzt.<br><br><strong>\u00a9 Rainer Dambroth &#8211; 22.12.2024 &#8211; <a href=\"http:\/\/www.overline-poetry.de\/\">www.overline-poetry.de<\/a><\/strong><br><br><strong>\u201eDie ich rief, die Geister \u2013 werd ich nicht mehr los\u201c<\/strong><br>Zauberlehrling ist eine Ballade von Johann Wolfgang von Goethe.<br>Wikipedia<br><\/p>\n","protected":false},"excerpt":{"rendered":"<p>Ob das von dem designierten Pr\u00e4sidenten Donald Trump so gedacht,was bei Elon Musk, die herausgeforderte Eigendynamik dann macht.Donald Trump: \u201eDie ich rief, die Geister, um mich zu unterst\u00fctzen,werden ihre Aktivit\u00e4ten, auch gegen meine Interessen dann n\u00fctzen\u201c Elon Musk die Regierungskorrekturen nicht schnell genug passieren,so bei der Umsetzung, wird er schnell die \u201eGeduldsf\u00e4den\u201c verlieren.Sein Wesen, durch [&hellip;]<\/p>\n","protected":false},"author":1,"featured_media":0,"parent":0,"menu_order":0,"comment_status":"closed","ping_status":"closed","template":"","meta":{"footnotes":""},"class_list":["post-120","page","type-page","status-publish","hentry"],"jetpack_sharing_enabled":true,"_links":{"self":[{"href":"https:\/\/overline-poetry.de\/index.php\/wp-json\/wp\/v2\/pages\/120","targetHints":{"allow":["GET"]}}],"collection":[{"href":"https:\/\/overline-poetry.de\/index.php\/wp-json\/wp\/v2\/pages"}],"about":[{"href":"https:\/\/overline-poetry.de\/index.php\/wp-json\/wp\/v2\/types\/page"}],"author":[{"embeddable":true,"href":"https:\/\/overline-poetry.de\/index.php\/wp-json\/wp\/v2\/users\/1"}],"replies":[{"embeddable":true,"href":"https:\/\/overline-poetry.de\/index.php\/wp-json\/wp\/v2\/comments?post=120"}],"version-history":[{"count":1,"href":"https:\/\/overline-poetry.de\/index.php\/wp-json\/wp\/v2\/pages\/120\/revisions"}],"predecessor-version":[{"id":121,"href":"https:\/\/overline-poetry.de\/index.php\/wp-json\/wp\/v2\/pages\/120\/revisions\/121"}],"wp:attachment":[{"href":"https:\/\/overline-poetry.de\/index.php\/wp-json\/wp\/v2\/media?parent=120"}],"curies":[{"name":"wp","href":"https:\/\/api.w.org\/{rel}","templated":true}]}}