
{"id":1201,"date":"2021-08-22T06:47:00","date_gmt":"2021-08-22T06:47:00","guid":{"rendered":"https:\/\/overline-poetry.de\/?page_id=1201"},"modified":"2025-09-11T06:52:41","modified_gmt":"2025-09-11T06:52:41","slug":"cannabis-entkriminalisieren","status":"publish","type":"page","link":"https:\/\/overline-poetry.de\/index.php\/cannabis-entkriminalisieren\/","title":{"rendered":"Cannabis entkriminalisieren!"},"content":{"rendered":"\n<p>Wenn die Drogenbeauftragte aus Bayern glaubt,<br>es existiere nicht, weil der Besitz ist nicht erlaubt.<br>Wer Cannabis konsumieren will, das in jedem Fall,<br>der wird es sich besorgen, wenn auch nicht legal.<br><br>Das wollen die Bayern so auch nicht ganz verstehen,<br>wenn sie zum &#8222;Fr\u00fchschoppen&#8220; in die Kneipe gehen.<br>Die Reinheit vom Bier nach dem Gebot ist garantiert,<br>so dass der Biertrinker nicht sein Augenlicht verliert.<br><br>Nur, ob die Reinheit der Droge ist auch garantiert<br>und ob man bei dem Konsum nicht gleich verliert.<br>Das Gewicht der Droge beim Verkauf entscheidet,<br>ob man, bei den Zusatzstoffen, sie besser meidet. <br><br>Die Polizei hat wichtigere Aufgabe zu garantieren<br>und nicht Cannabiskonsumenten zu kriminalisieren.<br>Geht es um Chaoten, Diebe oder sonstige Kriminelle,<br>dann ist unsere Polizei nicht immer sofort zur Stelle.<br><br>Sie sollten nicht Cannabiskonsumenten observieren,<br>sondern sich auch f\u00fcr andere Kriminelle interessieren.<br>Die Gesetze mu\u00df sich \u00e4ndern, um so zu garantieren,<br>dass nicht nur Rauschmittelkonsumenten verlieren.<br><br>Das kollektive &#8222;ma\u00dfvolle&#8220; Wiesn-Bes\u00e4ufnis in Bayern,<br>wird von der Kanzel legitimiert als ein Grund zu feiern.<br>Wenn man zur Wiesn demonstriert seine Manneskraft,<br>wieviele Ma\u00df so ein &#8222;gestandenes Mannsbild&#8220; schafft.<br><br>Auch die Aussage von der Bayern Politik-Prominenz,<br>die dann verwechseln das Biertrinken mit ihrer Potenz.<br>Sie plaudern doch \u00fcber ihr Verhalten am Steuer aus,<br>nach wie viele Ma\u00df Bier sie fahren noch nach Haus.<br><br>Vielleicht werden es die Bayern es doch noch wagen,<br>das Kollektivbes\u00e4ufnis als Weltkulturerbe einzutragen.<br>Ein Grund f\u00fcr die Drogenbeauftragte zu intervenieren<br>und sich auch f\u00fcr dieses Rauschmittel zu interessieren.<br><br>Ob Drogen oder Alkohol bei einer Fahrt am Steuer,<br>wird man damit erwischt, dann wird es richtig teuer.<br>So &#8222;bet\u00e4ubt&#8220;, hat man am Steuer nichts zu suchen!<br>Anstatt sollte man eine Fahrt mit dem Taxi buchen.<br><br><strong>\u00a9<\/strong> Rainer Dambroth &#8211; 22.08.2021 &#8211; <strong><a href=\"http:\/\/www.overline-poetry.de\">www.overline-poetry.de<\/a><\/strong><br><br><span style=\"text-decoration: underline;\">Auch Hopfen ist eine Pflanzengattung innerhalb der Familie der Hanfgew\u00e4chse<\/span><\/p>\n","protected":false},"excerpt":{"rendered":"<p>Wenn die Drogenbeauftragte aus Bayern glaubt,es existiere nicht, weil der Besitz ist nicht erlaubt.Wer Cannabis konsumieren will, das in jedem Fall,der wird es sich besorgen, wenn auch nicht legal. Das wollen die Bayern so auch nicht ganz verstehen,wenn sie zum &#8222;Fr\u00fchschoppen&#8220; in die Kneipe gehen.Die Reinheit vom Bier nach dem Gebot ist garantiert,so dass der [&hellip;]<\/p>\n","protected":false},"author":1,"featured_media":0,"parent":0,"menu_order":0,"comment_status":"closed","ping_status":"closed","template":"","meta":{"footnotes":""},"class_list":["post-1201","page","type-page","status-publish","hentry"],"jetpack_sharing_enabled":true,"_links":{"self":[{"href":"https:\/\/overline-poetry.de\/index.php\/wp-json\/wp\/v2\/pages\/1201","targetHints":{"allow":["GET"]}}],"collection":[{"href":"https:\/\/overline-poetry.de\/index.php\/wp-json\/wp\/v2\/pages"}],"about":[{"href":"https:\/\/overline-poetry.de\/index.php\/wp-json\/wp\/v2\/types\/page"}],"author":[{"embeddable":true,"href":"https:\/\/overline-poetry.de\/index.php\/wp-json\/wp\/v2\/users\/1"}],"replies":[{"embeddable":true,"href":"https:\/\/overline-poetry.de\/index.php\/wp-json\/wp\/v2\/comments?post=1201"}],"version-history":[{"count":1,"href":"https:\/\/overline-poetry.de\/index.php\/wp-json\/wp\/v2\/pages\/1201\/revisions"}],"predecessor-version":[{"id":1205,"href":"https:\/\/overline-poetry.de\/index.php\/wp-json\/wp\/v2\/pages\/1201\/revisions\/1205"}],"wp:attachment":[{"href":"https:\/\/overline-poetry.de\/index.php\/wp-json\/wp\/v2\/media?parent=1201"}],"curies":[{"name":"wp","href":"https:\/\/api.w.org\/{rel}","templated":true}]}}