
{"id":1224,"date":"2023-08-27T07:44:00","date_gmt":"2023-08-27T07:44:00","guid":{"rendered":"https:\/\/overline-poetry.de\/?page_id=1224"},"modified":"2025-09-11T07:49:41","modified_gmt":"2025-09-11T07:49:41","slug":"kabinett-beschliesst-legalisierung-von-cannabis","status":"publish","type":"page","link":"https:\/\/overline-poetry.de\/index.php\/kabinett-beschliesst-legalisierung-von-cannabis\/","title":{"rendered":"Kabinett beschlie\u00dft: Legalisierung von Cannabis"},"content":{"rendered":"\n<p>Hier werden von der oppositioniellen Politik bewusst die \u00c4ngste gesteut,<br>dass man die Legalisierung von Cannabis man doch sehr schnell bereut.<br>Glaubt man wirklich, dass es nicht erh\u00e4ltlich, weil es gesetzlich verboten,<br>denn diejenigen, die es konsumieren wollen, das sind doch keine Idioten.<br>Sie besorgen sich das Cannabis von einem Dealer auf \u201eillegalen Wegen\u201c,<br>ohne dann noch l\u00e4nger abzuwarten, auf den politisch erteilten \u201eSegen\u201c.<br><br>Die Cannabis-Konsumenten brauchen sich nicht l\u00e4nger mehr verstecken,<br>darum wird man anf\u00e4nglich mehr Cannabis-Rauchende dann entdecken.<br>Mir kommt es auf die Reinheit von Cannabis und auch auf faire Preise an,<br>wobei der Staat bei dem Cannabis Verkauf auch gut mit verdienen kann.<br>Der Verkaufserl\u00f6s sollte dann f\u00fcr eine zielf\u00fchrende Pr\u00e4vention verwendet<br>und nicht f\u00fcr zu stopfende L\u00f6cher im Bundeshaushalt dann verschwendet.<br><br>Cannabis und Alkohol am Steuer geh\u00f6rt auch weiterhin gut \u00fcberwacht,<br>damit nicht der \u201eLenkende\u201c noch berauscht gef\u00e4hrdende Fehler macht.<br>Nur die Mess\u00fcberwachung bei den Konsumenten muss genauer werden,<br>sonst gibt es durch Rest-THC dann Fehlentscheidungen hier auf Erden.<br>Denn wenn am dem Vorabend wurde sehr m\u00e4ssig Cannabis konsumiert,<br>dass der Konsument nicht am Folgetag gleich den F\u00fchrerschein verliert.<br><br>Haben die Bayern Angst, dass sie mit dem \u201eRauschmittel\u201c Bier verlieren,<br>weswegen sie mit aller Macht und Sch\u00e4rfe gegen Cannabis protestieren.<br>Aber das Rauchen von Cannabis mit einer Einstiegsdroge gleichzusetzen,<br>da scheint sich das \u201eExpertenteam\u201c der CSU doch sehr zu \u00fcbersch\u00e4tzen.<br>Oder ist das Furcht, man \u00f6ffnet den Cannabis-Konsumenten Hof und Tor,<br>denn was die CSU-Politker nicht kennen, da haben sie dann Angst davor.<br><br>Politisch beschlossene Verbote haben noch nie zum gro\u00dfen Erfolg gef\u00fchrt,<br>denn damit wird nicht ausgeschlossen, das Cannabis wird doch anger\u00fchrt.<br>Wenn schon Verbote, dann sollte dieses auch f\u00fcr Alkohol gleichgeschaltet<br>und nicht, dass man mit zweierlei Ma\u00df die \u201eRauschmittel\u201c dann verwaltet.<br>Aufkl\u00e4rende Pr\u00e4vention sollte es dann f\u00fcr alle \u201eRauschmittel\u201c doch geben,<br>denn man sollte doch wissen, nur \u00fcberm\u00e4ssiger Genuss gef\u00e4hrdet Leben.<br><br>Die \u00fcberwachende Polizei wurde vom Gesetzgeber bisher dazu autorisiert,<br>dass Drogen konfisziert und konsumierende Personen gleich \u201einhaftiert\u201c<br>Das man Verkauf und Konsum an kindergef\u00e4hrdenden Pl\u00e4tzen \u00fcberwacht,<br>dass versteht sich doch wohl von selbst, aber bitte dieses \u201emit Bedacht\u201c.<br>Auch die \u00dcberwachung derer, die f\u00fcr ihren Eigenbedarf dann produzieren,<br>sollte man \u201everhalten\u201c agieren, sonst m\u00fcssen wir in Personal investieren.<br><br><strong>\u00a9<\/strong> Rainer Dambroth &#8211; 27.08.2023 &#8211; <strong><a href=\"http:\/\/www.overline-poetry.d\/\">www.overline-poetry.d<\/a><a href=\"https:\/\/www.overline-poetry.de\/\">e<\/a><\/strong><\/p>\n","protected":false},"excerpt":{"rendered":"<p>Hier werden von der oppositioniellen Politik bewusst die \u00c4ngste gesteut,dass man die Legalisierung von Cannabis man doch sehr schnell bereut.Glaubt man wirklich, dass es nicht erh\u00e4ltlich, weil es gesetzlich verboten,denn diejenigen, die es konsumieren wollen, das sind doch keine Idioten.Sie besorgen sich das Cannabis von einem Dealer auf \u201eillegalen Wegen\u201c,ohne dann noch l\u00e4nger abzuwarten, auf [&hellip;]<\/p>\n","protected":false},"author":1,"featured_media":0,"parent":0,"menu_order":0,"comment_status":"closed","ping_status":"closed","template":"","meta":{"footnotes":""},"class_list":["post-1224","page","type-page","status-publish","hentry"],"jetpack_sharing_enabled":true,"_links":{"self":[{"href":"https:\/\/overline-poetry.de\/index.php\/wp-json\/wp\/v2\/pages\/1224","targetHints":{"allow":["GET"]}}],"collection":[{"href":"https:\/\/overline-poetry.de\/index.php\/wp-json\/wp\/v2\/pages"}],"about":[{"href":"https:\/\/overline-poetry.de\/index.php\/wp-json\/wp\/v2\/types\/page"}],"author":[{"embeddable":true,"href":"https:\/\/overline-poetry.de\/index.php\/wp-json\/wp\/v2\/users\/1"}],"replies":[{"embeddable":true,"href":"https:\/\/overline-poetry.de\/index.php\/wp-json\/wp\/v2\/comments?post=1224"}],"version-history":[{"count":1,"href":"https:\/\/overline-poetry.de\/index.php\/wp-json\/wp\/v2\/pages\/1224\/revisions"}],"predecessor-version":[{"id":1228,"href":"https:\/\/overline-poetry.de\/index.php\/wp-json\/wp\/v2\/pages\/1224\/revisions\/1228"}],"wp:attachment":[{"href":"https:\/\/overline-poetry.de\/index.php\/wp-json\/wp\/v2\/media?parent=1224"}],"curies":[{"name":"wp","href":"https:\/\/api.w.org\/{rel}","templated":true}]}}