
{"id":1231,"date":"2025-04-03T08:00:00","date_gmt":"2025-04-03T08:00:00","guid":{"rendered":"https:\/\/overline-poetry.de\/?page_id=1231"},"modified":"2025-09-11T08:14:15","modified_gmt":"2025-09-11T08:14:15","slug":"ein-jahr-cannabis-legalisierung-und-der-freistaat-bayern","status":"publish","type":"page","link":"https:\/\/overline-poetry.de\/index.php\/ein-jahr-cannabis-legalisierung-und-der-freistaat-bayern\/","title":{"rendered":"Ein Jahr Cannabis-Legalisierung und der Freistaat Bayern"},"content":{"rendered":"\n<p><strong>Freistaat<\/strong> <strong>Bayern<\/strong> spielt \u201eHase und Igel\u201c bei Vereins-Genehmigungen,<br>denn hier wird vehement gegen eine <strong>Cannabis-Freigabe<\/strong> \u201egerungen\u201c<br>Sobald ein Antrag f\u00fcr einen <strong>Cannabis-Social-Club<\/strong> wird nur erw\u00e4hnt,<br>wird ein Kinderspielplatz eingerichtet, somit der Anbauort abgelehnt.<br><br><strong>Markus S\u00f6der<\/strong> sich vehement sich gegen <strong>Cannabis-Anbau<\/strong> &#8222;stemmt&#8220;<br>und er sorgt daf\u00fcr, dass es beim Genehmigungsverfahren \u201eklemmt&#8220;.<br>Auch das <strong>bayrische Bier<\/strong>, reichlich getrunken, bietet <strong>Suchtpotential<\/strong>,<br>aber das ist doch \u201eheiliges bayrisches Kulturgut\u201c, somit ist es legal.<br><br>Auch bei <strong>Fastfood<\/strong> sollte es einen Mindestabstand zu Schulen geben,<br>als Schulverpflegung, \u201eda Dickmacher\u201c, bedrohlich f\u00fcrs junge Leben.<br>Auch auf dem Weg zur Lehre, Schule, Kita oder auch Kindergarten,<br>\u201eAbh\u00e4ngigkeiten\u201c durch ungesundes <strong>Fastfood<\/strong> auf die Kinder warten.<br><br>Auf Druck von <strong>Markus S\u00f6der wird<\/strong> der Mehrwertsteuersatz gesenkt,<br>als Gegenleistung bekommt <strong>S\u00f6der<\/strong> wohl sein <strong>Fastfood<\/strong> \u201egeschenkt\u201c.<br><strong>Fastfood<\/strong>-Restaurants machen durch die gesenkte Steuer mehr Profit,<br>aber das bekommt <strong>Fastfood-Blogger Markus S\u00f6der<\/strong> wohl nicht mit.<br><br>Von 700 Antr\u00e4gen f\u00fcr einen <strong>Social-Club<\/strong>, wurden nur 140 genehmigt<br>und der Schwarzmarkt weiter boomt, weil zu wenig Antr\u00e4ge erledigt.<br>Sollte der <strong>Cannabis<\/strong>-Legalisierung wieder zur\u00fcckgenommen werden,<br>dann wird der Schwarzmarkt explodieren, auf den deutschen Erden.<br><br>Wo kein Angebot, wird Nachfrage auf dem schwarzen Markt gedeckt<br>das scheint f\u00fcr die Regierung nicht erkl\u00e4rlich, somit nichts \u201egecheckt&#8220;.<br>Bei Genehmigungsbeh\u00f6rden wird stets nach Behinderungen gesucht,<br>damit der produzierende <strong>Cannabis-Club<\/strong> blo\u00df keinen Erfolg verbucht.<br><br><strong>\u00a9 Rainer Dambroth \u2013 02.04.2025 \u2013 <a href=\"http:\/\/www.overline-poetry.de\/\">www.overline-poerty.de<\/a><\/strong><br><br><strong><a href=\"https:\/\/overline-poetry.de\/wp-admin\/post.php?post=1194&amp;action=edit\">Die CSU und die Legalisierung von Cannabis<\/a><\/strong><br><strong><a href=\"https:\/\/overline-poetry.de\/wp-admin\/post.php?post=1208&amp;action=edit\">Der Konsum von Cannabis endlich straffrei?!<\/a><\/strong><br><strong><a href=\"https:\/\/overline-poetry.de\/wp-admin\/post.php?post=1224&amp;action=edit\">Kabinett beschlie\u00dft: Legalisierung von Cannabis<\/a><\/strong><\/p>\n\n\n\n<p><\/p>\n","protected":false},"excerpt":{"rendered":"<p>Freistaat Bayern spielt \u201eHase und Igel\u201c bei Vereins-Genehmigungen,denn hier wird vehement gegen eine Cannabis-Freigabe \u201egerungen\u201cSobald ein Antrag f\u00fcr einen Cannabis-Social-Club wird nur erw\u00e4hnt,wird ein Kinderspielplatz eingerichtet, somit der Anbauort abgelehnt. Markus S\u00f6der sich vehement sich gegen Cannabis-Anbau &#8222;stemmt&#8220;und er sorgt daf\u00fcr, dass es beim Genehmigungsverfahren \u201eklemmt&#8220;.Auch das bayrische Bier, reichlich getrunken, bietet Suchtpotential,aber das ist [&hellip;]<\/p>\n","protected":false},"author":1,"featured_media":0,"parent":0,"menu_order":0,"comment_status":"closed","ping_status":"closed","template":"","meta":{"footnotes":""},"class_list":["post-1231","page","type-page","status-publish","hentry"],"jetpack_sharing_enabled":true,"_links":{"self":[{"href":"https:\/\/overline-poetry.de\/index.php\/wp-json\/wp\/v2\/pages\/1231","targetHints":{"allow":["GET"]}}],"collection":[{"href":"https:\/\/overline-poetry.de\/index.php\/wp-json\/wp\/v2\/pages"}],"about":[{"href":"https:\/\/overline-poetry.de\/index.php\/wp-json\/wp\/v2\/types\/page"}],"author":[{"embeddable":true,"href":"https:\/\/overline-poetry.de\/index.php\/wp-json\/wp\/v2\/users\/1"}],"replies":[{"embeddable":true,"href":"https:\/\/overline-poetry.de\/index.php\/wp-json\/wp\/v2\/comments?post=1231"}],"version-history":[{"count":4,"href":"https:\/\/overline-poetry.de\/index.php\/wp-json\/wp\/v2\/pages\/1231\/revisions"}],"predecessor-version":[{"id":1238,"href":"https:\/\/overline-poetry.de\/index.php\/wp-json\/wp\/v2\/pages\/1231\/revisions\/1238"}],"wp:attachment":[{"href":"https:\/\/overline-poetry.de\/index.php\/wp-json\/wp\/v2\/media?parent=1231"}],"curies":[{"name":"wp","href":"https:\/\/api.w.org\/{rel}","templated":true}]}}