
{"id":124,"date":"2024-12-19T15:33:00","date_gmt":"2024-12-19T15:33:00","guid":{"rendered":"https:\/\/overline-poetry.de\/?page_id=124"},"modified":"2025-01-16T15:38:25","modified_gmt":"2025-01-16T15:38:25","slug":"putin-der-russische-gockel","status":"publish","type":"page","link":"https:\/\/overline-poetry.de\/index.php\/putin-der-russische-gockel\/","title":{"rendered":"Putin, der russische Gockel"},"content":{"rendered":"\n<p>Wenn <strong>Putin<\/strong>, wie ein Gockel, auf dem roten Teppich entlang stolziert,<br>hoffe ich, dass durch eine Teppichfalte einen \u201eStolpersturz\u201c passiert.<br>Vielleicht wird dadurch seine Empathielosigkeit wieder \u201eaufgeweicht&#8220;<br>und dann eine faire Verhandlungsbereitschaft bei ihm wird erreicht.<br><br>Wenn im \u201eKreml-Palast\u201c geladene G\u00e4ste stehen am Teppich Spalier<br>und es wird ge\u00f6ffnet von der Bewachung die \u201ehaushohe\u201c Doppelt\u00fcr,<br>kommt <strong>Putin<\/strong>, der russische Gockel, auf dem Teppich herein spaziert<br>und genie\u00dft es sichtlich, wenn er von den Untertanen wird \u201ehofiert\u201c.<br><br><strong>Putin<\/strong> liebt es seine \u201eerstrebte\u201c Macht in seinem Umfeld auszuleben<br>und verlangt, dass auch sein Umland ist ihm bedingungslos ergeben.<br>Er hat wohl erst sehr sp\u00e4t in russischen Geschichtsb\u00fcchern gelesen,<br>wie es vor langer Zeit, zu Stalins Zeiten, in Russland mal gewesen.<br><br>Der <strong>Despot Putin<\/strong> liebt es, die europ\u00e4ische Staaten zu \u201etorpedieren\u201c,<br>Seine Strategie, dass sie ihren \u201eZusammenhalt\u201c dadurch verlieren.<br>Er hofft, wenn <strong>Donald Trump<\/strong> wird in Amerika die Geschicke lenken,<br>als der \u201egro\u00dfe Friedensengel\u201c ihm die Ukraine wird dann schenken.<br><br>In Deutschland eine Abwehr gegen russische Angriffe zu installieren,<br>sieht <strong>Putin<\/strong> schon als einen \u201eAngriff\u201c und wird dagegen protestieren.<br>\u201eWer B\u00f6ses im Schilde f\u00fchrt\u201c, wird ein zu starkes Europa abwehren,<br>denn scheibchenweise Europa zu \u00fcbernehmen, ist <strong>Putins<\/strong> Begehren.<br><br><strong>B\u00fcndnis Sahra Wagenknecht<\/strong> sich f\u00fcr den Despoten <strong>Putin<\/strong> verwendet.<br>Sie will nicht, das die russische \u00dcbernahme Europas mit Krieg endet.<br>Sie ist aus DDR Zeiten mit Russland als Klassenfreund \u201everbandelt\u201c,<br>so dass sie unter ihrer &#8222;Friedensfahne\u201c, im Sinne von <strong>Putin<\/strong> handelt.<br><br>Die <strong>AFD<\/strong> sieht den <strong>Despoten Putin<\/strong> als \u201egro\u00dfen F\u00fchrer\u201c mit Respekt,<br>der vor gewaltsamer \u00dcbernahme von L\u00e4ndern nicht zur\u00fcck schreckt.<br><strong>AFD<\/strong> Gefolgsleute gehen im Kreml, dem &#8222;F\u00fchrerbunker&#8220;, ein uns aus,<br>haben wahrscheinlich in Russland eine Datscha als Wochenendhaus.<br><br><strong>\u00a9 Rainer Dambroth &#8211; 19.12.2024 &#8211; <a href=\"http:\/\/www.overline-poetry.de\/\"><strong>www.overline-poetry.de<\/strong><\/a><\/strong><\/p>\n\n\n\n<p><\/p>\n","protected":false},"excerpt":{"rendered":"<p>Wenn Putin, wie ein Gockel, auf dem roten Teppich entlang stolziert,hoffe ich, dass durch eine Teppichfalte einen \u201eStolpersturz\u201c passiert.Vielleicht wird dadurch seine Empathielosigkeit wieder \u201eaufgeweicht&#8220;und dann eine faire Verhandlungsbereitschaft bei ihm wird erreicht. Wenn im \u201eKreml-Palast\u201c geladene G\u00e4ste stehen am Teppich Spalierund es wird ge\u00f6ffnet von der Bewachung die \u201ehaushohe\u201c Doppelt\u00fcr,kommt Putin, der russische Gockel, [&hellip;]<\/p>\n","protected":false},"author":1,"featured_media":0,"parent":0,"menu_order":0,"comment_status":"closed","ping_status":"closed","template":"","meta":{"footnotes":""},"class_list":["post-124","page","type-page","status-publish","hentry"],"jetpack_sharing_enabled":true,"_links":{"self":[{"href":"https:\/\/overline-poetry.de\/index.php\/wp-json\/wp\/v2\/pages\/124","targetHints":{"allow":["GET"]}}],"collection":[{"href":"https:\/\/overline-poetry.de\/index.php\/wp-json\/wp\/v2\/pages"}],"about":[{"href":"https:\/\/overline-poetry.de\/index.php\/wp-json\/wp\/v2\/types\/page"}],"author":[{"embeddable":true,"href":"https:\/\/overline-poetry.de\/index.php\/wp-json\/wp\/v2\/users\/1"}],"replies":[{"embeddable":true,"href":"https:\/\/overline-poetry.de\/index.php\/wp-json\/wp\/v2\/comments?post=124"}],"version-history":[{"count":1,"href":"https:\/\/overline-poetry.de\/index.php\/wp-json\/wp\/v2\/pages\/124\/revisions"}],"predecessor-version":[{"id":125,"href":"https:\/\/overline-poetry.de\/index.php\/wp-json\/wp\/v2\/pages\/124\/revisions\/125"}],"wp:attachment":[{"href":"https:\/\/overline-poetry.de\/index.php\/wp-json\/wp\/v2\/media?parent=124"}],"curies":[{"name":"wp","href":"https:\/\/api.w.org\/{rel}","templated":true}]}}