
{"id":1248,"date":"2021-07-27T05:31:00","date_gmt":"2021-07-27T05:31:00","guid":{"rendered":"https:\/\/overline-poetry.de\/?page_id=1248"},"modified":"2025-09-12T05:36:13","modified_gmt":"2025-09-12T05:36:13","slug":"dorothee-baer-die-gruenen-braucht-man-nicht-mehr","status":"publish","type":"page","link":"https:\/\/overline-poetry.de\/index.php\/dorothee-baer-die-gruenen-braucht-man-nicht-mehr\/","title":{"rendered":"Dorothee B\u00e4r: &#8222;Die Gr\u00fcnen braucht man nicht mehr&#8220;"},"content":{"rendered":"\n<p>Die Aussage stammt von Dorothee B\u00e4r, einer CSU-Bayern-Frau, <br>die ohne besondere Bef\u00e4higung, denn sie ist nicht superschlau.<br>Von der CSU ins Amt geholt, worauf man gerne h\u00e4tte verzichtet,<br>bei dem &#8222;Koalitionsgekungel&#8220; wurde dieses f\u00fcr sie eingerichtet.<br><br>Die gro\u00dfe Frage: welche &#8222;Leichen&#8220; im Keller hat sie mit versteckt,<br>mit der gro\u00dfen Hoffnung, dass man diese dann nicht entdeckt.<br>Eine \u00dcberbewertung der erbrachten Leistung der eigenen Partei,<br>ist bei der \u00dcberheblichkeit der eigenen Person auch noch dabei.<br><br>Ihre Leistung als Staatsministerin f\u00fcr Digitalisierung nicht bemerkt,<br>was meine Beurteilung ihrer erbrachten Leistungen noch verst\u00e4rkt.<br>Wer im Glashaus sitzt, sollte das &#8222;Steinewerfen&#8220; doch unterlassen,<br>denn dadurch wird die eigene Leistung nur noch mehr verblassen.<br><br>Ich hoffe, bei der n\u00e4chsten Wahl wird die CSU in Bayern bleiben<br>und nicht in der bundesdeutschen Politik &#8222;neue Bl\u00fcten&#8220; treiben.<br>Wir brauchen &#8222;frischen&#8220; Wind und einen Neustart in der Politik,<br>denn alles ist zur Zeit besser, als ein &#8222;weiter so&#8220; auf gut Gl\u00fcck.<br><br>Der Klimaschutz ist nur international zu l\u00f6sen, so Friedrich Merz,<br>diese Aussage ist es doch wohl nur zu verstehen als ein Scherz.<br>Wenn alle Staaten so denken und auf Gemeinsamkeiten setzen,<br>sie mit der verlorenen Zeit die Klimaziele noch mehr verletzen.<br><br>Wenn wir mit dem nationalen Klimaschutz noch l\u00e4nger warten,<br>spielen wir nur den &#8222;sch\u00e4dlichen&#8220; Unternehmen in die Karten.<br>Die CDU ist zu stark mit den Bossen der Industrie &#8222;verbandelt&#8220;,<br>so dass sie ausschlie\u00dflich nur noch in deren Interessen handelt.<br><br>Vier Jahre im Bundestag in einer anderen Parteienkonstellation,<br>lassen die Fehler reparieren, die bisher gemacht wurden schon.<br>Ich habe schon eine Idee, welche Parteien k\u00f6nnten gut passen,<br>aber dieses hier schon zu \u00e4ussern, werde ich jetzt besser lassen.<br><br><strong>\u00a9<\/strong> Rainer Dambroth &#8211; 27.07.2021 &#8211; <strong><a href=\"http:\/\/www.overline-poetry.de\">www.overline-poetry.de<\/a><\/strong><br><\/p>\n","protected":false},"excerpt":{"rendered":"<p>Die Aussage stammt von Dorothee B\u00e4r, einer CSU-Bayern-Frau, die ohne besondere Bef\u00e4higung, denn sie ist nicht superschlau.Von der CSU ins Amt geholt, worauf man gerne h\u00e4tte verzichtet,bei dem &#8222;Koalitionsgekungel&#8220; wurde dieses f\u00fcr sie eingerichtet. Die gro\u00dfe Frage: welche &#8222;Leichen&#8220; im Keller hat sie mit versteckt,mit der gro\u00dfen Hoffnung, dass man diese dann nicht entdeckt.Eine \u00dcberbewertung [&hellip;]<\/p>\n","protected":false},"author":1,"featured_media":0,"parent":0,"menu_order":0,"comment_status":"closed","ping_status":"closed","template":"","meta":{"footnotes":""},"class_list":["post-1248","page","type-page","status-publish","hentry"],"jetpack_sharing_enabled":true,"_links":{"self":[{"href":"https:\/\/overline-poetry.de\/index.php\/wp-json\/wp\/v2\/pages\/1248","targetHints":{"allow":["GET"]}}],"collection":[{"href":"https:\/\/overline-poetry.de\/index.php\/wp-json\/wp\/v2\/pages"}],"about":[{"href":"https:\/\/overline-poetry.de\/index.php\/wp-json\/wp\/v2\/types\/page"}],"author":[{"embeddable":true,"href":"https:\/\/overline-poetry.de\/index.php\/wp-json\/wp\/v2\/users\/1"}],"replies":[{"embeddable":true,"href":"https:\/\/overline-poetry.de\/index.php\/wp-json\/wp\/v2\/comments?post=1248"}],"version-history":[{"count":1,"href":"https:\/\/overline-poetry.de\/index.php\/wp-json\/wp\/v2\/pages\/1248\/revisions"}],"predecessor-version":[{"id":1252,"href":"https:\/\/overline-poetry.de\/index.php\/wp-json\/wp\/v2\/pages\/1248\/revisions\/1252"}],"wp:attachment":[{"href":"https:\/\/overline-poetry.de\/index.php\/wp-json\/wp\/v2\/media?parent=1248"}],"curies":[{"name":"wp","href":"https:\/\/api.w.org\/{rel}","templated":true}]}}