
{"id":1255,"date":"2021-01-12T09:01:00","date_gmt":"2021-01-12T09:01:00","guid":{"rendered":"https:\/\/overline-poetry.de\/?page_id=1255"},"modified":"2025-09-12T09:04:57","modified_gmt":"2025-09-12T09:04:57","slug":"braunkohlekraftwerke","status":"publish","type":"page","link":"https:\/\/overline-poetry.de\/index.php\/braunkohlekraftwerke\/","title":{"rendered":"(Braun)Kohlekraftwerke"},"content":{"rendered":"\n<p>Die &#8222;Klagen&#8220; der Kohlemanager die machen nur Frust.<br>Das st\u00e4ndige &#8222;Jammern&#8220; \u00fcber den Arbeitsplatzverlust.<br>Es geht es um Konzerninteressen und ums eigene Gehalt.<br>Das l\u00e4sst man verteidigen, auch mit polizeilicher Gewalt.<br><br>Es wurde politisch bewusst oder unbewusst falsch gelenkt,<br>\u00fcber das Handeln, ein Schelm der B\u00f6ses dabei sich denkt.<br>Als kluger Minister denkt man an die Zeit nach der Wahl,<br>hat man einen Job in der &#8222;fossilen&#8220; Energie auf jeden Fall.<br><br>Wir brauchen dringend die Kohle, und das um jeden Preis<br>das sind Argumente, wenn man nicht mehr weiter weiss.<br>Der Kohlestrom wird mit unseren Steuern subventioniert,<br>damit der Kohleaktion\u00e4r auch nur keine &#8222;Kohle&#8220; verliert.<br> <br>Die St\u00e4dte und Gemeinden doch selbst Aktion\u00e4re sind<br>und wie dann die Rechnung aufgeht, weiss jedes Kind.<br>&#8222;Den Ast auf dem man sitzt&#8220; an dem wird nicht &#8222;ges\u00e4gt&#8220;,<br>dar\u00fcber wird von den St\u00e4dten Stillschweigen gepflegt.<br><br>Es werden \u00c4ngste gestreut \u00fcber die fehlende Energie<br>\u00dcber den Produktionsausfall in der Fertigungsindustrie.<br>Die Firmen gehen &#8222;Pleite&#8220;, es droht Arbeitsplatzverlust.<br>Das l\u00f6st bei manchen B\u00fcrger \u00c4ngste aus und auch Frust.<br><br>Kohle ist eine dreckigste Form der Stromerzeugerindustrie.<br>Die Politik subventioniert den Erhalt einer &#8222;toten&#8220; Energie<br>Die Atomindustrie l\u00e4sst sich den Ausstieg teuer bezahlen.<br>Aber wir werden uns r\u00e4chen, denn es sind bald Wahlen.<br><br>Was wir aber wollen, ist einen Wandel in der Klimapolitik<br>und wir wollen nach vorne und keinen Schritt mehr zur\u00fcck.<br>Wir erwarten von der Politik Entscheidungen mit Vernunft,<br>der gew\u00e4hlte Ausstiegstermin liegt &#8222;zu weit&#8220; in der Zukunft.<br><br>Die Regierenden und Verantwortlichen der jetzigen Politik,<br>erleben dann den Ausstieg nicht mehr und das ihr Gl\u00fcck.<br>Politik muss die Schrauben der Energie st\u00e4ndig neu stellen<br>und nicht immer ein &#8222;weiter so&#8220; wie jetzt in vielen F\u00e4llen.<br><br><strong>\u00a9<\/strong> Rainer Dambroth &#8211; 12.01.2021 &#8211; <strong><a href=\"https:\/\/www.overline-poetry.de\">w<\/a><a href=\"http:\/\/www.overline-poetry.de\" data-type=\"URL\" data-id=\"http:\/\/www.overline-poetry.de\">ww.overline-poetry.de<\/a><\/strong><\/p>\n","protected":false},"excerpt":{"rendered":"<p>Die &#8222;Klagen&#8220; der Kohlemanager die machen nur Frust.Das st\u00e4ndige &#8222;Jammern&#8220; \u00fcber den Arbeitsplatzverlust.Es geht es um Konzerninteressen und ums eigene Gehalt.Das l\u00e4sst man verteidigen, auch mit polizeilicher Gewalt. Es wurde politisch bewusst oder unbewusst falsch gelenkt,\u00fcber das Handeln, ein Schelm der B\u00f6ses dabei sich denkt.Als kluger Minister denkt man an die Zeit nach der Wahl,hat [&hellip;]<\/p>\n","protected":false},"author":1,"featured_media":0,"parent":0,"menu_order":0,"comment_status":"closed","ping_status":"closed","template":"","meta":{"footnotes":""},"class_list":["post-1255","page","type-page","status-publish","hentry"],"jetpack_sharing_enabled":true,"_links":{"self":[{"href":"https:\/\/overline-poetry.de\/index.php\/wp-json\/wp\/v2\/pages\/1255","targetHints":{"allow":["GET"]}}],"collection":[{"href":"https:\/\/overline-poetry.de\/index.php\/wp-json\/wp\/v2\/pages"}],"about":[{"href":"https:\/\/overline-poetry.de\/index.php\/wp-json\/wp\/v2\/types\/page"}],"author":[{"embeddable":true,"href":"https:\/\/overline-poetry.de\/index.php\/wp-json\/wp\/v2\/users\/1"}],"replies":[{"embeddable":true,"href":"https:\/\/overline-poetry.de\/index.php\/wp-json\/wp\/v2\/comments?post=1255"}],"version-history":[{"count":1,"href":"https:\/\/overline-poetry.de\/index.php\/wp-json\/wp\/v2\/pages\/1255\/revisions"}],"predecessor-version":[{"id":1259,"href":"https:\/\/overline-poetry.de\/index.php\/wp-json\/wp\/v2\/pages\/1255\/revisions\/1259"}],"wp:attachment":[{"href":"https:\/\/overline-poetry.de\/index.php\/wp-json\/wp\/v2\/media?parent=1255"}],"curies":[{"name":"wp","href":"https:\/\/api.w.org\/{rel}","templated":true}]}}