
{"id":1263,"date":"2025-08-24T15:46:00","date_gmt":"2025-08-24T15:46:00","guid":{"rendered":"https:\/\/overline-poetry.de\/?page_id=1263"},"modified":"2025-09-12T15:49:11","modified_gmt":"2025-09-12T15:49:11","slug":"die-grauen-woelfe-rechtsextremes-tuerkisches-netzwerk-konkurrent-fuer-die-afd","status":"publish","type":"page","link":"https:\/\/overline-poetry.de\/index.php\/die-grauen-woelfe-rechtsextremes-tuerkisches-netzwerk-konkurrent-fuer-die-afd\/","title":{"rendered":"\u201eDie grauen W\u00f6lfe\u201c &#8211; Rechtsextremes t\u00fcrkisches Netzwerk &#8211; Konkurrent f\u00fcr die AFD?"},"content":{"rendered":"\n<p>\u201e<strong>Die grauen W\u00f6lfe<\/strong>\u201c sind nicht nur in Deutschland sehr gut vernetzt,<br>aber sie werden von der Polizei und Verfassungsschutz untersch\u00e4tzt.<br>Wenn von ihnen Aktionen, besonders gegen Kurden, wurden geplant,<br>fanden sie zusammen, schneller, als von der Polizei wurde es geahnt.<br><br>Sie mobilisieren sich extrem radikal gegen ethnische Minderheiten,<br>hier w\u00e4re ein konsequentes Verbot angesagt, das schon bei Zeiten.<br>Bevor uns sie Sorgen bereiten und wir den Extremismus pur erleben,<br>wir per Gesetzeslage unser Veto gegen die &#8222;<strong>grauen W\u00f6lfe<\/strong>&#8220; erheben.<br><br>Die rechtsextreme <strong>AFD<\/strong> f\u00fcr ein Verbot der \u201e<strong>grauen W\u00f6lfe<\/strong>\u201c votieren.<br>Bef\u00fcrchten sie, das sie ihre rechtsextreme Anh\u00e4ngerschaft verlieren?<br><strong>AFD-Anh\u00e4nger<\/strong>, die zu den rechtsextremen \u201e<strong>grauen W\u00f6lfen<\/strong>\u201c gehen,<br>weil sie bei den \u201e<strong>grauen W\u00f6lfen<\/strong>\u201c wahren Rechtsextremismus sehen.<br><br>Die <strong>AFD<\/strong> wieder die &#8222;v\u00f6lkische S\u00e4uberung&#8220; in Deutschland anvisieren,<br>dann auch die &#8222;<strong>grauen W\u00f6lfe<\/strong>&#8220; ihre Heimat in Deutschland verlieren.<br>Die deutsche F\u00fchrerin <strong>Alice Weidel<\/strong> muss sich entg\u00fcltig entscheiden,<br>ob sie mit der nichtdeutschen Partnerin will Deutschland vermeiden.<br><br>Es k\u00f6chelt dann nur noch deutsches Essen in den deutschen T\u00f6pfen<br>und es gruselt vor dem, was so spukt, in nationaldeutschen K\u00f6pfen.<br>Es gibt nur die Lebensmittel, die in Deutschland werden angebaut<br>und R\u00fcckschritt in die &#8222;Vogelschissgeschichte&#8220;, wovor einem graut.<br><br>Zurzeit werden in Amerika, per Quote, viele Migranten ausgew\u00e4hlt,<br>weil <strong>Donald Trump<\/strong> seinen Untertanen dar\u00fcber L\u00fcgen hat erz\u00e4hlt.<br>Selbst Menschen mit einem Arbeitsvertrag werden abgeschoben,<br>weil der gottgleiche <strong>Donald Trump<\/strong> es so will, per Dekret von oben.<br><br><strong>\u00a9 Rainer Dambroth \u2013 24.08.2025 \u2013 www.overline-poetry.de<\/strong><br><br><strong>\u201cMan darf nicht warten, bis aus dem Schneeball eine Lawine geworden ist. Man muss den rollenden Schneeball zertreten. Die Lawine h\u00e4lt keiner mehr auf. Sie ruht erst, wenn sie alles unter sich begraben hat.<\/strong>\u201e<strong><br>Erich K\u00e4stner<\/strong><\/p>\n","protected":false},"excerpt":{"rendered":"<p>\u201eDie grauen W\u00f6lfe\u201c sind nicht nur in Deutschland sehr gut vernetzt,aber sie werden von der Polizei und Verfassungsschutz untersch\u00e4tzt.Wenn von ihnen Aktionen, besonders gegen Kurden, wurden geplant,fanden sie zusammen, schneller, als von der Polizei wurde es geahnt. Sie mobilisieren sich extrem radikal gegen ethnische Minderheiten,hier w\u00e4re ein konsequentes Verbot angesagt, das schon bei Zeiten.Bevor uns [&hellip;]<\/p>\n","protected":false},"author":1,"featured_media":0,"parent":0,"menu_order":0,"comment_status":"closed","ping_status":"closed","template":"","meta":{"footnotes":""},"class_list":["post-1263","page","type-page","status-publish","hentry"],"jetpack_sharing_enabled":true,"_links":{"self":[{"href":"https:\/\/overline-poetry.de\/index.php\/wp-json\/wp\/v2\/pages\/1263","targetHints":{"allow":["GET"]}}],"collection":[{"href":"https:\/\/overline-poetry.de\/index.php\/wp-json\/wp\/v2\/pages"}],"about":[{"href":"https:\/\/overline-poetry.de\/index.php\/wp-json\/wp\/v2\/types\/page"}],"author":[{"embeddable":true,"href":"https:\/\/overline-poetry.de\/index.php\/wp-json\/wp\/v2\/users\/1"}],"replies":[{"embeddable":true,"href":"https:\/\/overline-poetry.de\/index.php\/wp-json\/wp\/v2\/comments?post=1263"}],"version-history":[{"count":1,"href":"https:\/\/overline-poetry.de\/index.php\/wp-json\/wp\/v2\/pages\/1263\/revisions"}],"predecessor-version":[{"id":1267,"href":"https:\/\/overline-poetry.de\/index.php\/wp-json\/wp\/v2\/pages\/1263\/revisions\/1267"}],"wp:attachment":[{"href":"https:\/\/overline-poetry.de\/index.php\/wp-json\/wp\/v2\/media?parent=1263"}],"curies":[{"name":"wp","href":"https:\/\/api.w.org\/{rel}","templated":true}]}}