
{"id":1270,"date":"2022-11-21T16:09:00","date_gmt":"2022-11-21T16:09:00","guid":{"rendered":"https:\/\/overline-poetry.de\/?page_id=1270"},"modified":"2025-09-14T13:31:57","modified_gmt":"2025-09-14T13:31:57","slug":"schmerz-lass-nach","status":"publish","type":"page","link":"https:\/\/overline-poetry.de\/index.php\/schmerz-lass-nach\/","title":{"rendered":"(Sch)Merz lass nach!"},"content":{"rendered":"\n<p>Friedrich Merz, der Partei- und Fraktionschef der CDU,<br>gibt mit seiner unqualifizierten Kritik doch keine Ruh.<br>Bei den gemachten Fehlern der alten Regierungszeit,<br>sollte die CDU\/CSU zu vern\u00fcnftiger Kooperation bereit.<br><br>Auch der \u201eBayernpr\u00e4sident\u201c Markus S\u00f6der von der CSU<br>gibt mit \u201eHetztiraden\u201c bei seinen Reden auch keine Ruh.<br>Er beschimpft alle Arbeitssuchenden als Arbeitsunwillig,<br>aber diese Aussage ist diffamierend und somit \u201ebillig\u201c.<br><br>Die zeitliche \u201eSanktionsbefreiung\u201c bei dem B\u00fcrgergeld,<br>finde ich gut, aber der CDU\/CSU nun gar nicht gef\u00e4llt.<br>Man sollte den Arbeitsuchenden doch etwas Zeit geben,<br>nach dem Arbeitsplatzverlust neu zu ordnen ihr Leben.<br><br>Mein Aufruf w\u00e4re, die betroffene Person zu motivieren,<br>statt wegen einer \u201ezumutbaren\u201c Arbeit sanktionieren.<br>Jemand der arbeiten will, den sollte man nur betreuen<br>und ihn in etwas zu zwingen, dass wird man bereuen.<br><br>Denn wenn sie unter den \u201eSanktionszwang\u201c geraten,<br>kann das unter Druck des Jobcenters nur missraten.<br>Hier wird gepr\u00fcft, ob viele Bewerbungen geschrieben,<br>aber nicht, ob beworbene Firmen diese \u201eFlut\u201c lieben.<br><br>Vom Jobcenter in eine bezahlte Ma\u00dfnahme geschickt<br>damit die vom Amt \u201eerzwungene\u201c Bewerbung gl\u00fcckt.<br>Man will erreichen, dass der Tag wird fest strukturiert<br>und der Teilnehmer sich mit \u201eErlerntem\u201c qualifiziert.<br><br>Aus einer \u201eHartz4-Familie\u201c in Ausbildung gekommen,<br>werden ihm Teile vom Lohn und Motivation genommen.<br>Das durch die Arbeit aber auch dann Kosten entstehen,<br>dass ist bei der heutigen Berechnung nicht vorgesehen.<br><br>Arbeitslose, Opfer einer verfehlter Arbeitsmarktpolitik,<br>bei verantwortungslosen Firmen verl\u00e4sst sie ihr Gl\u00fcck.<br>Sie werden vom bisherigen Arbeitgeber \u201efreigestellt\u201c,<br>dann gemietet von Zeitarbeitsfirmen, so wie es gef\u00e4llt.<br><br>Die Firmen erzeugen so eine parallele Personalstruktur<br>und bezahlen Personalmiete an die Zeitarbeitsagentur.<br>F\u00fcr die Personalmiete wird eine Rechnung pr\u00e4sentiert<br>und Kosten f\u00fcr Steuer und Soziales bleiben unber\u00fchrt.<\/p>\n\n\n\n<p>F\u00fcr dieses \u201ehire-and-fire\u201c-Personal als Man\u00f6vriermasse,<br>werden sie als Kosten kalkulierbar f\u00fcr die Firmenkasse.<br>So wird kein festes Personal f\u00fcr den Betrieb gebunden<br>und will man es fest \u00fcbernehmen, wird es abgefunden.<br><br><strong>\u00a9<\/strong> Rainer Dambroth &#8211; 21.11.2022 &#8211; <strong><a href=\"https:\/\/www.overline-poetry.de\/\">www.overline-poetry.de<\/a><\/strong><\/p>\n","protected":false},"excerpt":{"rendered":"<p>Friedrich Merz, der Partei- und Fraktionschef der CDU,gibt mit seiner unqualifizierten Kritik doch keine Ruh.Bei den gemachten Fehlern der alten Regierungszeit,sollte die CDU\/CSU zu vern\u00fcnftiger Kooperation bereit. Auch der \u201eBayernpr\u00e4sident\u201c Markus S\u00f6der von der CSUgibt mit \u201eHetztiraden\u201c bei seinen Reden auch keine Ruh.Er beschimpft alle Arbeitssuchenden als Arbeitsunwillig,aber diese Aussage ist diffamierend und somit \u201ebillig\u201c. [&hellip;]<\/p>\n","protected":false},"author":1,"featured_media":0,"parent":0,"menu_order":0,"comment_status":"closed","ping_status":"closed","template":"","meta":{"footnotes":""},"class_list":["post-1270","page","type-page","status-publish","hentry"],"jetpack_sharing_enabled":true,"_links":{"self":[{"href":"https:\/\/overline-poetry.de\/index.php\/wp-json\/wp\/v2\/pages\/1270","targetHints":{"allow":["GET"]}}],"collection":[{"href":"https:\/\/overline-poetry.de\/index.php\/wp-json\/wp\/v2\/pages"}],"about":[{"href":"https:\/\/overline-poetry.de\/index.php\/wp-json\/wp\/v2\/types\/page"}],"author":[{"embeddable":true,"href":"https:\/\/overline-poetry.de\/index.php\/wp-json\/wp\/v2\/users\/1"}],"replies":[{"embeddable":true,"href":"https:\/\/overline-poetry.de\/index.php\/wp-json\/wp\/v2\/comments?post=1270"}],"version-history":[{"count":1,"href":"https:\/\/overline-poetry.de\/index.php\/wp-json\/wp\/v2\/pages\/1270\/revisions"}],"predecessor-version":[{"id":1274,"href":"https:\/\/overline-poetry.de\/index.php\/wp-json\/wp\/v2\/pages\/1270\/revisions\/1274"}],"wp:attachment":[{"href":"https:\/\/overline-poetry.de\/index.php\/wp-json\/wp\/v2\/media?parent=1270"}],"curies":[{"name":"wp","href":"https:\/\/api.w.org\/{rel}","templated":true}]}}