
{"id":1278,"date":"2024-03-31T04:34:00","date_gmt":"2024-03-31T04:34:00","guid":{"rendered":"https:\/\/overline-poetry.de\/?page_id=1278"},"modified":"2025-09-13T04:40:06","modified_gmt":"2025-09-13T04:40:06","slug":"aber-die-tiere-wurden-doch-extra-dafuer-gezuechtet","status":"publish","type":"page","link":"https:\/\/overline-poetry.de\/index.php\/aber-die-tiere-wurden-doch-extra-dafuer-gezuechtet\/","title":{"rendered":"Aber die Tiere wurden doch extra daf\u00fcr gez\u00fcchtet"},"content":{"rendered":"\n<p>Stimmt die Aussage, w\u00e4re es doch gemein,<br>ob f\u00fcr Kuh, Huhn, Pute, Gans oder Schwein,<br>ihnen \u201eihren Lebenszweck\u201c nicht zu geben,<br>wof\u00fcr man sie lie\u00df im Massenqu\u00e4lstall leben.<br>Betrug, sie nicht zum Schlachten zu bringen<br>und sie gewaltsam in den Tod dann zwingen.<br>Denn den Tieren wurde ihr Weg vorbestimmt,<br>weil sich der Mensch das Recht dazu nimmt.<br><br>Schweine zur Fleischproduktion interessant,<br>darum werden sie achtlos Nutztiere genannt.<br>Im stinkenden St\u00e4llen leben sie eingesperrt,<br>ihnen der Gang in die freie Natur verwehrt.<br>Die Lungen durch \u00e4tzende G\u00fclle zerfressen<br>und so etwas vermag der Mensch zu essen.<br>Bestimmt wei\u00df doch auch jedes kleine Kind,<br>das Tiere die so leben, nicht gl\u00fccklich sind.<br><br>Die Kuh wird \u201evergewaltigt\u201c, um zu geb\u00e4ren<br>und f\u00fcr sie vergebens, sich dagegen wehren.<br>Wurde das Kalb ausgetragen und \u201egeboren\u201c,<br>hat es in der Milchgewinnung schon verloren.<br>Nur an der Milch der Kuh ist man interessiert,<br>deshalb das neugeborenen Kalb dann verliert.<br>Wird man sie nicht zur Produktion verwenden,<br>werden sie in der Nicht-EU gesch\u00e4chtet enden.<br><br>Masth\u00e4hnchen billig f\u00fcr die Fleischproduktion.<br>In gro\u00dfen St\u00fcckzahlen lohnt sich dieses schon.<br>So wird der Maststall mit K\u00fcken \u201evollgepfropft\u201c<br>und im Schnellverfahren die Tiere vollgestopft.<br>Wenn sie 42 Tage rund-um-die-Uhr gefressen,<br>wird man sie zur Schlachtung in Kisten pressen.<br>Wenn all diese \u201eStresstortouren\u201c sie \u00fcberleben,<br>man sie \u201eKopfunten\u201c ans \u201eSchlachtband\u201c heben.<br><br>Die Pute wird auch gehalten im Massentierstall.<br>Sie vegetieren auf engstem Raum, welche Qual.<br>\u00dcberz\u00fcchtet mit einer Brust, die besonders gro\u00df!<br>Leid bis zum Tode, was machen Menschen blo\u00df?<br>Ein Antibiotika-Sammelbeh\u00e4lter auf zwei Beinen,<br>weil M\u00e4ster aus Angst \u201ees gut mit ihnen meinen\u201c.<br>Am Mastende brutal in Transportkisten verstaut.<br>Beim Anblick so mancher Puten es einem graut.<br><br>Die Gans ist das traditionelle Weihnachtsfestmal.<br>Sie leben frei oder in engen K\u00e4figen, welche Qual.<br>Am geplanten Ende marschieren sie, so der Sinn,<br>ahnungslos zum \u201eVerpacken und Schlachten\u201c hin.<br>Lebend zum Schlachten in einen Trichter gesteckt<br>damit Federn beim T\u00f6ten nicht mit Blut befleckt.<br>F\u00fcr die begehrte Fettleber werden sie \u201egestopft\u201c,<br>indem Maisbrei gewaltsam in sie hinein gepfropft.<br><br><strong>\u00a9<\/strong> Rainer Dambroth &#8211; 31.03.2024 &#8211; <strong><a href=\"https:\/\/www.overline-poetry.de\/\">www.overline-poetry.de<\/a><\/strong><\/p>\n","protected":false},"excerpt":{"rendered":"<p>Stimmt die Aussage, w\u00e4re es doch gemein,ob f\u00fcr Kuh, Huhn, Pute, Gans oder Schwein,ihnen \u201eihren Lebenszweck\u201c nicht zu geben,wof\u00fcr man sie lie\u00df im Massenqu\u00e4lstall leben.Betrug, sie nicht zum Schlachten zu bringenund sie gewaltsam in den Tod dann zwingen.Denn den Tieren wurde ihr Weg vorbestimmt,weil sich der Mensch das Recht dazu nimmt. Schweine zur Fleischproduktion interessant,darum [&hellip;]<\/p>\n","protected":false},"author":1,"featured_media":0,"parent":0,"menu_order":0,"comment_status":"closed","ping_status":"closed","template":"","meta":{"footnotes":""},"class_list":["post-1278","page","type-page","status-publish","hentry"],"jetpack_sharing_enabled":true,"_links":{"self":[{"href":"https:\/\/overline-poetry.de\/index.php\/wp-json\/wp\/v2\/pages\/1278","targetHints":{"allow":["GET"]}}],"collection":[{"href":"https:\/\/overline-poetry.de\/index.php\/wp-json\/wp\/v2\/pages"}],"about":[{"href":"https:\/\/overline-poetry.de\/index.php\/wp-json\/wp\/v2\/types\/page"}],"author":[{"embeddable":true,"href":"https:\/\/overline-poetry.de\/index.php\/wp-json\/wp\/v2\/users\/1"}],"replies":[{"embeddable":true,"href":"https:\/\/overline-poetry.de\/index.php\/wp-json\/wp\/v2\/comments?post=1278"}],"version-history":[{"count":1,"href":"https:\/\/overline-poetry.de\/index.php\/wp-json\/wp\/v2\/pages\/1278\/revisions"}],"predecessor-version":[{"id":1282,"href":"https:\/\/overline-poetry.de\/index.php\/wp-json\/wp\/v2\/pages\/1278\/revisions\/1282"}],"wp:attachment":[{"href":"https:\/\/overline-poetry.de\/index.php\/wp-json\/wp\/v2\/media?parent=1278"}],"curies":[{"name":"wp","href":"https:\/\/api.w.org\/{rel}","templated":true}]}}