
{"id":1285,"date":"2023-01-24T05:42:00","date_gmt":"2023-01-24T05:42:00","guid":{"rendered":"https:\/\/overline-poetry.de\/?page_id=1285"},"modified":"2025-09-13T05:47:40","modified_gmt":"2025-09-13T05:47:40","slug":"trennung-von-religion-und-staat-saekularismus","status":"publish","type":"page","link":"https:\/\/overline-poetry.de\/index.php\/trennung-von-religion-und-staat-saekularismus\/","title":{"rendered":"Trennung von Religion und Staat &#8211; S\u00e4kularismus"},"content":{"rendered":"\n<p>Alle weltlichen Staaten sollten trennen die Religion von der Politik,<br>denn zum Regieren eines Landes braucht man politisches Geschick.<br>Nur selbsternannt im Namen eines Glaubens einen Staat regieren,<br>dann werden die B\u00fcrger eingeschr\u00e4nkt und ihre Rechte verlieren.<br><br>Der noch amtierende Pr\u00e4sident der Republik T\u00fcrkei, Recep Erdogan,<br>leidet unter der Verfolgung und mitunter auch unter Gr\u00f6\u00dfenwahn.<br>Er sieht sich als den wichtigsten Vermittler in Putins Ukrainekrieg<br>und erhofft damit, in der T\u00fcrkei bei der n\u00e4chsten Wahl seinen Sieg.<br><br>Die m\u00f6glichen Konkurrenten werden diffamiert und ausgeschaltet.<br>Erdogan hofft, dass er wieder als der Pr\u00e4sident die T\u00fcrkei verwaltet.<br>Alle, die ihm schaden k\u00f6nnten, werden \u201eaus dem Wege geschafft\u201c,<br>denn er will die T\u00fcrkei regieren und das mit seiner alleinigen Kraft.<br><br>Um die Regierungsmacht in der T\u00fcrkei zu festigen und zu erhalten,<br>will er die Nato im Sinne von Russlands Pr\u00e4sidenten Putin spalten.<br>Nur weil ein Demonstrant in Schweden hat den Koran verbrannt,<br>will er das Schweden der Beitrittswunsch zur Nato wird aberkannt.<br><br>Um als regierender Pr\u00e4sident der T\u00fcrkei nicht zu ganz verblassen,<br>hat er den Weg von Kemal Atat\u00fcrk, den S\u00e4kularismus verlassen.<br>Denn dieser hatte die Trennung von Religion und Politik befohlen,<br>aber Erdogan versucht \u00fcber die Religion W\u00e4hler f\u00fcr sich zu holen.<br><br>In Staaten Iran, Irak und Afghanistan kann man zur Zeit erleben,<br>wenn keine Trennung zwischen Religion und Politik ist gegeben.<br>Dort gestalten Geistliche die richtungsweisende weltliche Politik<br>und haben nur den islamischen Glauben und die Scharia im Blick.<br><br>Der islamische Glaube ist ein Glaube von vielen in der Weltpolitik.<br>Wer mit dem Glauben regiert, regiert ohne politisches Geschick.<br>Woher bekamen Mullahs das Recht, mit Allahs Segen zu regieren,<br>denn in diesem brutalen Regime werden auch Gl\u00e4ubige verlieren.<br><br><strong>\u00a9<\/strong> Rainer Dambroth &#8211; 24.01.2023 &#8211; <strong><a href=\"http:\/\/www.overline-poetry.de\/\">www.overline-poetry.de<\/a><\/strong><\/p>\n","protected":false},"excerpt":{"rendered":"<p>Alle weltlichen Staaten sollten trennen die Religion von der Politik,denn zum Regieren eines Landes braucht man politisches Geschick.Nur selbsternannt im Namen eines Glaubens einen Staat regieren,dann werden die B\u00fcrger eingeschr\u00e4nkt und ihre Rechte verlieren. Der noch amtierende Pr\u00e4sident der Republik T\u00fcrkei, Recep Erdogan,leidet unter der Verfolgung und mitunter auch unter Gr\u00f6\u00dfenwahn.Er sieht sich als den [&hellip;]<\/p>\n","protected":false},"author":1,"featured_media":0,"parent":0,"menu_order":0,"comment_status":"closed","ping_status":"closed","template":"","meta":{"footnotes":""},"class_list":["post-1285","page","type-page","status-publish","hentry"],"jetpack_sharing_enabled":true,"_links":{"self":[{"href":"https:\/\/overline-poetry.de\/index.php\/wp-json\/wp\/v2\/pages\/1285","targetHints":{"allow":["GET"]}}],"collection":[{"href":"https:\/\/overline-poetry.de\/index.php\/wp-json\/wp\/v2\/pages"}],"about":[{"href":"https:\/\/overline-poetry.de\/index.php\/wp-json\/wp\/v2\/types\/page"}],"author":[{"embeddable":true,"href":"https:\/\/overline-poetry.de\/index.php\/wp-json\/wp\/v2\/users\/1"}],"replies":[{"embeddable":true,"href":"https:\/\/overline-poetry.de\/index.php\/wp-json\/wp\/v2\/comments?post=1285"}],"version-history":[{"count":1,"href":"https:\/\/overline-poetry.de\/index.php\/wp-json\/wp\/v2\/pages\/1285\/revisions"}],"predecessor-version":[{"id":1289,"href":"https:\/\/overline-poetry.de\/index.php\/wp-json\/wp\/v2\/pages\/1285\/revisions\/1289"}],"wp:attachment":[{"href":"https:\/\/overline-poetry.de\/index.php\/wp-json\/wp\/v2\/media?parent=1285"}],"curies":[{"name":"wp","href":"https:\/\/api.w.org\/{rel}","templated":true}]}}