
{"id":13,"date":"2022-07-22T09:34:00","date_gmt":"2022-07-22T09:34:00","guid":{"rendered":"https:\/\/overline-poetry.de\/?page_id=13"},"modified":"2025-01-13T15:44:40","modified_gmt":"2025-01-13T15:44:40","slug":"pavo-ein-pfau-lebt-in-unserer-strasse","status":"publish","type":"page","link":"https:\/\/overline-poetry.de\/index.php\/pavo-ein-pfau-lebt-in-unserer-strasse\/","title":{"rendered":"\u201ePavo\u201c \u2013 ein Pfau lebt in unserer Stra\u00dfe"},"content":{"rendered":"\n<p>Wir waren sehr \u00fcberrascht und machten ein erstauntes Gesicht,<br>denn was wir erblickten, da trauten wir erst unseren Augen nicht.<br>Denn an unseren Terrassenfenstern schreitet doch vorbei ein Pfau,<br>in den wundersch\u00f6nen Farben mit Schwarz, Gr\u00fcn, Gelb und Blau.<br><br>Den Namen Pavo, lateinisch Pfau, den haben wir ihm gegeben,<br>denn was Namen hat, wird besch\u00fctzt und dadurch l\u00e4nger leben.<br>Der Pfau Pavo hat seinen Namen schon sehr gut angenommen,<br>denn auf den Zuruf seines Namen Pavo ist er n\u00e4her gekommen.<br><br>Der sch\u00f6ne Pfau Pavo besucht uns t\u00e4glich zu seinen Essenszeiten<br>und wir f\u00fcr ihn dann seine Futterration in einem Napf zubereiten.<br>Pavo ist scheu, aber zu viel Vertraulichkeit ihn auch nicht n\u00fctzt,<br>denn diese nat\u00fcrliche Scheu ihn vor m\u00f6glichen Angreifern sch\u00fctzt.<br><br>Der Pfau Pavo schreitet sicher auf dem Fu\u00dfweg morgens bis sp\u00e4t<br>und ihn st\u00f6ren weder die laute Autos noch ein gro\u00dfes Ackerger\u00e4t.<br>Die Frage: &#8222;Warum hat man diesen Vogel auf die Stra\u00dfe gesetzt?&#8220;<br>Hat sich da etwa jemand mit der Haltung von Pfauen \u00fcbersch\u00e4tzt.<br><br>Auf die Frage nach dem Halter h\u00e4lt man sich hier im Ort bedeckt.<br>Hat man Angst, dass man mit der Auskunft den Halter verschreckt?<br>Gibt es da vielleicht Symbiosen, wo man im Ort dann auf ihn z\u00e4hlt<br>und wenn man ihn zu sehr ver\u00e4rgert, man das Ziel dann verfehlt?<br><br>Eine Sorge, die uns begleitet, ist die kommende kalte Jahreszeit,<br>denn wo bleibt er in der Nacht, wenn es st\u00fcrmt oder auch schneit?<br>Hier w\u00e4re von Vorteil ein w\u00e4rmender mit Stroh ausgelegter Stall,<br>wo er die kalten N\u00e4chte dann verbringen k\u00f6nnte, so in diesem Fall.<br><br>Bitte dem Pfau Pavo nicht den Gang auf dem Fu\u00dfweg verwehren<br>und nicht von beiden Seiten kommend ihm den Weg versperren.<br>Denn wenn er ohne den rettenden Ausweg wird zu sehr eingeengt,<br>so dass man ihn als seinen letzten Ausweg auf die Stra\u00dfe dr\u00e4ngt.<br><br><strong>\u00a9<\/strong> Rainer Dambroth &#8211; (22.07.2022) 11.09.2022 &#8211; <strong><a href=\"https:\/\/www.overline-poetry.de\/\">www.overline-poetry.de<\/a><\/strong><\/p>\n","protected":false},"excerpt":{"rendered":"<p>Wir waren sehr \u00fcberrascht und machten ein erstauntes Gesicht,denn was wir erblickten, da trauten wir erst unseren Augen nicht.Denn an unseren Terrassenfenstern schreitet doch vorbei ein Pfau,in den wundersch\u00f6nen Farben mit Schwarz, Gr\u00fcn, Gelb und Blau. Den Namen Pavo, lateinisch Pfau, den haben wir ihm gegeben,denn was Namen hat, wird besch\u00fctzt und dadurch l\u00e4nger leben.Der [&hellip;]<\/p>\n","protected":false},"author":1,"featured_media":0,"parent":0,"menu_order":0,"comment_status":"closed","ping_status":"closed","template":"","meta":{"footnotes":""},"class_list":["post-13","page","type-page","status-publish","hentry"],"jetpack_sharing_enabled":true,"_links":{"self":[{"href":"https:\/\/overline-poetry.de\/index.php\/wp-json\/wp\/v2\/pages\/13","targetHints":{"allow":["GET"]}}],"collection":[{"href":"https:\/\/overline-poetry.de\/index.php\/wp-json\/wp\/v2\/pages"}],"about":[{"href":"https:\/\/overline-poetry.de\/index.php\/wp-json\/wp\/v2\/types\/page"}],"author":[{"embeddable":true,"href":"https:\/\/overline-poetry.de\/index.php\/wp-json\/wp\/v2\/users\/1"}],"replies":[{"embeddable":true,"href":"https:\/\/overline-poetry.de\/index.php\/wp-json\/wp\/v2\/comments?post=13"}],"version-history":[{"count":1,"href":"https:\/\/overline-poetry.de\/index.php\/wp-json\/wp\/v2\/pages\/13\/revisions"}],"predecessor-version":[{"id":14,"href":"https:\/\/overline-poetry.de\/index.php\/wp-json\/wp\/v2\/pages\/13\/revisions\/14"}],"wp:attachment":[{"href":"https:\/\/overline-poetry.de\/index.php\/wp-json\/wp\/v2\/media?parent=13"}],"curies":[{"name":"wp","href":"https:\/\/api.w.org\/{rel}","templated":true}]}}