
{"id":1315,"date":"2024-09-27T06:48:00","date_gmt":"2024-09-27T06:48:00","guid":{"rendered":"https:\/\/overline-poetry.de\/?page_id=1315"},"modified":"2025-09-14T06:50:44","modified_gmt":"2025-09-14T06:50:44","slug":"kann-kuenstliche-intelligenz-politisch-besser-reagieren","status":"publish","type":"page","link":"https:\/\/overline-poetry.de\/index.php\/kann-kuenstliche-intelligenz-politisch-besser-reagieren\/","title":{"rendered":"Kann k\u00fcnstliche Intelligenz politisch besser re(a)gieren?"},"content":{"rendered":"\n<p><strong>K\u00fcnstliche Intelligenz<\/strong> wird rational, je nach Faktenlage, entscheiden<br>und so wird man Entscheidungen nach dem Parteiwillen vermeiden.<br>Die SPD w\u00fcrde beim Koalitionsstreit endlich ein Machtwort sprechen,<br>sonst wird es sich wieder mit einem negativen W\u00e4hlervotum r\u00e4chen<\/p>\n\n\n\n<p>Die CDU macht gro\u00dfe Fehler mit ihrer derzeitigen Oppositionspolitik,<br>indem sie, wie die AFD, in die gleiche Kerbe schl\u00e4gt, mit ihrer Kritik.<br>Hier k\u00f6nnte die <strong>k\u00fcnstliche Intelligenz<\/strong> sein von einem gro\u00dfen Nutze,<br>sie w\u00fcrde die demokratischen Werte stellen unter ihrem \u201eSchutze\u201c.<\/p>\n\n\n\n<p>Die \u201eSchuldenbremse\u201c wurde mit <strong>nat\u00fcrlicher Intelligenz<\/strong> entschieden,<br>sonst h\u00e4tte man diese restriktive Form von Sparen doch vermieden.<br>Denn man hatte mit der <strong>nat\u00fcrlicher Intelligenz<\/strong> nicht daran gedacht,<br>das nicht gepflegtes Bauwerk irgendwann doch einmal \u00c4rger macht.<\/p>\n\n\n\n<p>Die FDP mit ihrer <strong>nat\u00fcrlichen Intelligenz<\/strong> immer mehr uninteressant,<br>weil sie mit der Schuldenbremspolitik den \u201eBogen weit \u00fcberspannt\u201c.<br>Denn wir unseren Nachkommen nur marode Bauwerke hinterlassen,<br>wird eine gute Erinnerung an die Schuldenbremse doch verblassen.<\/p>\n\n\n\n<p>Jedes Unternehmen bildet Finanzr\u00fcckstellungen f\u00fcr den \u201eVerschlei\u00df\u201c,<br>aber der Lindner mit seiner <strong>nat\u00fcrlichen Intelligenz<\/strong> alles besser wei\u00df.<br>Bringt Lindner seinen Porsche nie zur Reparatur oder zur Inspektion,<br>um sein Konto vor ungeplanten Ausgaben zu sch\u00fctzen dann schon?<\/p>\n\n\n\n<p>Die Gr\u00fcnen planen mit einer <strong>k\u00fcnstlicher Intelligenz<\/strong> endlich rational.<br>\u201eFundis\u201c und \u201eRealos\u201c akzeptieren dann diese Planungen ohne Qual.<br>So bewegen sich die Koalitionspartner, sind zu Kompromissen bereit.<br>Mit <strong>k\u00fcnstlicher Intelligenz<\/strong> wird verhandelt ohne \u00f6ffentlichen Streit.<\/p>\n\n\n\n<p>Bei der AFD die Nutzung von <strong>nat\u00fcrlicher Intelligenz<\/strong> wenig bekannt,<br>auch eine Nutzung von <strong>k\u00fcnstlicher Intelligenz<\/strong> wurde nicht genannt.<br>Bei Sahra Wagenknecht die <strong>k\u00fcnstliche Intelligenz<\/strong> von Putin gelenkt<br>und die <strong>nat\u00fcrliche Intelligenz<\/strong> wurde durch Putin sehr eingeschr\u00e4nkt.<\/p>\n\n\n\n<p><strong>\u00a9 Rainer Dambroth \u2013 27.09.2024 \u2013 <a href=\"https:\/\/www.overline-poetry.de\/\"><strong>www.overline-poetry.de<\/strong><\/a><\/strong><\/p>\n","protected":false},"excerpt":{"rendered":"<p>K\u00fcnstliche Intelligenz wird rational, je nach Faktenlage, entscheidenund so wird man Entscheidungen nach dem Parteiwillen vermeiden.Die SPD w\u00fcrde beim Koalitionsstreit endlich ein Machtwort sprechen,sonst wird es sich wieder mit einem negativen W\u00e4hlervotum r\u00e4chen Die CDU macht gro\u00dfe Fehler mit ihrer derzeitigen Oppositionspolitik,indem sie, wie die AFD, in die gleiche Kerbe schl\u00e4gt, mit ihrer Kritik.Hier k\u00f6nnte [&hellip;]<\/p>\n","protected":false},"author":1,"featured_media":0,"parent":0,"menu_order":0,"comment_status":"closed","ping_status":"closed","template":"","meta":{"footnotes":""},"class_list":["post-1315","page","type-page","status-publish","hentry"],"jetpack_sharing_enabled":true,"_links":{"self":[{"href":"https:\/\/overline-poetry.de\/index.php\/wp-json\/wp\/v2\/pages\/1315","targetHints":{"allow":["GET"]}}],"collection":[{"href":"https:\/\/overline-poetry.de\/index.php\/wp-json\/wp\/v2\/pages"}],"about":[{"href":"https:\/\/overline-poetry.de\/index.php\/wp-json\/wp\/v2\/types\/page"}],"author":[{"embeddable":true,"href":"https:\/\/overline-poetry.de\/index.php\/wp-json\/wp\/v2\/users\/1"}],"replies":[{"embeddable":true,"href":"https:\/\/overline-poetry.de\/index.php\/wp-json\/wp\/v2\/comments?post=1315"}],"version-history":[{"count":1,"href":"https:\/\/overline-poetry.de\/index.php\/wp-json\/wp\/v2\/pages\/1315\/revisions"}],"predecessor-version":[{"id":1319,"href":"https:\/\/overline-poetry.de\/index.php\/wp-json\/wp\/v2\/pages\/1315\/revisions\/1319"}],"wp:attachment":[{"href":"https:\/\/overline-poetry.de\/index.php\/wp-json\/wp\/v2\/media?parent=1315"}],"curies":[{"name":"wp","href":"https:\/\/api.w.org\/{rel}","templated":true}]}}