
{"id":1322,"date":"2024-03-03T07:02:00","date_gmt":"2024-03-03T07:02:00","guid":{"rendered":"https:\/\/overline-poetry.de\/?page_id=1322"},"modified":"2025-09-14T07:17:12","modified_gmt":"2025-09-14T07:17:12","slug":"geschaeftsmodell-mpu-medizinisch-psychologische-untersuchung-die-trainierte-luege","status":"publish","type":"page","link":"https:\/\/overline-poetry.de\/index.php\/geschaeftsmodell-mpu-medizinisch-psychologische-untersuchung-die-trainierte-luege\/","title":{"rendered":"Gesch\u00e4ftsmodell MPU (medizinisch psychologische Untersuchung) \u2013 die trainierte L\u00fcge"},"content":{"rendered":"\n<p>Verkehrstauglichkeit und \u201eberauschende Abstinenz\u201c ist sehr wichtig,<br>aber ist das derzeitige <strong>MPU<\/strong>-Verfahren f\u00fcr die Sicherheit auch richtig?<br>Viel wichtiger w\u00e4re, so w\u00fcrde ich es als \u201eVerkehrstauglich\u201c verstehen,<br>das Betroffene k\u00fcnftig mit \u201eBerauschendem\u201c respektvoller umgehen!<\/p>\n\n\n\n<p>Wer eine <strong>MPU<\/strong> wegen \u201ehoher Punkte\u201c in Flensburg muss durchleiden<br>sollte der die Fahrt mit einem Fahrzeug in Zukunft dann vermeiden?<br>Wer nur fahren kann, alkoholisiert oder mit Drogen \u201evoll gedr\u00f6hnt\u201c,<br>dem sollte, auch ohne <strong>MPU<\/strong>, die Fahrt mit dem Fahrzeug abgew\u00f6hnt.<\/p>\n\n\n\n<p>Das psychologische Gutachten einer <strong>MPU<\/strong> basierend nur auf L\u00fcgen,<br>so wird man den Psychologen mit \u201etrainierten\u201c Antworten betr\u00fcgen.<br>Dieses Gutachten von nur einer Person in Abh\u00e4ngigkeit zu bringen,<br>l\u00e4sst vermuten, man will die <strong>MPU<\/strong>-Opfer zur \u201eGeldausgabe\u201c zwingen.<\/p>\n\n\n\n<p>Die Gutachter-Firmen die <strong>MPU<\/strong> als Gesch\u00e4ftsmodell f\u00fcr sich erkannt<br>und mit hoher Quote wird oft eine Wiederholung der <strong>MPU<\/strong> genannt.<br>Die <strong>MPU<\/strong> wird sich als \u201eGelddruckmaschine\u201c f\u00fcr die Firmen erweisen,<br>wo sie die zu Begutachtenden k\u00f6nnen um viel Geld \u201ebeschei..nigen\u201c.<\/p>\n\n\n\n<p>Voraussetzung f\u00fcr eine <strong>MPU<\/strong> ist ein Vorbereitungskurs f\u00fcr viel Geld<br>und dieses, wenn belegbar, vielleicht dem Psychologen dann gef\u00e4llt.<br>Hier werden richtige Antworten im Dialog mit einem Trainer geprobt<br>und wenn das <strong>MPU<\/strong>-Opfer alles richtig macht, dann zur <strong>MPU<\/strong> \u201egelobt\u201c.<\/p>\n\n\n\n<p>Meistens sind die Vorbereitungs- und Gutachter-Firmen \u201everbunden\u201c,<br>um die Gewinne mit den <strong>MPU<\/strong>-Opfern gut f\u00fcr sich dann aufzurunden.<br>Nat\u00fcrlich nicht zu offenkundig unter einem Dach und nicht zu direkt,<br>damit diese \u201eMachenschaften\u201c von Beh\u00f6rden werden nicht entdeckt.<\/p>\n\n\n\n<p><strong>\u00a9<\/strong> Rainer Dambroth \u2013 03.03.2024 \u2013 <strong><a href=\"http:\/\/www.overline-poetry.de\/\">www.overline-poetry.de<\/a><\/strong><br><br><strong><em>Sehenswert: <\/em><\/strong><em><strong>Am 22.02.2024 \u2013 23:35 \u2013 Reschke Fernsehen: Teure \u201eIdiotentests\u201c: Das Gesch\u00e4ft mit der MPU<\/strong><\/em> (<strong><em>auch in der ARD-Mediathek<\/em>)<\/strong><\/p>\n","protected":false},"excerpt":{"rendered":"<p>Verkehrstauglichkeit und \u201eberauschende Abstinenz\u201c ist sehr wichtig,aber ist das derzeitige MPU-Verfahren f\u00fcr die Sicherheit auch richtig?Viel wichtiger w\u00e4re, so w\u00fcrde ich es als \u201eVerkehrstauglich\u201c verstehen,das Betroffene k\u00fcnftig mit \u201eBerauschendem\u201c respektvoller umgehen! Wer eine MPU wegen \u201ehoher Punkte\u201c in Flensburg muss durchleidensollte der die Fahrt mit einem Fahrzeug in Zukunft dann vermeiden?Wer nur fahren kann, alkoholisiert [&hellip;]<\/p>\n","protected":false},"author":1,"featured_media":0,"parent":0,"menu_order":0,"comment_status":"closed","ping_status":"closed","template":"","meta":{"footnotes":""},"class_list":["post-1322","page","type-page","status-publish","hentry"],"jetpack_sharing_enabled":true,"_links":{"self":[{"href":"https:\/\/overline-poetry.de\/index.php\/wp-json\/wp\/v2\/pages\/1322","targetHints":{"allow":["GET"]}}],"collection":[{"href":"https:\/\/overline-poetry.de\/index.php\/wp-json\/wp\/v2\/pages"}],"about":[{"href":"https:\/\/overline-poetry.de\/index.php\/wp-json\/wp\/v2\/types\/page"}],"author":[{"embeddable":true,"href":"https:\/\/overline-poetry.de\/index.php\/wp-json\/wp\/v2\/users\/1"}],"replies":[{"embeddable":true,"href":"https:\/\/overline-poetry.de\/index.php\/wp-json\/wp\/v2\/comments?post=1322"}],"version-history":[{"count":2,"href":"https:\/\/overline-poetry.de\/index.php\/wp-json\/wp\/v2\/pages\/1322\/revisions"}],"predecessor-version":[{"id":1329,"href":"https:\/\/overline-poetry.de\/index.php\/wp-json\/wp\/v2\/pages\/1322\/revisions\/1329"}],"wp:attachment":[{"href":"https:\/\/overline-poetry.de\/index.php\/wp-json\/wp\/v2\/media?parent=1322"}],"curies":[{"name":"wp","href":"https:\/\/api.w.org\/{rel}","templated":true}]}}