
{"id":1330,"date":"2023-02-07T07:22:00","date_gmt":"2023-02-07T07:22:00","guid":{"rendered":"https:\/\/overline-poetry.de\/?page_id=1330"},"modified":"2025-09-14T07:34:54","modified_gmt":"2025-09-14T07:34:54","slug":"das-system-der-zeitarbeitsfirmen","status":"publish","type":"page","link":"https:\/\/overline-poetry.de\/index.php\/das-system-der-zeitarbeitsfirmen\/","title":{"rendered":"Das System der Zeitarbeitsfirmen"},"content":{"rendered":"\n<p>Ich bin ein Gegner von den Zeitarbeitsfirmen, deren einziges Ziel,<br>mit den \u201evermieteten Sklaven\u201c Geld verdienen und das sehr viel.<br>F\u00fcr die anmietenden Firmen wird Personal zur \u201eMan\u00f6vriermasse\u201c,<br>aber sie ersparen die Verwaltung, das ist gut f\u00fcr die Firmenkasse.<\/p>\n\n\n\n<p>Gedacht war Zeitarbeit f\u00fcr eine kurz anzumietende \u201eSpezialkraft\u201c,<br>die dann durch einen kurzfristigen Einsatz auch Entlastung schafft.<br>Bei Firmen, wo Personal erkrankt und dadurch in Funktionen fehlt,<br>wird eine erfahrende Kraft als Ersatz dann gebucht und das z\u00e4hlt.<\/p>\n\n\n\n<p>Bei einigen Firmen werden \u201eArbeitssklaven\u201c langfristig eingesetzt.<br>So umgeht man Doppelpersonalstrukturen und das wird gesch\u00e4tzt.<br>Auch Betriebsr\u00e4te und Gewerkschaften werden nicht eingebunden,<br>denn f\u00fcr die \u201eSklaven\u201c wurde noch keine Tarifzuordnung gefunden.<\/p>\n\n\n\n<p>Manchmal arbeiten die Zeitarbeitsfirmen nur in einer \u201eSubfunktion\u201c<br>und bekommen nur noch die \u201eBrotkrumen\u201c und den \u201eHungerlohn\u201c.<br>Wichtig ist, dass der Mindestlohn bleibt beim Arbeitenden h\u00e4ngen,<br>denn sonst wird man sich nur in der Not um diese Arbeit dr\u00e4ngen.<\/p>\n\n\n\n<p>Leistungen, wie Weihnachts- und Urlaubsgeld werden umgangen,<br>wenn man in den Karteien von den Zeitarbeitsfirmen ist gefangen.<br>In seltenen F\u00e4llen wird dieses auch von Zeitarbeitsfirmen gew\u00e4hrt,<br>aber man in einer betrieblichen Festanstellung doch besser \u201ef\u00e4hrt\u201c.<\/p>\n\n\n\n<p>Es wird von Zeitarbeitsfirmen ein Konto f\u00fcr \u00dcberstunden aufgebaut<br>und bei Nichtbesch\u00e4ftigung man auf dieses Guthabenkonto schaut.<br>Von den Auftraggebern wurden die geleisteten Stunden abkassiert.<br>Man braucht nicht lange rechnen, dass der \u201eSklave\u201c dabei verliert.<br><br>In kleinen Firmen ist das Zeitarbeitspersonal oft \u00dcberlebenswichtig,<br>denn nur mit dem eigenen Personal werden viele Auftr\u00e4ge nichtig.<br>Gro\u00dfe Konzerne haben auch eine soziale Verantwortung zu tragen,<br>denn hier arbeiten die \u201eSklaven\u201c in der Produktion an allen Tagen.<br><br><strong>\u00a9<\/strong> Rainer Dambroth \u2013 07.02.2023 \u2013 <strong><a href=\"http:\/\/www.overline-poetry.de\/\">www.overline-poetry.de<\/a><\/strong><br><br><strong>Im Dezember 2022 gab es in Deutschland weit \u00fcber 11.000 Zeitarbeitsfirmen!<\/strong><br><strong>Ich bezeichne sie eher als\u201eSklavenh\u00e4ndler\u201c<\/strong>, <strong>denn auch sie verdienen ihr Geld durch den Zwischenhandel von \u201eArbeitsleistern\u201cnach dem System \u201ehire and fire\u201c<\/strong>.<\/p>\n\n\n\n<p><\/p>\n","protected":false},"excerpt":{"rendered":"<p>Ich bin ein Gegner von den Zeitarbeitsfirmen, deren einziges Ziel,mit den \u201evermieteten Sklaven\u201c Geld verdienen und das sehr viel.F\u00fcr die anmietenden Firmen wird Personal zur \u201eMan\u00f6vriermasse\u201c,aber sie ersparen die Verwaltung, das ist gut f\u00fcr die Firmenkasse. Gedacht war Zeitarbeit f\u00fcr eine kurz anzumietende \u201eSpezialkraft\u201c,die dann durch einen kurzfristigen Einsatz auch Entlastung schafft.Bei Firmen, wo Personal [&hellip;]<\/p>\n","protected":false},"author":1,"featured_media":0,"parent":0,"menu_order":0,"comment_status":"closed","ping_status":"closed","template":"","meta":{"footnotes":""},"class_list":["post-1330","page","type-page","status-publish","hentry"],"jetpack_sharing_enabled":true,"_links":{"self":[{"href":"https:\/\/overline-poetry.de\/index.php\/wp-json\/wp\/v2\/pages\/1330","targetHints":{"allow":["GET"]}}],"collection":[{"href":"https:\/\/overline-poetry.de\/index.php\/wp-json\/wp\/v2\/pages"}],"about":[{"href":"https:\/\/overline-poetry.de\/index.php\/wp-json\/wp\/v2\/types\/page"}],"author":[{"embeddable":true,"href":"https:\/\/overline-poetry.de\/index.php\/wp-json\/wp\/v2\/users\/1"}],"replies":[{"embeddable":true,"href":"https:\/\/overline-poetry.de\/index.php\/wp-json\/wp\/v2\/comments?post=1330"}],"version-history":[{"count":1,"href":"https:\/\/overline-poetry.de\/index.php\/wp-json\/wp\/v2\/pages\/1330\/revisions"}],"predecessor-version":[{"id":1334,"href":"https:\/\/overline-poetry.de\/index.php\/wp-json\/wp\/v2\/pages\/1330\/revisions\/1334"}],"wp:attachment":[{"href":"https:\/\/overline-poetry.de\/index.php\/wp-json\/wp\/v2\/media?parent=1330"}],"curies":[{"name":"wp","href":"https:\/\/api.w.org\/{rel}","templated":true}]}}