
{"id":1344,"date":"2023-03-01T09:03:00","date_gmt":"2023-03-01T09:03:00","guid":{"rendered":"https:\/\/overline-poetry.de\/?page_id=1344"},"modified":"2025-09-14T09:06:13","modified_gmt":"2025-09-14T09:06:13","slug":"datenschuetzer-fluch-oder-segen","status":"publish","type":"page","link":"https:\/\/overline-poetry.de\/index.php\/datenschuetzer-fluch-oder-segen\/","title":{"rendered":"Datensch\u00fctzer &#8211; Fluch oder Segen?"},"content":{"rendered":"\n<p>Die Datensch\u00fctzer, agieren oft als &#8222;Bremser&#8220; der gesamten Nation,<br>denn anstatt die pers\u00f6nlichen Daten zu sch\u00fctzen, sind sie der Hohn.<br>Sie die Weitergabe der pers\u00f6nlichen Daten dann zu sehr sch\u00fctzen,<br>wer darf sie sehen und bei Anschreiben auch die Adresse ben\u00fctzen.<br>Und wer Datenschutz als Job hat, wird diesen mit &#8222;Hingabe&#8220; f\u00fcllen<br>und Sorge tragen, dass man nicht viel Pers\u00f6nliches muss enth\u00fcllen.<br><br>Hat der Patient einen Termin beim Arzt oder muss ins Krankenhaus,<br>dann erlebt man den \u00fcbertriebenen Datenschutz, welch ein Graus,<br>denn man muss st\u00e4ndig \u201eDatenfreigabeformulare\u201c unterschreiben,<br>wer darf meine Daten lesen und bei wem sollte dieses unterbleiben.<br>Ob dem Arzt, der einen eingewiesen hat, sollte dieses interessieren <br>und wenn nicht, wird die Nachbehandlung durch den Arzt verlieren.<br><br>Gerade im Internet erlebt man unseren Datenschutz in Reinkultur,<br>doch man fragt sich dann sehr oft, wen besch\u00fctzen die dabei nur?<br>Anstatt darauf zu achten, dass die Cookie-Einstellung nicht verwirrt,<br>wenn man durch die verschiedenen Cookie-Einstellungen dann irrt.<br>Abschlie\u00dfend muss die Einstellung der Cookies dann abgespeichert<br>und durch verschieden gro\u00dfe Button der Anbieter dieses bereichert.<br><br>Die Abfrage der Cookie-Einstellungen werden so geschickt initiiert,<br>so dass beim Speichern der Einstellung man oft zu viel akzeptiert.<br>Hier w\u00e4ren doch einfach gehaltene Regeln schon sehr angebracht,<br>so dass man den \u00dcberblick beh\u00e4lt und nicht zu viele Fehler macht.<br>Der Button \u201eAlles speichern\u201c ist gr\u00f6\u00dfer und \u201eoffensichtlich\u201c platziert,<br>beim kleineren Button \u201eAuswahl-Speichern\u201c den \u00dcberblick verliert.<br><br>Bei den Anschreiben zu einer Impfaufforderung zu \u201eCorona\u201c-Zeiten, <br>da konnte der \u00fcbertriebene Datenschutz einem nur Unmut bereiten.<br>Denn sie wollten zu der Adressbereitstellung das letzte Wort haben,<br>bevor sie ihr Einverst\u00e4ndnis zu der Datenbereitstellung dann gaben. <br>Manchmal ist der Datenschutz \u00fcberfl\u00fcssig, wie der Kropf in Bayern,<br>weil wir zur Erf\u00fcllung der Datenschutzbestimmung oft herum eiern.<br><br>\u00a9 Rainer Dambroth &#8211; 01.03.2023 &#8211; <a href=\"https:\/\/www.overline-poetry.de\/\">www.overline-poetry.de<\/a><\/p>\n","protected":false},"excerpt":{"rendered":"<p>Die Datensch\u00fctzer, agieren oft als &#8222;Bremser&#8220; der gesamten Nation,denn anstatt die pers\u00f6nlichen Daten zu sch\u00fctzen, sind sie der Hohn.Sie die Weitergabe der pers\u00f6nlichen Daten dann zu sehr sch\u00fctzen,wer darf sie sehen und bei Anschreiben auch die Adresse ben\u00fctzen.Und wer Datenschutz als Job hat, wird diesen mit &#8222;Hingabe&#8220; f\u00fcllenund Sorge tragen, dass man nicht viel Pers\u00f6nliches [&hellip;]<\/p>\n","protected":false},"author":1,"featured_media":0,"parent":0,"menu_order":0,"comment_status":"closed","ping_status":"closed","template":"","meta":{"footnotes":""},"class_list":["post-1344","page","type-page","status-publish","hentry"],"jetpack_sharing_enabled":true,"_links":{"self":[{"href":"https:\/\/overline-poetry.de\/index.php\/wp-json\/wp\/v2\/pages\/1344","targetHints":{"allow":["GET"]}}],"collection":[{"href":"https:\/\/overline-poetry.de\/index.php\/wp-json\/wp\/v2\/pages"}],"about":[{"href":"https:\/\/overline-poetry.de\/index.php\/wp-json\/wp\/v2\/types\/page"}],"author":[{"embeddable":true,"href":"https:\/\/overline-poetry.de\/index.php\/wp-json\/wp\/v2\/users\/1"}],"replies":[{"embeddable":true,"href":"https:\/\/overline-poetry.de\/index.php\/wp-json\/wp\/v2\/comments?post=1344"}],"version-history":[{"count":1,"href":"https:\/\/overline-poetry.de\/index.php\/wp-json\/wp\/v2\/pages\/1344\/revisions"}],"predecessor-version":[{"id":1348,"href":"https:\/\/overline-poetry.de\/index.php\/wp-json\/wp\/v2\/pages\/1344\/revisions\/1348"}],"wp:attachment":[{"href":"https:\/\/overline-poetry.de\/index.php\/wp-json\/wp\/v2\/media?parent=1344"}],"curies":[{"name":"wp","href":"https:\/\/api.w.org\/{rel}","templated":true}]}}