
{"id":1358,"date":"2021-05-30T09:27:00","date_gmt":"2021-05-30T09:27:00","guid":{"rendered":"https:\/\/overline-poetry.de\/?page_id=1358"},"modified":"2025-09-14T09:29:31","modified_gmt":"2025-09-14T09:29:31","slug":"trophaeenjaeger-ein-fall-fuer-den-psychiater","status":"publish","type":"page","link":"https:\/\/overline-poetry.de\/index.php\/trophaeenjaeger-ein-fall-fuer-den-psychiater\/","title":{"rendered":"Troph\u00e4enj\u00e4ger, ein Fall f\u00fcr den Psychiater?"},"content":{"rendered":"\n<p>Um so seltener auf dieser Welt zu finden ist das zu erlegende Tier,<br>um so gr\u00f6\u00dfer w\u00e4chst bei dem Troph\u00e4enj\u00e4ger danach seine Gier.<br>Was treibt diese Menschen zu solchen schwachsinnigen Taten an?<br>Sie machen alles, was ein Normalmensch sich nicht leisten kann.<br><br>Nachdem der J\u00e4ger, das Tier aus sicherer Entfernung hat erschossen<br>wird mit verschieden Fotoposen dieser fragw\u00fcrdige &#8222;Sieg&#8220; genossen.<br>So kann jeder diesen fragw\u00fcrdigen Sieg sehen und ihn feiern als Held.<br>F\u00fcr diese Leistung brauchte man kein Hirn, nur Beziehung und Geld.<br><br>Ihren Reichtum haben sie nicht immer mit eigenem Fleiss bekommen,<br>denn sie wurden nur reich, weil anderen wurde etwas weggenommen.<br>Durch Korruption im eigenem Land, &#8222;f\u00fcttert&#8220; man so manche Hand,<br>dann l\u00e4uft die Kapitalanh\u00e4ufung oder Vermehrung, wie &#8222;vom Band&#8220;.<br><br>Da in den L\u00e4ndern, wo sie jagen, die Korruption sehr massiv grassiert<br>kann alles alles gegen Geld gejagd werden, das Wildtier dabei verliert<br>In Freiheit in der Wildnis ist diese ganze Tier besser an zu schauen<br>als Bodenbelag oder Wandbehang in der l\u00e4sst es einen nur grauen<br><br>Selbst die Frau wird von dem Mann als eine Jagdtroph\u00e4e angesehen,<br>denn als die wahre Liebe kann man diese Verbindung nicht verstehen.<br>Sie braucht viel Geld, um sich als Troph\u00e4e f\u00fcr den Mann zu dekorieren,<br>sie will doch ihren Mann nicht in &#8222;unmodischen Klamotten&#8220; blamieren.<br><br>Ein Verbot f\u00fcr die Einfuhr von gesch\u00fctzten Tieren auch als Troph\u00e4en,<br>w\u00fcrde ich doch begr\u00fc\u00dfen und als Erfolg f\u00fcr die Menschheit ansehen.<br>Wird gesetzlich das Zeigen und der Besitz von Troph\u00e4en verwehrt,<br>dann bleiben die Tiere weiter in ihrer Freiheit und leben unbeschwert<br><br>F\u00fcr die ganz Perversen werden dann fast zahme Tiere bereit gestellt.<br>Freigelassen vor die Flinte getrieben, mit der Hoffnung, das es gef\u00e4llt.<br>Die zahmen Tiere, weil keine Angst vor Menschen, sich kaum bewegen,<br>k\u00f6nnen selbst die unerfahrenen Troph\u00e4enj\u00e4ger die Tiere leicht erlegen.<br> <br>Ich beneide diese Menschen mit ihren fragw\u00fcrdigen Reichtum nicht, <br>aber so wie sie leben, w\u00e4re f\u00fcr mich auf Lebensqualit\u00e4t doch Verzicht<br>Sie wollen anderen Ihren Reichtum zeigen und ihren &#8222;Mut&#8220; beweisen<br>darum gehen sie in gleich gesinnter Gesellschaft auf Troph\u00e4enreisen.<br><br>Ich will mich mit solchen Menschen auch nicht allt\u00e4glich umgeben,<br>auch wie sie um Anerkennung &#8222;betteln&#8220;, so m\u00f6chte ich nicht leben.<br>Warum dieser Grund f\u00fcr dieses Tun, Leute lasst mich doch mal raten.<br>Ein mangelndes Selbstwertgef\u00fchl scheint der Grund f\u00fcr diese Taten.<br><br><strong>\u00a9<\/strong> Rainer Dambroth &#8211; 30.05.2021 &#8211; <strong><a href=\"https:\/\/www.overline-poetry.de\">www.overline-poetry.de<\/a><\/strong><\/p>\n","protected":false},"excerpt":{"rendered":"<p>Um so seltener auf dieser Welt zu finden ist das zu erlegende Tier,um so gr\u00f6\u00dfer w\u00e4chst bei dem Troph\u00e4enj\u00e4ger danach seine Gier.Was treibt diese Menschen zu solchen schwachsinnigen Taten an?Sie machen alles, was ein Normalmensch sich nicht leisten kann. Nachdem der J\u00e4ger, das Tier aus sicherer Entfernung hat erschossenwird mit verschieden Fotoposen dieser fragw\u00fcrdige &#8222;Sieg&#8220; [&hellip;]<\/p>\n","protected":false},"author":1,"featured_media":0,"parent":0,"menu_order":0,"comment_status":"closed","ping_status":"closed","template":"","meta":{"footnotes":""},"class_list":["post-1358","page","type-page","status-publish","hentry"],"jetpack_sharing_enabled":true,"_links":{"self":[{"href":"https:\/\/overline-poetry.de\/index.php\/wp-json\/wp\/v2\/pages\/1358","targetHints":{"allow":["GET"]}}],"collection":[{"href":"https:\/\/overline-poetry.de\/index.php\/wp-json\/wp\/v2\/pages"}],"about":[{"href":"https:\/\/overline-poetry.de\/index.php\/wp-json\/wp\/v2\/types\/page"}],"author":[{"embeddable":true,"href":"https:\/\/overline-poetry.de\/index.php\/wp-json\/wp\/v2\/users\/1"}],"replies":[{"embeddable":true,"href":"https:\/\/overline-poetry.de\/index.php\/wp-json\/wp\/v2\/comments?post=1358"}],"version-history":[{"count":1,"href":"https:\/\/overline-poetry.de\/index.php\/wp-json\/wp\/v2\/pages\/1358\/revisions"}],"predecessor-version":[{"id":1362,"href":"https:\/\/overline-poetry.de\/index.php\/wp-json\/wp\/v2\/pages\/1358\/revisions\/1362"}],"wp:attachment":[{"href":"https:\/\/overline-poetry.de\/index.php\/wp-json\/wp\/v2\/media?parent=1358"}],"curies":[{"name":"wp","href":"https:\/\/api.w.org\/{rel}","templated":true}]}}