
{"id":1375,"date":"2023-02-04T09:54:00","date_gmt":"2023-02-04T09:54:00","guid":{"rendered":"https:\/\/overline-poetry.de\/?page_id=1375"},"modified":"2025-09-14T13:02:52","modified_gmt":"2025-09-14T13:02:52","slug":"treib-drueck-und-baujagd","status":"publish","type":"page","link":"https:\/\/overline-poetry.de\/index.php\/treib-drueck-und-baujagd\/","title":{"rendered":"Treib-, Dr\u00fcck- und Baujagd"},"content":{"rendered":"\n<p>Wenn die Treiber den J\u00e4gern das Wild vor des J\u00e4gers Flinte treiben,<br>so manches mal auch die treibenden Treiber auf der Strecke bleiben.<br>Die J\u00e4ger zielen bei der \u201ekollektiven Bejagung\u201c nicht immer so genau<br>und unterscheiden nicht immer den Treiber von der getriebenen Sau.<br><br>Wenn der J\u00e4ger geht zur Jagd dann durch Feld und Wald auf die Pirsch,<br>da erschie\u00dft er schon mal ein Pferd oder eine Kuh, anstatt den Hirsch.<br>So manches Mal unterscheidet er nicht, wie kann es doch anders sein,<br>dann schie\u00dft er auf Wanderer, anstatt auf das anvisierte wilde Schwein.<br><br>Was mich pers\u00f6nlich w\u00fctend macht und nat\u00fcrlich auch sehr verdrossen,<br>dass ein \u201efl\u00fcchtendes Wild\u201c wird schon mal nur &#8222;waidwund&#8220; geschossen.<br>Hier w\u00e4re ein Besuch beim Optiker zwingend, um das Wild zu erkennen,<br>um hier auch den Vorteil von einer sichtsch\u00e4rfenden Brille zu benennen.<br><br>Ich habe selbst erlebt, wo nach nach einer Treibjagd wurde abgeblasen<br>und als Ausbeute der Jagd lagen als &#8222;Strecke&#8220; nur einige wenige Hasen.<br>Aber solange sich auf dem Feld auch nur noch ein einzelner Hase bewegt,<br>solange wird auch die Jagdflinte auf diesen letzten Hasen dann angelegt.<br><br>Wo er bei den Jagdgegner auf Unverst\u00e4ndnis st\u00f6\u00dft und was nicht gef\u00e4llt,<br>dass der Fuchs wird gnadenlos bejagt und sehr brutal dann nachgestellt.<br>Der J\u00e4ger auch krampfhaft stets nach den schl\u00fcssigen Argumenten sucht,<br>warum er den Mitj\u00e4ger Fuchs ist so verhasst und warum er ihn verflucht.<br><br>Der J\u00e4ger sieht sich in seiner Funktion als wahrer Naturfreund und Heger,<br>im Grunde seines Herzen will er schie\u00dfen, denn er ist und bleibt ein J\u00e4ger.<br>Als Heger zu agieren das hei\u00dft, dass er den gesamten Wildbestand pflegt,<br>aber ihn interessiert nur das \u201eEssbare\u201c und das andere wird brutal erlegt.<br><br><strong>\u00a9<\/strong> Rainer Dambroth &#8211; 04.02.2023 &#8211; <strong><a href=\"http:\/\/www.overline-poetry.de\/\">www.overline-poetry.de<\/a><\/strong><br><br><strong><a href=\"https:\/\/overline-poetry.de\/wp-admin\/post.php?post=1382&amp;action=edit\">Warum t\u00f6ten J\u00e4ger F\u00fcchse?<\/a><\/strong><br><strong><a href=\"https:\/\/overline-poetry.de\/wp-admin\/post.php?post=1368&amp;action=edit\">Die J\u00e4ger jagen durch Flur und Wald<\/a><\/strong><br><em><br><\/em><br><\/p>\n","protected":false},"excerpt":{"rendered":"<p>Wenn die Treiber den J\u00e4gern das Wild vor des J\u00e4gers Flinte treiben,so manches mal auch die treibenden Treiber auf der Strecke bleiben.Die J\u00e4ger zielen bei der \u201ekollektiven Bejagung\u201c nicht immer so genauund unterscheiden nicht immer den Treiber von der getriebenen Sau. Wenn der J\u00e4ger geht zur Jagd dann durch Feld und Wald auf die Pirsch,da [&hellip;]<\/p>\n","protected":false},"author":1,"featured_media":0,"parent":0,"menu_order":0,"comment_status":"closed","ping_status":"closed","template":"","meta":{"footnotes":""},"class_list":["post-1375","page","type-page","status-publish","hentry"],"jetpack_sharing_enabled":true,"_links":{"self":[{"href":"https:\/\/overline-poetry.de\/index.php\/wp-json\/wp\/v2\/pages\/1375","targetHints":{"allow":["GET"]}}],"collection":[{"href":"https:\/\/overline-poetry.de\/index.php\/wp-json\/wp\/v2\/pages"}],"about":[{"href":"https:\/\/overline-poetry.de\/index.php\/wp-json\/wp\/v2\/types\/page"}],"author":[{"embeddable":true,"href":"https:\/\/overline-poetry.de\/index.php\/wp-json\/wp\/v2\/users\/1"}],"replies":[{"embeddable":true,"href":"https:\/\/overline-poetry.de\/index.php\/wp-json\/wp\/v2\/comments?post=1375"}],"version-history":[{"count":3,"href":"https:\/\/overline-poetry.de\/index.php\/wp-json\/wp\/v2\/pages\/1375\/revisions"}],"predecessor-version":[{"id":1390,"href":"https:\/\/overline-poetry.de\/index.php\/wp-json\/wp\/v2\/pages\/1375\/revisions\/1390"}],"wp:attachment":[{"href":"https:\/\/overline-poetry.de\/index.php\/wp-json\/wp\/v2\/media?parent=1375"}],"curies":[{"name":"wp","href":"https:\/\/api.w.org\/{rel}","templated":true}]}}