
{"id":1382,"date":"2021-05-30T10:10:00","date_gmt":"2021-05-30T10:10:00","guid":{"rendered":"https:\/\/overline-poetry.de\/?page_id=1382"},"modified":"2025-09-14T12:51:27","modified_gmt":"2025-09-14T12:51:27","slug":"warum-toeten-jaeger-fuechse","status":"publish","type":"page","link":"https:\/\/overline-poetry.de\/index.php\/warum-toeten-jaeger-fuechse\/","title":{"rendered":"Warum t\u00f6ten J\u00e4ger F\u00fcchse?"},"content":{"rendered":"\n<p>Der J\u00e4ger nimmt sich das Recht heraus zu entscheiden,<br>was mag er essen und kann deshalb auch &#8222;gut leiden&#8220;.<br>Wird die &#8222;Strecke&#8220; der F\u00fcchse nach der Jagd ausgelegt,<br>frage ich mich nur, was hat die J\u00e4ger wohl dazu bewegt.<br><br>Worauf sind J\u00e4ger blo\u00df stolz und f\u00fchlen sich im Recht<br>und den &#8222;Beutekonkurrenten&#8220; geht es dann schlecht.<br>Ich habe noch kein J\u00e4ger M\u00e4use oder Aas essen sehen,<br>darum kann ich diesen Hass auf F\u00fcchse nicht verstehen.<br><br>J\u00e4ger, die ich im Laufe meines Lebens kennengelernt,<br>h\u00e4tte ich am liebsten von dieser Welt gleich entfernt.<br>Warum ist der J\u00e4ger dem Fuchs gegen\u00fcber so verhasst?<br>Was hat der Fuchs dem J\u00e4ger getan und dazu veranlasst?<br><br>J\u00e4ger trennen zwischen essbar und nicht zu geniessen,<br>was er nicht mag, wird er dann gnadenlos erschiessen.<br>F\u00fcr neue Erkenntnisse, da ist er nicht aufgeschlossen,<br>sieht er einen Fuchs, dann macht ihn das verdrossen.<br><br>Der J\u00e4ger nur das f\u00fcr ihn wichtige Beutewild sch\u00fctzt<br>was f\u00fcr Verkauf oder f\u00fcr die eigene Speisekarte n\u00fctzt.<br>Der Fuchs, der erkl\u00e4rte Feind und keiner erkl\u00e4rt warum.<br>Da es auch Studierte als J\u00e4ger gibt, sind sie nicht dumm.<br><br>Der Mythos, das F\u00fcchse Gefl\u00fcgel aus den St\u00e4llen stehlen,<br>d\u00fcrfte heute nicht mehr als Argument f\u00fcr mich z\u00e4hlen.<br>Kommt er an einem Stall vorbei und der Hunger dr\u00e4ngt,<br>der Fuchs schon mal ein freil\u00e4ufendes Huhn f\u00fcr sich f\u00e4ngt,<br><br>Wird bei der Treibjagd ein J\u00e4ger oder Treiber angeschossen<br>habe ich diese Nachricht stets mit Freuden sehr genossen.<br>Bei dem Alkohol, der vorher wird gemeinsam einverleibt,<br>sieht man nicht so genau, was einem vor die Flinte treibt.<br><br>Sie sehen sich als K\u00f6nig, als Herrscher in ihrem Jagdrevier<br>ausgestattet mit der Lizenz, zu entscheiden \u00fcber jedes Tier.<br>Sie nutzen dann in Jagdgemeinschaften das Wild zu t\u00f6ten,<br>bei diesem Eifer, geht der Verstand auch schon mal &#8222;fl\u00f6ten&#8220;.<br> <br><strong>\u00a9<\/strong> Rainer Dambroth &#8211; 30.05.2021 &#8211; <strong><a href=\"https:\/\/www.overline-poetry.de\">www.overline-poetry.de<\/a><\/strong><\/p>\n\n\n\n<p>Anmerkung: In der Saison 2019\/20 belief sich die Jahresstrecke von <strong>F\u00fcchsen<\/strong> auf 454.084 erlegte Tiere in <strong>Deutschland<\/strong>.<\/p>\n","protected":false},"excerpt":{"rendered":"<p>Der J\u00e4ger nimmt sich das Recht heraus zu entscheiden,was mag er essen und kann deshalb auch &#8222;gut leiden&#8220;.Wird die &#8222;Strecke&#8220; der F\u00fcchse nach der Jagd ausgelegt,frage ich mich nur, was hat die J\u00e4ger wohl dazu bewegt. Worauf sind J\u00e4ger blo\u00df stolz und f\u00fchlen sich im Rechtund den &#8222;Beutekonkurrenten&#8220; geht es dann schlecht.Ich habe noch kein [&hellip;]<\/p>\n","protected":false},"author":1,"featured_media":0,"parent":0,"menu_order":0,"comment_status":"closed","ping_status":"closed","template":"","meta":{"footnotes":""},"class_list":["post-1382","page","type-page","status-publish","hentry"],"jetpack_sharing_enabled":true,"_links":{"self":[{"href":"https:\/\/overline-poetry.de\/index.php\/wp-json\/wp\/v2\/pages\/1382","targetHints":{"allow":["GET"]}}],"collection":[{"href":"https:\/\/overline-poetry.de\/index.php\/wp-json\/wp\/v2\/pages"}],"about":[{"href":"https:\/\/overline-poetry.de\/index.php\/wp-json\/wp\/v2\/types\/page"}],"author":[{"embeddable":true,"href":"https:\/\/overline-poetry.de\/index.php\/wp-json\/wp\/v2\/users\/1"}],"replies":[{"embeddable":true,"href":"https:\/\/overline-poetry.de\/index.php\/wp-json\/wp\/v2\/comments?post=1382"}],"version-history":[{"count":1,"href":"https:\/\/overline-poetry.de\/index.php\/wp-json\/wp\/v2\/pages\/1382\/revisions"}],"predecessor-version":[{"id":1386,"href":"https:\/\/overline-poetry.de\/index.php\/wp-json\/wp\/v2\/pages\/1382\/revisions\/1386"}],"wp:attachment":[{"href":"https:\/\/overline-poetry.de\/index.php\/wp-json\/wp\/v2\/media?parent=1382"}],"curies":[{"name":"wp","href":"https:\/\/api.w.org\/{rel}","templated":true}]}}