
{"id":1393,"date":"2022-06-01T13:15:00","date_gmt":"2022-06-01T13:15:00","guid":{"rendered":"https:\/\/overline-poetry.de\/?page_id=1393"},"modified":"2025-09-14T13:29:03","modified_gmt":"2025-09-14T13:29:03","slug":"die-orgel-der-neuen-bundesregierung","status":"publish","type":"page","link":"https:\/\/overline-poetry.de\/index.php\/die-orgel-der-neuen-bundesregierung\/","title":{"rendered":"Die Orgel der neuen Bundesregierung"},"content":{"rendered":"\n<p>Kaum wurde die neue Orgel mit den neuen Orgelpfeifen in Betrieb genommen,<br>ist von allen Seiten Kritik \u00fcber die \u201eT\u00f6ne\u201c der neuen Orgelpfeifen gekommen.<br>Am lautesten die CDU\/CSU, die in sechzehn Jahren den Stillstand \u201ezementiert\u201c<br>und sich jetzt aufregt, was mit der Energieversorgung durch Russland passiert.<br><br>Die letzten Angriffskriege von Putin h\u00e4tten zur besonderer Vorsicht ermahnt<br>und jetzt so zu tun, alles h\u00e4tte man vieles im Umgang mit Putin nicht geahnt.<br>Als Putin die Krim mit Gewalt und ohne Protest aus dem Westen annektiert,<br>musste den Politikern klar sein, dass ein Staat seine Eigenst\u00e4ndigkeit verliert.<br><br>Mit der Vogelstrau\u00df-Politik, dass hei\u00dft den Kopf tief in den Sand verstecken,<br>oder wie bei den Affen: \u201enichts sehen, h\u00f6ren oder sagen\u201c, nichts entdecken.<br>Man lie\u00df Putin gew\u00e4hren und ohne zu ermahnende Proteste alles so laufen,<br>um weiter die ben\u00f6tigten Rohstoffe und \u201ebillig\u201c Gas von Russland einzukaufen,<br><br>Der neuen Regierung wurde eine kriegerische Situation in Europa \u00fcbertragen<br>und dadurch nun auch die Probleme der Energieversorgung alles \u00fcberragen.<br>Hier sollten alle demokratischen Parteien gemeinsam in eine Richtung denken<br>und die Probleme l\u00f6sen und den \u201eKarren aus dem Dreck\u201c dann wieder lenken.<br><br>Der AFD scheint der russische Angriffkrieg der Ukraine nicht zu interessieren,<br>ob nun die Menschen ihre Heimat oder sogar auch ihr Leben dadurch verlieren.<br>Vielleicht, weil sie von Putin f\u00fcr ihre Meinung und Haltung werden finanziert<br>und \u201ewessen Brot ich esse\u201c, dessen Meinung dann mich auch nur interessiert.<br><br>Wenn alle zur Zeit anstehenden staatstragenden Probleme wieder im Griff,<br>dann kann jede Partei wieder segeln mit ihrer Meinung und Karte das Schiff.<br>Populismus oder Regierungsfehlerkritik ist zur Zeit doch das falschen Signal,<br>denn es sind wichtige Probleme zu l\u00f6sen, bis zu der n\u00e4chsten Bundestagswahl.<br><br><strong>\u00a9<\/strong> Rainer Dambroth &#8211; 01.06.2022 &#8211; <strong><a href=\"http:\/\/www.overline-poetry.de\/\">www.overline-poetry.de<\/a><\/strong><br><br><strong><a href=\"https:\/\/overline-poetry.de\/wp-admin\/post.php?post=281&amp;action=edit\">Die Orgel der alten Bundesregierung<\/a><\/strong><\/p>\n","protected":false},"excerpt":{"rendered":"<p>Kaum wurde die neue Orgel mit den neuen Orgelpfeifen in Betrieb genommen,ist von allen Seiten Kritik \u00fcber die \u201eT\u00f6ne\u201c der neuen Orgelpfeifen gekommen.Am lautesten die CDU\/CSU, die in sechzehn Jahren den Stillstand \u201ezementiert\u201cund sich jetzt aufregt, was mit der Energieversorgung durch Russland passiert. Die letzten Angriffskriege von Putin h\u00e4tten zur besonderer Vorsicht ermahntund jetzt so [&hellip;]<\/p>\n","protected":false},"author":1,"featured_media":0,"parent":0,"menu_order":0,"comment_status":"closed","ping_status":"closed","template":"","meta":{"footnotes":""},"class_list":["post-1393","page","type-page","status-publish","hentry"],"jetpack_sharing_enabled":true,"_links":{"self":[{"href":"https:\/\/overline-poetry.de\/index.php\/wp-json\/wp\/v2\/pages\/1393","targetHints":{"allow":["GET"]}}],"collection":[{"href":"https:\/\/overline-poetry.de\/index.php\/wp-json\/wp\/v2\/pages"}],"about":[{"href":"https:\/\/overline-poetry.de\/index.php\/wp-json\/wp\/v2\/types\/page"}],"author":[{"embeddable":true,"href":"https:\/\/overline-poetry.de\/index.php\/wp-json\/wp\/v2\/users\/1"}],"replies":[{"embeddable":true,"href":"https:\/\/overline-poetry.de\/index.php\/wp-json\/wp\/v2\/comments?post=1393"}],"version-history":[{"count":2,"href":"https:\/\/overline-poetry.de\/index.php\/wp-json\/wp\/v2\/pages\/1393\/revisions"}],"predecessor-version":[{"id":1399,"href":"https:\/\/overline-poetry.de\/index.php\/wp-json\/wp\/v2\/pages\/1393\/revisions\/1399"}],"wp:attachment":[{"href":"https:\/\/overline-poetry.de\/index.php\/wp-json\/wp\/v2\/media?parent=1393"}],"curies":[{"name":"wp","href":"https:\/\/api.w.org\/{rel}","templated":true}]}}