
{"id":1407,"date":"2023-02-13T14:22:00","date_gmt":"2023-02-13T14:22:00","guid":{"rendered":"https:\/\/overline-poetry.de\/?page_id=1407"},"modified":"2025-09-14T14:25:33","modified_gmt":"2025-09-14T14:25:33","slug":"amira-mohamed-ali-fraktionsvorsitzende-der-linken-fordert-frieden-schaffen-ohne-waffen","status":"publish","type":"page","link":"https:\/\/overline-poetry.de\/index.php\/amira-mohamed-ali-fraktionsvorsitzende-der-linken-fordert-frieden-schaffen-ohne-waffen\/","title":{"rendered":"Amira Mohamed Ali, Fraktionsvorsitzende der Linken fordert: \u201eFrieden schaffen &#8211; ohne Waffen!\u201c"},"content":{"rendered":"\n<p>Amira Mohamed Ali fordert: \u201eWir sollten doch mit Putin sprechen\u201c,<br>denn noch weitere Waffenlieferungen werden sich f\u00fcr uns r\u00e4chen.<br>Hat die Linken-Fraktionsvorsitzende etwas in Geschichte vers\u00e4umt,<br>oder hat sie etwa von einem friedlichen Despoten Putin getr\u00e4umt?<br><br>1994 wurde von dem Despoten ein Friedensabkommen ratifiziert<br>und das der russische Staat den Frieden f\u00fcr die Ukraine garantiert.<br>Russland wird die Ukraine als einen souver\u00e4nen Staat anerkennen,<br>um hier mal die Inhalte von dem Friedensabkommen zu benennen.<br><br>Als Forderung musste die Ukraine \u201eAtomwaffenfrei\u201c dann werden,<br>um ein friedliches Miteinander zu garantieren, hier auf den Erden.<br>Dieser Forderung wurde seitens der Ukraine dann nachgekommen<br>und Staaten wurden als Zeugen ins Abkommen mit aufgenommen.<br><br>Den russischen Despoten dieses Abkommen nicht mehr interessiert<br>und so ist er zu einer Friedensmission in die Ukraine einmarschiert.<br>Der Despot Putin doch Wortbruch begeht, wenn er etwas verspricht,<br>denn seine Versprechen von gestern, interessieren ihn heute nicht.<br><br>Putins Friedensverhandlung: Er will zuerst die Ukraine annektieren<br>und wenn sie das nicht wollen, dann werden sie ihr Land &#8222;verlieren&#8220;.<br>Er will, dass die Ukrainer als Vasallen unter russischer F\u00fchrung leben<br>und als Herrscher ist er dann von seinen Vasallenstaaten umgeben. <br><br>Putin ist ein potentieller L\u00fcgner und der Weltmeister im Wortbruch!<br>Deshalb lohnt nicht, f\u00fcr einen Friedensvertrag mit Putin der Versuch!<br>Wie sollen Friedensvereinbarungen mit Putin &#8222;abgesichert&#8220; werden?<br>Despot Putin ist der gr\u00f6\u00dfte \u201eL\u00fcgenbaron\u201c auf den russischen Erden!<br><br>\u00a9 Rainer Dambroth &#8211; 13.02.2023 &#8211; <a href=\"http:\/\/www.overline-poetry.de\/\">www.overline-poetry.de<\/a><strong><br><br>Diskussionsrunde \u201eHart aber fair\u201c &#8211; 13.02.2023<\/strong><br><br><strong>Budapester Memorandum.<\/strong> Das Dokument wurde am 5. Dezember 1994 auf dem Gipfel der Organisation f\u00fcr Sicherheit und Zusammenarbeit in Europa (OSZE) unterzeichnet.<br>Darin begr\u00fc\u00dften die USA, Gro\u00dfbritannien und Russland die Entscheidung der Regierung in Kiew, dem Atomwaffensperrvertrag beizutreten. Sie sicherten unter anderem zu, <strong><span style=\"text-decoration: underline;\">die Unabh\u00e4ngigkeit und &#8222;die existierenden Grenzen&#8220; der Ukraine zu respektieren<\/span><\/strong>!<\/p>\n","protected":false},"excerpt":{"rendered":"<p>Amira Mohamed Ali fordert: \u201eWir sollten doch mit Putin sprechen\u201c,denn noch weitere Waffenlieferungen werden sich f\u00fcr uns r\u00e4chen.Hat die Linken-Fraktionsvorsitzende etwas in Geschichte vers\u00e4umt,oder hat sie etwa von einem friedlichen Despoten Putin getr\u00e4umt? 1994 wurde von dem Despoten ein Friedensabkommen ratifiziertund das der russische Staat den Frieden f\u00fcr die Ukraine garantiert.Russland wird die Ukraine als [&hellip;]<\/p>\n","protected":false},"author":1,"featured_media":0,"parent":0,"menu_order":0,"comment_status":"closed","ping_status":"closed","template":"","meta":{"footnotes":""},"class_list":["post-1407","page","type-page","status-publish","hentry"],"jetpack_sharing_enabled":true,"_links":{"self":[{"href":"https:\/\/overline-poetry.de\/index.php\/wp-json\/wp\/v2\/pages\/1407","targetHints":{"allow":["GET"]}}],"collection":[{"href":"https:\/\/overline-poetry.de\/index.php\/wp-json\/wp\/v2\/pages"}],"about":[{"href":"https:\/\/overline-poetry.de\/index.php\/wp-json\/wp\/v2\/types\/page"}],"author":[{"embeddable":true,"href":"https:\/\/overline-poetry.de\/index.php\/wp-json\/wp\/v2\/users\/1"}],"replies":[{"embeddable":true,"href":"https:\/\/overline-poetry.de\/index.php\/wp-json\/wp\/v2\/comments?post=1407"}],"version-history":[{"count":1,"href":"https:\/\/overline-poetry.de\/index.php\/wp-json\/wp\/v2\/pages\/1407\/revisions"}],"predecessor-version":[{"id":1411,"href":"https:\/\/overline-poetry.de\/index.php\/wp-json\/wp\/v2\/pages\/1407\/revisions\/1411"}],"wp:attachment":[{"href":"https:\/\/overline-poetry.de\/index.php\/wp-json\/wp\/v2\/media?parent=1407"}],"curies":[{"name":"wp","href":"https:\/\/api.w.org\/{rel}","templated":true}]}}