
{"id":1414,"date":"2022-10-14T14:50:00","date_gmt":"2022-10-14T14:50:00","guid":{"rendered":"https:\/\/overline-poetry.de\/?page_id=1414"},"modified":"2025-09-14T14:55:01","modified_gmt":"2025-09-14T14:55:01","slug":"prominente-zum-ukrainekrieg","status":"publish","type":"page","link":"https:\/\/overline-poetry.de\/index.php\/prominente-zum-ukrainekrieg\/","title":{"rendered":"Prominente zum Ukrainekrieg"},"content":{"rendered":"\n<p>Die Kritik von Sahra Wagenknecht: Wir sollten mit Putin sprechen,<br>denn die Lieferung von Kriegsger\u00e4t w\u00fcrde sich f\u00fcr uns nur r\u00e4chen.<br>Hat sie einen Befehl vom Despoten Putin zur Ausf\u00fchrung erhalten,<br>sie m\u00f6ge alles daran setzen, die russisch treue Linke abzuspalten.<br><br>Hat sie \u201eden Boden der Realit\u00e4t\u201c in Putins Angriffskrieg verlassen?<br>Sie muss den Despoten Putin verehren und die Demokratie hassen.<br>Oder wurde sie von Putin als prorussischer Wahlhelfer eingesetzt?<br>Ihren Einfluss auf die Wahl in Niedersachsen hat sie untersch\u00e4tzt.<br><br>Auch Dieter Bohlen muss \u201eseinen Senf\u201c zum Ukrainekrieg abgeben:<br>\u201eWir sollten doch endlich die Sanktionen gegen Russland aufheben\u201c.<br>Er sollte lieber mit seiner Meinung zu dem Ukrainekrieg schweigen,<br>und nicht seine ungefragte Meinung zu dem Krieg \u00f6ffentlich zeigen.<br><br>Hat Bohlen durch die Sanktionen seine Fans in Russland verloren,<br>oder sieht er sich auch im Kreise der ungefragten Kommentatoren.<br>Dem Wendler wurde durch \u00f6ffentliche Aussagen ein Ende gesetzt<br>und auch Xavier Naidoo hatte sich mit seinem Einfluss \u00fcbersch\u00e4tzt.<br><br>Werden die CD-Exporte seiner Platten nach Russland sanktioniert<br>und er durch diese Sanktionen seine wichtigen Einnahmen verliert.<br>Ihm ist sein Geld wohl wichtiger als von den Menschen das Leben<br>und deshalb wird er seinen Protest gegen die Sanktionen erheben.<br><br>Gegor Gysi r\u00e4t: \u201eWir sollten zwar Hilfe leisten, aber nur humanit\u00e4r<br>und sollten Betonmischmaschinen liefern, gegen russisches Milit\u00e4r\u201c.<br>Er w\u00fcrde es doch jedes Mal mit einer gro\u00dfen Begeisterung sehen,<br>wenn Geb\u00e4ude zerbombt, wieder in kurzer Zeit aufgebaut stehen.<br><br>Diese schon \u201efast tragische Logik\u201c kann ich so nicht nachvollziehen,<br>wenn Menschen wegen Zerst\u00f6rungen m\u00fcssen aus dem Land fliehen.<br>Mit roher Gewalt wird die Ukraine von Russland in die Not gedr\u00e4ngt<br>und der Despot Putin geh\u00f6rt f\u00fcr den Krieg an den Galgen geh\u00e4ngt.<br><br>\u00a9 Rainer Dambroth &#8211; 14.10.2022 &#8211; <strong><a href=\"http:\/\/www.overline-poetry.de\/\">www.overline-poetry.de<\/a><\/strong><\/p>\n\n\n\n<p><\/p>\n","protected":false},"excerpt":{"rendered":"<p>Die Kritik von Sahra Wagenknecht: Wir sollten mit Putin sprechen,denn die Lieferung von Kriegsger\u00e4t w\u00fcrde sich f\u00fcr uns nur r\u00e4chen.Hat sie einen Befehl vom Despoten Putin zur Ausf\u00fchrung erhalten,sie m\u00f6ge alles daran setzen, die russisch treue Linke abzuspalten. Hat sie \u201eden Boden der Realit\u00e4t\u201c in Putins Angriffskrieg verlassen?Sie muss den Despoten Putin verehren und die [&hellip;]<\/p>\n","protected":false},"author":1,"featured_media":0,"parent":0,"menu_order":0,"comment_status":"closed","ping_status":"closed","template":"","meta":{"footnotes":""},"class_list":["post-1414","page","type-page","status-publish","hentry"],"jetpack_sharing_enabled":true,"_links":{"self":[{"href":"https:\/\/overline-poetry.de\/index.php\/wp-json\/wp\/v2\/pages\/1414","targetHints":{"allow":["GET"]}}],"collection":[{"href":"https:\/\/overline-poetry.de\/index.php\/wp-json\/wp\/v2\/pages"}],"about":[{"href":"https:\/\/overline-poetry.de\/index.php\/wp-json\/wp\/v2\/types\/page"}],"author":[{"embeddable":true,"href":"https:\/\/overline-poetry.de\/index.php\/wp-json\/wp\/v2\/users\/1"}],"replies":[{"embeddable":true,"href":"https:\/\/overline-poetry.de\/index.php\/wp-json\/wp\/v2\/comments?post=1414"}],"version-history":[{"count":1,"href":"https:\/\/overline-poetry.de\/index.php\/wp-json\/wp\/v2\/pages\/1414\/revisions"}],"predecessor-version":[{"id":1418,"href":"https:\/\/overline-poetry.de\/index.php\/wp-json\/wp\/v2\/pages\/1414\/revisions\/1418"}],"wp:attachment":[{"href":"https:\/\/overline-poetry.de\/index.php\/wp-json\/wp\/v2\/media?parent=1414"}],"curies":[{"name":"wp","href":"https:\/\/api.w.org\/{rel}","templated":true}]}}