
{"id":1421,"date":"2023-08-09T16:05:00","date_gmt":"2023-08-09T16:05:00","guid":{"rendered":"https:\/\/overline-poetry.de\/?page_id=1421"},"modified":"2025-09-14T16:10:26","modified_gmt":"2025-09-14T16:10:26","slug":"afd-und-die-fachkraefte-fuer-deutschland","status":"publish","type":"page","link":"https:\/\/overline-poetry.de\/index.php\/afd-und-die-fachkraefte-fuer-deutschland\/","title":{"rendered":"AFD und die Fachkr\u00e4fte f\u00fcr Deutschland"},"content":{"rendered":"\n<p>F\u00fcr die Mitglieder der AFD \u201edas Recht der ersten Nacht\u201c,<br>in der dann neue Fachkr\u00e4fte f\u00fcr Deutschland gemacht.<br>Der, f\u00fcr die erlebten Freuden, zu zahlende \u201eLiebeslohn\u201c,<br>geht als Spende an die Parteikasse der AFD dann schon.<br><br>Und an vorderster Front der rechtsextreme Bj\u00f6rn H\u00f6cke,<br>in Pflichterf\u00fcllung als der \u201eGek\u00f6rte der nationalen B\u00f6cke\u201c.<br>In dem nationalen Puff, dem Freudenhaus \u201eLebensborn\u201c,<br>Bj\u00f6rn H\u00f6cke bei der nationalen Pflichterf\u00fcllung weit vorn.<br><br>Hier nicht nur der Arm zum Gr\u00fc\u00dfen nach oben \u201eschnellt\u201c,<br>sondern auch das, was den nationalen M\u00e4dels so gef\u00e4llt.<br>Die M\u00e4dels, die sich vor dem nationalen Mann enth\u00fcllen,<br>m\u00fcssen ihre Pflicht als \u201ewerdende M\u00fctter\u201c dann erf\u00fcllen.<br><br>Frauen m\u00fcssen weiter \u201eNachschubkinder\u201c produzieren,<br>wenn wir bei unseren Kriegsz\u00fcgen Soldaten \u201everlieren\u201c.<br>\u201eKanonenfutter\u201c, so unsere Geschichte, wird gebraucht,<br>wenn bei deutschen Kriegen wieder \u201edie Kanone raucht\u201c.<br><br>Die Storch von der AFD bringt Kinder, die nicht dumm,<br>gleich zu einer Fachausbildung oder auch zum Studium.<br>Die Anderen kommen dann zum nationaldeutschen Heer,<br>f\u00fcr die Umgestaltung und Ersatz f\u00fcr unsere Bundeswehr.<br><br>Unser Heer wird befohlen mit \u201eschnarrenden Befehlen\u201c,<br>weil wieder die \u201enationalen Reichskommandos\u201c z\u00e4hlen.<br>Wir machen dann wieder alle deutschen Grenzen dicht,<br>auf Ausl\u00e4nder in dem deutschen Reich wieder Verzicht.<br><br>Die Zeit zur\u00fcck gedreht vor die \u201eVogelschiss Geschichte\u201c,<br>die dunkle Zeit ausgeblendet, hier erw\u00e4hne im Gedichte.<br>Deutsche Geschichte wird national und neu geschrieben,<br>so wir, nationale Deutsche, unser Deutschland so lieben.<br><br>Die ordenbeh\u00e4ngte stolze Brust des Landsers anschwillt,<br>wenn er zum Dienen als ein nationaler Soldat ist gewillt.<br>Bei dem Despoten Putin gef\u00e4llt der AFD die Autokratie,<br>hier wird befohlen, anders als bei uns in der Demokratie.<br><br>Die Alten stellen wir dann gegen den Feind an die Front,<br>so h\u00e4tten das Rentenproblem gel\u00f6st, das ganz gekonnt.<br>Wir wollen hier nicht mit unseren Erneuerungen prahlen,<br>wenn die Alten sterben, brauchen wir keine Rente zahlen.<br><br><strong>\u00a9<\/strong> Rainer Dambroth \u2013 09.08.2023 &#8211; <strong><a href=\"http:\/\/www.overline-poetry.de\/\">www.overline-poetry.de<\/a><\/strong><\/p>\n\n\n\n<p><\/p>\n","protected":false},"excerpt":{"rendered":"<p>F\u00fcr die Mitglieder der AFD \u201edas Recht der ersten Nacht\u201c,in der dann neue Fachkr\u00e4fte f\u00fcr Deutschland gemacht.Der, f\u00fcr die erlebten Freuden, zu zahlende \u201eLiebeslohn\u201c,geht als Spende an die Parteikasse der AFD dann schon. Und an vorderster Front der rechtsextreme Bj\u00f6rn H\u00f6cke,in Pflichterf\u00fcllung als der \u201eGek\u00f6rte der nationalen B\u00f6cke\u201c.In dem nationalen Puff, dem Freudenhaus \u201eLebensborn\u201c,Bj\u00f6rn H\u00f6cke [&hellip;]<\/p>\n","protected":false},"author":1,"featured_media":0,"parent":0,"menu_order":0,"comment_status":"closed","ping_status":"closed","template":"","meta":{"footnotes":""},"class_list":["post-1421","page","type-page","status-publish","hentry"],"jetpack_sharing_enabled":true,"_links":{"self":[{"href":"https:\/\/overline-poetry.de\/index.php\/wp-json\/wp\/v2\/pages\/1421","targetHints":{"allow":["GET"]}}],"collection":[{"href":"https:\/\/overline-poetry.de\/index.php\/wp-json\/wp\/v2\/pages"}],"about":[{"href":"https:\/\/overline-poetry.de\/index.php\/wp-json\/wp\/v2\/types\/page"}],"author":[{"embeddable":true,"href":"https:\/\/overline-poetry.de\/index.php\/wp-json\/wp\/v2\/users\/1"}],"replies":[{"embeddable":true,"href":"https:\/\/overline-poetry.de\/index.php\/wp-json\/wp\/v2\/comments?post=1421"}],"version-history":[{"count":2,"href":"https:\/\/overline-poetry.de\/index.php\/wp-json\/wp\/v2\/pages\/1421\/revisions"}],"predecessor-version":[{"id":1427,"href":"https:\/\/overline-poetry.de\/index.php\/wp-json\/wp\/v2\/pages\/1421\/revisions\/1427"}],"wp:attachment":[{"href":"https:\/\/overline-poetry.de\/index.php\/wp-json\/wp\/v2\/media?parent=1421"}],"curies":[{"name":"wp","href":"https:\/\/api.w.org\/{rel}","templated":true}]}}