
{"id":1431,"date":"2024-12-01T16:32:00","date_gmt":"2024-12-01T16:32:00","guid":{"rendered":"https:\/\/overline-poetry.de\/?page_id=1431"},"modified":"2025-09-14T16:34:36","modified_gmt":"2025-09-14T16:34:36","slug":"despot-putin-schwafelt-vom-dritten-weltkrieg-oder-putins-spiel-mit-der-angst-europas","status":"publish","type":"page","link":"https:\/\/overline-poetry.de\/index.php\/despot-putin-schwafelt-vom-dritten-weltkrieg-oder-putins-spiel-mit-der-angst-europas\/","title":{"rendered":"Despot Putin schwafelt vom dritten Weltkrieg oder Putins Spiel mit der Angst Europas"},"content":{"rendered":"\n<p>Der <strong>Despot Putin<\/strong> \u201ebiegt\u201c sich die Wahrheit, so wie er sie sehen will.<br>Fordert, das die angegriffene Ukraine, sollte endlich doch halten still.<br>Wenn Milit\u00e4rbasen von Raketen gegen die Ukraine werden zerst\u00f6rt,<br>wertet der <strong>Despot Putin<\/strong> dieses als Angriff und findet es \u201eunerh\u00f6rt\u201c.<br><br>Ein souver\u00e4nes Land, was sich gegen einen Kriegstreiber verteidigt,<br>indem es k\u00e4mpft f\u00fcr die Freiheit, dann ist der <strong>Despot Putin<\/strong> beleidigt.<br><strong>Despot Putin<\/strong> will von der Ukraine die Unterwerfung, die Kapitulation,<br>denn <strong>Despot Putin<\/strong> sieht die Ukraine als russisches Eigentum schon.<br><br><strong>Sahra Wagenknecht<\/strong> will auch <strong>Putins<\/strong> Sieg, \u201eaber nur mit Diplomatie\u201c.<br>Unbewaffnete \u00dcbergabe von Gebieten an Russland, ohne Garantie.<br>Sp\u00e4ter wenn es dem <strong>Despoten Putin<\/strong> wird wieder einmal \u201egel\u00fcsten\u201c,<br>wird er ungefragt sein Heer wieder gegen die Ukraine \u201eaufr\u00fcsten\u201c.<br><br><strong>Sahra Wagenknecht<\/strong> k\u00e4mpft mit ihrem <strong>BSW<\/strong> f\u00fcr russische Interessen<br>und die B\u00fcrger im Osten Deutschlands scheinen dieses zu vergessen.<br>Sie scheint aus den Zeiten der DDR mit Russland sehr \u201everbandelt\u201c,<br>so dass sie mit \u201enaiver Logik\u201c nur f\u00fcr Russlands Interessen handelt.<br><br>Die Hoffnung, das <strong>BSW<\/strong> wird bei den Wahlen den \u201e<strong>Hype<\/strong>\u201c verlieren<br>und sich die W\u00e4hler wieder auf demokratische Parteien fokussieren.<br>Die \u201eOne Woman Band\u201c <strong>Sahra Wagenknecht<\/strong> will nur kontrollieren,<br>dass alles in Deutschland wird im \u201erussischem Interesse\u201c passieren.<br><br>Wie verr\u00fcckt kann <strong>Sahra Wagenknecht<\/strong> in ihren Ergebenheit denken,<br>das wir diesem <strong>Despoten Putin<\/strong> die Ukraine einfach so \u201eschenken\u201c.<br><strong>Putin<\/strong> glaubt, er k\u00f6nne die Weltordnung in seinem Sinne korrigieren<br>und wir sollen nur zusehen, wie ein souver\u00e4ner Staat wird verlieren.<br><br><strong>\u00a9 Rainer Dambroth &#8211; 26.11.2024 &#8211; <a href=\"http:\/\/www.overline-poetry.de\/\"><strong>www.overline-poetry.de<\/strong><\/a><\/strong><br><br><em><strong>Was ist mit Hype gemeint:<\/strong> (Inszenierte) Begeisterung, (K\u00fcnstliche) Aufregung, Masseneuphorie, Massenhysterie, Medienrummel (um Jemand oder eine Sache), Reklamerummel<br>Internet<\/em><\/p>\n","protected":false},"excerpt":{"rendered":"<p>Der Despot Putin \u201ebiegt\u201c sich die Wahrheit, so wie er sie sehen will.Fordert, das die angegriffene Ukraine, sollte endlich doch halten still.Wenn Milit\u00e4rbasen von Raketen gegen die Ukraine werden zerst\u00f6rt,wertet der Despot Putin dieses als Angriff und findet es \u201eunerh\u00f6rt\u201c. Ein souver\u00e4nes Land, was sich gegen einen Kriegstreiber verteidigt,indem es k\u00e4mpft f\u00fcr die Freiheit, dann [&hellip;]<\/p>\n","protected":false},"author":1,"featured_media":0,"parent":0,"menu_order":0,"comment_status":"closed","ping_status":"closed","template":"","meta":{"footnotes":""},"class_list":["post-1431","page","type-page","status-publish","hentry"],"jetpack_sharing_enabled":true,"_links":{"self":[{"href":"https:\/\/overline-poetry.de\/index.php\/wp-json\/wp\/v2\/pages\/1431","targetHints":{"allow":["GET"]}}],"collection":[{"href":"https:\/\/overline-poetry.de\/index.php\/wp-json\/wp\/v2\/pages"}],"about":[{"href":"https:\/\/overline-poetry.de\/index.php\/wp-json\/wp\/v2\/types\/page"}],"author":[{"embeddable":true,"href":"https:\/\/overline-poetry.de\/index.php\/wp-json\/wp\/v2\/users\/1"}],"replies":[{"embeddable":true,"href":"https:\/\/overline-poetry.de\/index.php\/wp-json\/wp\/v2\/comments?post=1431"}],"version-history":[{"count":1,"href":"https:\/\/overline-poetry.de\/index.php\/wp-json\/wp\/v2\/pages\/1431\/revisions"}],"predecessor-version":[{"id":1435,"href":"https:\/\/overline-poetry.de\/index.php\/wp-json\/wp\/v2\/pages\/1431\/revisions\/1435"}],"wp:attachment":[{"href":"https:\/\/overline-poetry.de\/index.php\/wp-json\/wp\/v2\/media?parent=1431"}],"curies":[{"name":"wp","href":"https:\/\/api.w.org\/{rel}","templated":true}]}}