
{"id":1438,"date":"2021-08-16T16:52:00","date_gmt":"2021-08-16T16:52:00","guid":{"rendered":"https:\/\/overline-poetry.de\/?page_id=1438"},"modified":"2025-09-16T03:21:23","modified_gmt":"2025-09-16T03:21:23","slug":"afghanistan-und-der-taliban","status":"publish","type":"page","link":"https:\/\/overline-poetry.de\/index.php\/afghanistan-und-der-taliban\/","title":{"rendered":"Afghanistan und der Taliban"},"content":{"rendered":"\n<p>Pleiten, Pech und Pannen in der Bundespolitik,<br>strategisch ohne Planung und wenig Geschick.<br>Den Vormarsch der Taliban man so nicht geahnt,<br>sonst h\u00e4tte man doch alles ganz anders geplant.<br><br>Naivit\u00e4t hat nichts zu suchen in seri\u00f6ser Politik <br>und keine politische Handlung &#8222;Auf gut Gl\u00fcck&#8220;.<br>Sie m\u00fcssen vorausdenken und auch so planen,<br>keine Ausreden: &#8222;Wie konnte man das ahnen&#8220;.<br><br>Politiker handeln bei allen Fehlern im Kollektiv,<br>versagt Einer, geht es auch bei Anderen schief.<br>Das Netzwerk im Zeitalter der Digitalisierung,<br>funktioniert auch nicht bei unserer Regierung.<br><br>Verpflichtet haben wir afghanisches Personal,<br>wir lassen sie in Stich, aber wir haben die Wahl.<br>Wer den Worten der Taliban Glauben schenkt,<br>nicht in der jetzigen Realit\u00e4t der Taliban denkt.<br><br>Die Frau wird in ihre Rolle hinein degradiert,<br>so dass sie den Glauben in ihre Zukunft verliert.<br>Verschleiert und ohne Kontakt zur Aussenwelt,<br>wie es im Koran steht und den Taliban gef\u00e4llt.<br><br>M\u00e4dchen in einem Land ohne eine Perspektive,<br>sollen nur dem Mann dienen, als ganz &#8222;Naive&#8220;.<br>Gingen sie zur Schule oder waren am studieren,<br>nur unter einer Taliban-Herrschaft sie verlieren.<br><br>Gerade Bildung ist f\u00fcr M\u00e4dchen ein hohes Gut,<br>was nicht nur der eigenen Familie sehr gut tut.<br>Gute Bildung ist die Grundlage f\u00fcr einen Staat,<br>kritisch zu lesen, was der Andere zu sagen hat.<br><br>Nur zu h\u00f6ren, wenn man selbst nicht lesen kann,<br>dann glaubt man kritiklos, was sagt der Taliban.<br>Zu h\u00f6ren heisst, Interpretation zu \u00fcbernehmen,<br>liest man die Wahrheit, wird man sich sch\u00e4men.<br><br>Ich hoffe, dass die derzeitige regierende Politik,<br>kann sehr gut umgehen, mit konstruktiver Kritik<br>und sieht die reale Welt mit einem kritischen Blick.<br>Reagieren in der Zukunft mit etwas mehr Geschick.<br><br><strong>\u00a9<\/strong> Rainer Dambroth &#8211; 16.08.2021 &#8211; <strong><a href=\"http:\/\/www.overline-poetry.de\">www.overline-poetry.de<\/a><\/strong><br><br><em>Afghanistan ist ein Binnenstaat an der Schnittstelle von S\u00fcdasien, Zentralasien und Vorderasien, der an Iran, Turkmenistan, Usbekistan, Tadschikistan, die Volksrepublik China und Pakistan grenzt. Drei Viertel des Landes bestehen aus schwer zug\u00e4nglichen Gebirgsregionen.<\/em><br><em>Wikipedia<\/em><br><br><\/p>\n","protected":false},"excerpt":{"rendered":"<p>Pleiten, Pech und Pannen in der Bundespolitik,strategisch ohne Planung und wenig Geschick.Den Vormarsch der Taliban man so nicht geahnt,sonst h\u00e4tte man doch alles ganz anders geplant. Naivit\u00e4t hat nichts zu suchen in seri\u00f6ser Politik und keine politische Handlung &#8222;Auf gut Gl\u00fcck&#8220;.Sie m\u00fcssen vorausdenken und auch so planen,keine Ausreden: &#8222;Wie konnte man das ahnen&#8220;. Politiker handeln [&hellip;]<\/p>\n","protected":false},"author":1,"featured_media":0,"parent":0,"menu_order":0,"comment_status":"closed","ping_status":"closed","template":"","meta":{"footnotes":""},"class_list":["post-1438","page","type-page","status-publish","hentry"],"jetpack_sharing_enabled":true,"_links":{"self":[{"href":"https:\/\/overline-poetry.de\/index.php\/wp-json\/wp\/v2\/pages\/1438","targetHints":{"allow":["GET"]}}],"collection":[{"href":"https:\/\/overline-poetry.de\/index.php\/wp-json\/wp\/v2\/pages"}],"about":[{"href":"https:\/\/overline-poetry.de\/index.php\/wp-json\/wp\/v2\/types\/page"}],"author":[{"embeddable":true,"href":"https:\/\/overline-poetry.de\/index.php\/wp-json\/wp\/v2\/users\/1"}],"replies":[{"embeddable":true,"href":"https:\/\/overline-poetry.de\/index.php\/wp-json\/wp\/v2\/comments?post=1438"}],"version-history":[{"count":1,"href":"https:\/\/overline-poetry.de\/index.php\/wp-json\/wp\/v2\/pages\/1438\/revisions"}],"predecessor-version":[{"id":1442,"href":"https:\/\/overline-poetry.de\/index.php\/wp-json\/wp\/v2\/pages\/1438\/revisions\/1442"}],"wp:attachment":[{"href":"https:\/\/overline-poetry.de\/index.php\/wp-json\/wp\/v2\/media?parent=1438"}],"curies":[{"name":"wp","href":"https:\/\/api.w.org\/{rel}","templated":true}]}}