
{"id":1445,"date":"2022-02-13T05:53:00","date_gmt":"2022-02-13T05:53:00","guid":{"rendered":"https:\/\/overline-poetry.de\/?page_id=1445"},"modified":"2025-09-15T06:05:12","modified_gmt":"2025-09-15T06:05:12","slug":"putin-der-3-weltkrieg","status":"publish","type":"page","link":"https:\/\/overline-poetry.de\/index.php\/putin-der-3-weltkrieg\/","title":{"rendered":"Putin, der 3. Weltkrieg?"},"content":{"rendered":"\n<p>Wo sieht er seinen Vorteil und warum will er in die Ukraine einmarschieren,<br>denn bei der Kriegsmacht werden die Menschen trotz Widerstand verlieren?<br>Ist es Gr\u00f6\u00dfenwahn, der ihn zu einem Einmarsch in die Ukraine hat animiert?<br>Tr\u00e4umt er wieder von einer russischen Gro\u00dfmacht, warum er dieses riskiert?<br><br>Er rechnet nicht mit einem Eingriff der Nato und der schon freien Staaten,<br>denn der Krieg kann schnell in einen europ\u00e4isches Fl\u00e4chenbrand ausarten.<br>Dem Putin ist das Kriegsrisiko wahrscheinlich bewusst, aber dennoch egal!<br>Er k\u00f6nnte einen blutigen Krieg noch abwenden, denn er hat doch die Wahl.<br><br>Altkanzler Schr\u00f6der sollte eindringlich mit seinem Freund Putin doch sprechen,<br>denn im Falle eines Falle, wird sich das auch f\u00fcr den Gasvertreter dann r\u00e4chen.<br>Denn im Falle eines Krieges wird der Gashahn von Gasprom einfach zugedreht,<br>dann ist es f\u00fcr den gut dotierten Job eines Aufsichtsratsvorsitzenden zu sp\u00e4t.<br><br>Wenn Altkanzler Schr\u00f6der, als Kriegsakzeptant morgens in den Spiegel schaut,<br>bei der jetzigen Einstellung, er sich beim Anblick dieser Person selber graut.<br>Ihm scheint alles egal, Hauptsache ist nur, dass die Bezahlung auch stimmt,<br>ihm scheint wahrscheinlich auch egal, von wem er das Geld f\u00fcr sich nimmt.<br><br>Der Despot von Belarus, der dem Despoten Putin schon jetzt beiseite steht,<br>er wei\u00df doch auch, wie die gewaltsame Unterdr\u00fcckung eines Volkes geht.<br>Demokratie ist etwas f\u00fcr den Regenten, der die Mitbewerber nicht verdr\u00e4ngt.<br>Despoten helfen aus, wo es geht und wer ihre Macht anzweifelt, wird geh\u00e4ngt!<br><br>Putin sich strategisch und geopolitisch taktisch in den Krisengebieten verh\u00e4lt,<br>es geht ihm nur um seine Machtposition und weniger um Rohstoffe oder Geld.<br>Ihm geht es um Loyalit\u00e4t der Despoten und manchmal erscheint es wie Betrug,<br>denn er plant, wie beim Schachspiel, schon seinen n\u00e4chsten taktischen Zug.<br><br><strong>\u00a9<\/strong> Rainer Dambroth &#8211; 13.02.2022 &#8211; <strong><a href=\"http:\/\/www.overline-poetry.de\/\">www.overline-poetry.de<\/a><\/strong><br><br>\ud83d\udd17 <br><\/p>\n\n\n\n<figure class=\"wp-block-image\"><img decoding=\"async\" src=\"https:\/\/cdn-icons-png.flaticon.com\/128\/552\/552041.png?ga=GA1.1.1691975765.1646636343\" alt=\"Ukraine\"\/><\/figure>\n","protected":false},"excerpt":{"rendered":"<p>Wo sieht er seinen Vorteil und warum will er in die Ukraine einmarschieren,denn bei der Kriegsmacht werden die Menschen trotz Widerstand verlieren?Ist es Gr\u00f6\u00dfenwahn, der ihn zu einem Einmarsch in die Ukraine hat animiert?Tr\u00e4umt er wieder von einer russischen Gro\u00dfmacht, warum er dieses riskiert? Er rechnet nicht mit einem Eingriff der Nato und der schon [&hellip;]<\/p>\n","protected":false},"author":1,"featured_media":0,"parent":0,"menu_order":0,"comment_status":"closed","ping_status":"closed","template":"","meta":{"footnotes":""},"class_list":["post-1445","page","type-page","status-publish","hentry"],"jetpack_sharing_enabled":true,"_links":{"self":[{"href":"https:\/\/overline-poetry.de\/index.php\/wp-json\/wp\/v2\/pages\/1445","targetHints":{"allow":["GET"]}}],"collection":[{"href":"https:\/\/overline-poetry.de\/index.php\/wp-json\/wp\/v2\/pages"}],"about":[{"href":"https:\/\/overline-poetry.de\/index.php\/wp-json\/wp\/v2\/types\/page"}],"author":[{"embeddable":true,"href":"https:\/\/overline-poetry.de\/index.php\/wp-json\/wp\/v2\/users\/1"}],"replies":[{"embeddable":true,"href":"https:\/\/overline-poetry.de\/index.php\/wp-json\/wp\/v2\/comments?post=1445"}],"version-history":[{"count":1,"href":"https:\/\/overline-poetry.de\/index.php\/wp-json\/wp\/v2\/pages\/1445\/revisions"}],"predecessor-version":[{"id":1449,"href":"https:\/\/overline-poetry.de\/index.php\/wp-json\/wp\/v2\/pages\/1445\/revisions\/1449"}],"wp:attachment":[{"href":"https:\/\/overline-poetry.de\/index.php\/wp-json\/wp\/v2\/media?parent=1445"}],"curies":[{"name":"wp","href":"https:\/\/api.w.org\/{rel}","templated":true}]}}