
{"id":1452,"date":"2022-02-06T06:08:00","date_gmt":"2022-02-06T06:08:00","guid":{"rendered":"https:\/\/overline-poetry.de\/?page_id=1452"},"modified":"2025-09-15T06:19:38","modified_gmt":"2025-09-15T06:19:38","slug":"putin-und-die-ukraine","status":"publish","type":"page","link":"https:\/\/overline-poetry.de\/index.php\/putin-und-die-ukraine\/","title":{"rendered":"Putin und die Ukraine"},"content":{"rendered":"\n<p>Wir sind ein Volk und geh\u00f6ren zusammen, so sein Begehren,<br>aber wenn die \u201eBraut\u201c nicht will, dann wird sie sich wehren.<br>Denn eine politische Zwangsheirat wird nicht gern gesehen<br>und das muss selbst der russische Despot Putin verstehen.<br><br>Meint doch Altkanzler Schr\u00f6der und das ist nicht zu fassen,<br>die Ukraine soll das \u201eS\u00e4belrasseln\u201c doch endlich mal lassen.<br>Denkt er naiv, von Putin verblendet oder auch realit\u00e4tsfern,<br>oder will er f\u00fcr diese Verteidigung Geld von Putin zu gern.<br><br>Wir werden unsere Partnerschaften sch\u00fctzen vor \u201eFeinden\u201c,<br>in dem wir die abtr\u00fcnnige Staaten wieder \u201eeingemeinden\u201c.<br>Putin sieht frustriert Staaten der ehemaligen Sowjetunion,<br>in den Westen, in die Europ\u00e4ische Union abwandern schon.<br><br>Es geh\u00f6rt doch zusammen, was auch zusammen geh\u00f6rt,<br>selbst wenn auch den Westen diese einseitige Sicht st\u00f6rt.<br>Staaten wollen ohne \u201eFremdlenkung\u201c ihre Souver\u00e4nit\u00e4t,<br>denn f\u00fcr den Frieden und freien Handel ist es nie zu sp\u00e4t.<br><br>Sollte es Putin nicht gelingen, diese Staaten anzubinden,<br>wird auch seine Macht in Russland sehr bald schwinden.<br>Am Gleichgewicht zwischen Ost und West ist ihm gelegen,<br>aber mit Gewalt die Staaten zur R\u00fcckkehr dann bewegen?<br><br>Putin sucht schon neue Verb\u00fcndete f\u00fcr seinen Machterhalt,<br>beteiligt sich an den Kriegen anderer Despoten mit Gewalt.<br>Macht sich Putin durch \u00fcberzogenes Handeln zum Chaoten?<br>Reiht sich damit ein, im Kreis der \u201ekaltbl\u00fctigen\u201c Despoten!<br><br>Altkanzler Schr\u00f6der, Putins Freund und bezahlter Lobbyist.<br>Motto: \u201eGeld stinkt nicht\u201c, wenn es von guten Freunden ist.<br>Er f\u00fcr die russischen Gesch\u00e4fte die Verbindungswege sucht<br>und weil er gut vernetzt ist, man seine Beziehungen bucht.<br><br>Kann man Putin trauen, bei der L\u00f6sung des Ukraine Konflikt?<br>Er ist Stratege und handelt bei den Planungen sehr geschickt.<br>Aber manchmal ger\u00e4t beim Eifer die Weltkarte aus der Sicht.<br>Ein Restrisiko bleibt, denn ein Despot verliert freiwillig nicht.<br><br><strong>\u00a9<\/strong> Rainer Dambroth &#8211; 06.02.2022 &#8211; <strong><a href=\"http:\/\/www.overline-poetry.de\/\">www.overline-poetry.de<\/a><\/strong><br><br><\/p>\n\n\n\n<figure class=\"wp-block-image\"><img decoding=\"async\" src=\"https:\/\/cdn-icons-png.flaticon.com\/128\/552\/552041.png?ga=GA1.1.1691975765.1646636343\" alt=\"Ukraine\"\/><\/figure>\n","protected":false},"excerpt":{"rendered":"<p>Wir sind ein Volk und geh\u00f6ren zusammen, so sein Begehren,aber wenn die \u201eBraut\u201c nicht will, dann wird sie sich wehren.Denn eine politische Zwangsheirat wird nicht gern gesehenund das muss selbst der russische Despot Putin verstehen. Meint doch Altkanzler Schr\u00f6der und das ist nicht zu fassen,die Ukraine soll das \u201eS\u00e4belrasseln\u201c doch endlich mal lassen.Denkt er naiv, [&hellip;]<\/p>\n","protected":false},"author":1,"featured_media":0,"parent":0,"menu_order":0,"comment_status":"closed","ping_status":"closed","template":"","meta":{"footnotes":""},"class_list":["post-1452","page","type-page","status-publish","hentry"],"jetpack_sharing_enabled":true,"_links":{"self":[{"href":"https:\/\/overline-poetry.de\/index.php\/wp-json\/wp\/v2\/pages\/1452","targetHints":{"allow":["GET"]}}],"collection":[{"href":"https:\/\/overline-poetry.de\/index.php\/wp-json\/wp\/v2\/pages"}],"about":[{"href":"https:\/\/overline-poetry.de\/index.php\/wp-json\/wp\/v2\/types\/page"}],"author":[{"embeddable":true,"href":"https:\/\/overline-poetry.de\/index.php\/wp-json\/wp\/v2\/users\/1"}],"replies":[{"embeddable":true,"href":"https:\/\/overline-poetry.de\/index.php\/wp-json\/wp\/v2\/comments?post=1452"}],"version-history":[{"count":1,"href":"https:\/\/overline-poetry.de\/index.php\/wp-json\/wp\/v2\/pages\/1452\/revisions"}],"predecessor-version":[{"id":1456,"href":"https:\/\/overline-poetry.de\/index.php\/wp-json\/wp\/v2\/pages\/1452\/revisions\/1456"}],"wp:attachment":[{"href":"https:\/\/overline-poetry.de\/index.php\/wp-json\/wp\/v2\/media?parent=1452"}],"curies":[{"name":"wp","href":"https:\/\/api.w.org\/{rel}","templated":true}]}}