
{"id":1460,"date":"2023-02-20T17:07:00","date_gmt":"2023-02-20T17:07:00","guid":{"rendered":"https:\/\/overline-poetry.de\/?page_id=1460"},"modified":"2025-09-15T17:15:35","modified_gmt":"2025-09-15T17:15:35","slug":"zu-hohe-kosten-fuer-eine-klassenfahrt","status":"publish","type":"page","link":"https:\/\/overline-poetry.de\/index.php\/zu-hohe-kosten-fuer-eine-klassenfahrt\/","title":{"rendered":"(Zu) hohe Kosten f\u00fcr eine Klassenfahrt!"},"content":{"rendered":"\n<p>Liebe Schule und Lehrer, was habt ihr euch nur dabei gedacht,<br>dass die Klassenfahrt ohne Einstimmigkeit der Eltern gemacht?<br>Nicht alle Eltern k\u00f6nnen die Kosten f\u00fcr diese Fahrt aufbringen<br>und nicht alle Eltern kann man zu dieser Geldausgabe zwingen.<br><br>Eine Teilnahme, weil Gemeinschaft, f\u00fcr das Kind vorausgesetzt,<br>aber eine Nichtteilnahme aus Kostengr\u00fcnden das Kind verletzt.<br>Anstatt an einem Elternabend zuerst zu diskutieren diese Fahrt,<br>wird ohne Finanzierbarkeit abzufragen, auf dieses Ziel beharrt.<br><br>Bei den zu hohen Kosten f\u00fcr nur eine Drei-Tages-Klassenfahrt,<br>wurde seitens der Schule an einer \u201eKostenkalkulation\u201c gespart.<br>Vierhundert Euro f\u00fcr jedes Kind und das f\u00fcr nur die drei Tage,<br>aber ob das jeder finanzieren kann, dass war wohl keine Frage.<br><br>Zum Freizeitpark mit \u00dcbernachtungen geht diese kurze Reise,<br>auch kostenlose Fahrgesch\u00e4fte rechtfertigten nicht die Preise.<br>Au\u00dferdem soll reichlich Taschengeld den Kindern mit gegeben,<br>damit die Kinder diese \u201eReise\u201c verpflegungsm\u00e4\u00dfig \u00fcberleben.<br><br>Vielleicht wurden nur die Kinder \u00fcber das Reiseziel abgefragt<br>und auch verst\u00e4ndlich, dass die Kinder dabei sofort zugesagt.<br>Dabei werden die \u201enicht gut betuchten Kinder\u201c dann isoliert,<br>aber wohl die Lehrer diese \u201esoziale Schere\u201c nicht interessiert.<br><br>Mich erstaunt von den Lehrkr\u00e4ften die einfallslose Kreativit\u00e4t,<br>oder haben sie nicht gelernt, wie kreative Gestaltung so geht.<br>Mit Engagement wird schon beim \u201eUnterrichtsinhalt\u201c gespart<br>und ist nicht zu entschuldigen, dass \u201eLehrer-da-sein\u201c ist hart.<br><br>\u00a9 Rainer Dambroth \u2013 20.02.23 &#8211; <strong><a href=\"http:\/\/www.overline-poetry.de\/\">www.overline-poetry.de<\/a><\/strong><\/p>\n\n\n\n<p>Neben dem Unterricht sind Schulfahrten eine weitere Art von Schulveranstaltungen, um dem Bildungsauftrag der Schule gerecht zu werden und Bildungs- und Erziehungsziele zu verwirklichen. (\ud83d\udd17 <a href=\"https:\/\/www.rlsb.de\/themen\/schulorganisation\/schulfahrten\/schulfahrten\" data-type=\"URL\" data-id=\"https:\/\/www.rlsb.de\/themen\/schulorganisation\/schulfahrten\/schulfahrten\"><strong>Auszug Bildungsportal Niedersachsen<\/strong><\/a>)<br><\/p>\n","protected":false},"excerpt":{"rendered":"<p>Liebe Schule und Lehrer, was habt ihr euch nur dabei gedacht,dass die Klassenfahrt ohne Einstimmigkeit der Eltern gemacht?Nicht alle Eltern k\u00f6nnen die Kosten f\u00fcr diese Fahrt aufbringenund nicht alle Eltern kann man zu dieser Geldausgabe zwingen. Eine Teilnahme, weil Gemeinschaft, f\u00fcr das Kind vorausgesetzt,aber eine Nichtteilnahme aus Kostengr\u00fcnden das Kind verletzt.Anstatt an einem Elternabend zuerst [&hellip;]<\/p>\n","protected":false},"author":1,"featured_media":0,"parent":0,"menu_order":0,"comment_status":"closed","ping_status":"closed","template":"","meta":{"footnotes":""},"class_list":["post-1460","page","type-page","status-publish","hentry"],"jetpack_sharing_enabled":true,"_links":{"self":[{"href":"https:\/\/overline-poetry.de\/index.php\/wp-json\/wp\/v2\/pages\/1460","targetHints":{"allow":["GET"]}}],"collection":[{"href":"https:\/\/overline-poetry.de\/index.php\/wp-json\/wp\/v2\/pages"}],"about":[{"href":"https:\/\/overline-poetry.de\/index.php\/wp-json\/wp\/v2\/types\/page"}],"author":[{"embeddable":true,"href":"https:\/\/overline-poetry.de\/index.php\/wp-json\/wp\/v2\/users\/1"}],"replies":[{"embeddable":true,"href":"https:\/\/overline-poetry.de\/index.php\/wp-json\/wp\/v2\/comments?post=1460"}],"version-history":[{"count":1,"href":"https:\/\/overline-poetry.de\/index.php\/wp-json\/wp\/v2\/pages\/1460\/revisions"}],"predecessor-version":[{"id":1464,"href":"https:\/\/overline-poetry.de\/index.php\/wp-json\/wp\/v2\/pages\/1460\/revisions\/1464"}],"wp:attachment":[{"href":"https:\/\/overline-poetry.de\/index.php\/wp-json\/wp\/v2\/media?parent=1460"}],"curies":[{"name":"wp","href":"https:\/\/api.w.org\/{rel}","templated":true}]}}