
{"id":1474,"date":"2024-08-18T04:54:00","date_gmt":"2024-08-18T04:54:00","guid":{"rendered":"https:\/\/overline-poetry.de\/?page_id=1474"},"modified":"2025-09-16T04:58:33","modified_gmt":"2025-09-16T04:58:33","slug":"nur-zweistaatenloesung-fuer-israel-und-palaestina","status":"publish","type":"page","link":"https:\/\/overline-poetry.de\/index.php\/nur-zweistaatenloesung-fuer-israel-und-palaestina\/","title":{"rendered":"Nur Zweistaatenl\u00f6sung f\u00fcr Israel und Pal\u00e4stina"},"content":{"rendered":"\n<p>Es ist unertr\u00e4glich, was den Israelis von den Hamas wurde angetan,<br>aber keine Rechtsfertigung, das Israel macht Pal\u00e4stina jetzt \u201eplan\u201c.<br>Nicht jeder Pal\u00e4stinenser ist Terroristen der Hamas wohlgesonnen,<br>somit nicht gerechtfertigt, dass man mit Zerst\u00f6rung wird begonnen.<br><br>Die Zweitstaatenl\u00f6sung will man doch seit vielen Jahres anstreben,<br>damit es in Nahost f\u00fcr beide Staaten wird endlich Frieden geben.<br>Nur beide Staaten m\u00fcssen einander auch den Frieden garantieren,<br>sonst werden bei einer Unterlassung wieder beide Seiten verlieren.<br><br>Der Regent Benjamin Netanjahu mit der rechtspopulistischen Partei,<br>schafft keinen Frieden und Auss\u00f6hnung mit Pal\u00e4stinensern herbei.<br>Er strebt an, von Pal\u00e4stinensern bewohnte Gebiete zu annektieren,<br>so dass die Pal\u00e4stinenser werden ihre Gebiete an Israel verlieren.<br><br>Er sch\u00fcrt nur weiteren Hass durch sein gewaltorientiertes Agieren,<br>denn bei seinem Angriff auf die Hamas, die Pal\u00e4stinenser verlieren.<br>Die Hoffnung auf einen dauerhaften Frieden scheint zu schwinden,<br>wenn nicht endlich die H\u00fcrden einer Ann\u00e4herung wird \u00fcberwinden.<br><br>Israel sollte auch nicht mit seiner \u201e\u00dcbermacht\u201c st\u00e4ndig provozieren<br>und seine milit\u00e4rische \u201e\u00dcberlegenheit\u201c auch st\u00e4ndig demonstrieren.<br>In Israel ist man an Pal\u00e4stinensern als Arbeitskraft sehr interessiert,<br>aber sie werden an \u00dcberg\u00e4ngen von Grenzern bewusst schikaniert.<br><br>Die Siedlungspolitik der Israelis wird den Frieden nicht garantieren,<br>denn durch die Grenzstreitigkeiten, die Pal\u00e4stinenser nur verlieren.<br>Eine Herde Schafe im von Israelis besetzten Gebiet sich zerstreute,<br>der Hirte sollte entstandenen Schaden(?) ersetzen, was er bereute.<br><br>Trotzdem weiter Siedlungen \u00fcber die Grenzbereiche hinaus gebaut<br>und dabei man aber nicht auf die Belange der Pal\u00e4stinenser schaut.<br>So kann man beidseitiges friedliches Miteinander nicht garantieren,<br>aber dem Benjamin Netanjahu scheint dieses nicht zu interessieren.<br><br><strong> Rainer Dambroth &#8211; 18.08.2024 &#8211; <a href=\"https:\/\/www.overline-poetry.de\/\">www.overline-poetry.de<\/a><\/strong><br><br>(?) <strong><em>Radikale israelische Siedler im Gazastreifen<\/em><\/strong><br><em>Etwa 85 Menschen aus 18 Familien lebten hier von ihren Schafen. Nach dem Terrorangriff aus dem Gazastreifen auf Israel am 7. Oktober wurde es f\u00fcr die Menschen hier immer schwieriger: Immer wieder kamen radikale Siedler aus der Gegend vorbei, die es auf ihr Land abgesehen haben. 19.03.2024<br><strong>Internet<\/strong><\/em><br><\/p>\n","protected":false},"excerpt":{"rendered":"<p>Es ist unertr\u00e4glich, was den Israelis von den Hamas wurde angetan,aber keine Rechtsfertigung, das Israel macht Pal\u00e4stina jetzt \u201eplan\u201c.Nicht jeder Pal\u00e4stinenser ist Terroristen der Hamas wohlgesonnen,somit nicht gerechtfertigt, dass man mit Zerst\u00f6rung wird begonnen. Die Zweitstaatenl\u00f6sung will man doch seit vielen Jahres anstreben,damit es in Nahost f\u00fcr beide Staaten wird endlich Frieden geben.Nur beide Staaten [&hellip;]<\/p>\n","protected":false},"author":1,"featured_media":0,"parent":0,"menu_order":0,"comment_status":"closed","ping_status":"closed","template":"","meta":{"footnotes":""},"class_list":["post-1474","page","type-page","status-publish","hentry"],"jetpack_sharing_enabled":true,"_links":{"self":[{"href":"https:\/\/overline-poetry.de\/index.php\/wp-json\/wp\/v2\/pages\/1474","targetHints":{"allow":["GET"]}}],"collection":[{"href":"https:\/\/overline-poetry.de\/index.php\/wp-json\/wp\/v2\/pages"}],"about":[{"href":"https:\/\/overline-poetry.de\/index.php\/wp-json\/wp\/v2\/types\/page"}],"author":[{"embeddable":true,"href":"https:\/\/overline-poetry.de\/index.php\/wp-json\/wp\/v2\/users\/1"}],"replies":[{"embeddable":true,"href":"https:\/\/overline-poetry.de\/index.php\/wp-json\/wp\/v2\/comments?post=1474"}],"version-history":[{"count":1,"href":"https:\/\/overline-poetry.de\/index.php\/wp-json\/wp\/v2\/pages\/1474\/revisions"}],"predecessor-version":[{"id":1478,"href":"https:\/\/overline-poetry.de\/index.php\/wp-json\/wp\/v2\/pages\/1474\/revisions\/1478"}],"wp:attachment":[{"href":"https:\/\/overline-poetry.de\/index.php\/wp-json\/wp\/v2\/media?parent=1474"}],"curies":[{"name":"wp","href":"https:\/\/api.w.org\/{rel}","templated":true}]}}