
{"id":1488,"date":"2022-04-18T07:47:00","date_gmt":"2022-04-18T07:47:00","guid":{"rendered":"https:\/\/overline-poetry.de\/?page_id=1488"},"modified":"2025-09-16T07:50:20","modified_gmt":"2025-09-16T07:50:20","slug":"der-taegliche-besuch-von-huhn-henny-einer-appenzeller-spitzhaube-und-taeglich-ein-ei","status":"publish","type":"page","link":"https:\/\/overline-poetry.de\/index.php\/der-taegliche-besuch-von-huhn-henny-einer-appenzeller-spitzhaube-und-taeglich-ein-ei\/","title":{"rendered":"Der t\u00e4gliche Besuch von Huhn \u201eHenny\u201c, einer Appenzeller Spitzhaube, und t\u00e4glich ein Ei!"},"content":{"rendered":"\n<p>Hinter uns am Teich wohnt ein kleines H\u00fchnervolk mit ihrem Hahn<br>und ein Huhn, eine Appenzeller Spitzhaube, war uns sehr zugetan.<br>Sie hatte f\u00fcr einen kleinen Ausflug den Schutzzaun \u00fcberwunden<br>und ist zu uns fliegend, in unserem Garten dann entschwunden.<br><br>Sie hatte sich im Schatten ein Sandbad zur K\u00f6rperpflege gebaut<br>und hat uns dann entspannt bei der Gartenpflege zugeschaut.<br>Ein weiteres Huhn aus der Gruppe ist Henny hinterher geschnellt<br>und hat sich in dem Sandbad zu der \u201eHenny\u201c dann hinzugesellt.<br><br>Und die Beiden haben sich in der Kuhle dann gem\u00fctlich entspannt<br>und der \u201ezust\u00e4ndige\u201c Hahn w\u00e4re auch gerne zu uns r\u00fcber gerannt.<br>\u201eHenny\u201c, so haben wir das Huhn getauft, hatte uns t\u00e4glich beehrt<br>und kam zu uns auf die Terrasse und etwas zu \u201efuttern\u201c begehrt.<br><br>\u201eHenny\u201c bekam von uns Haferflocken in allerfeinster Bio-Qualit\u00e4t,<br>worauf sie auch bestand, bevor sie dann zum \u201eEierlegen\u201c geht.<br>Und wie kann es bei uns als \u201eH\u00fchnerversteher\u201c auch anders sein,<br>sie kam bis an die Terrassent\u00fcr und forderte dieses lautstark ein.<br><br>Nachdem sie gespeist ging sie dann vor das Haus zum Eierlegen<br>und wir verhielten uns ruhig, um sie nicht zur Panik zu bewegen.<br>Dann verschwand sie wieder zu ihrer Gruppe und war dort zu sehen,<br>aber die Motivation bei uns Eier zu legen, konnte ich nicht verstehen.<br><br>Mehr durch reinen Zufall haben wir dann das Nest mit Eiern entdeckt,<br>was in unserer Buxushecke wurde angelegt und sehr gut versteckt.<br>Fast p\u00fcnktlich zu Ostern war das Nest dann mit \u201eOstereier\u201c gef\u00fcllt<br>und dann f\u00fcr den Osterbrauch bunt gef\u00e4rbt auf dem Tisch enth\u00fcllt,<br><br>Nach Ostern wurde grundlos das Nest von Henny nicht mehr besucht,<br>aber das \u201eSetzei\u201c war ohne Spur verschwunden, wonach wir gesucht.<br>Also haben wir n\u00e4chste Nacht eine Fotofalle vor dem Nest aufgestellt<br>und als K\u00f6der ein \u201eSetzei\u201c und hoffen, dass dieses dem T\u00e4ter gef\u00e4llt.<br><br>Am n\u00e4chsten Morgen ins Nest und die Bilder der Kamera angeschaut,<br>ein Marder hatte das \u201eSetzei\u201c, ohne eine Spur zu hinterlassen, geklaut.<br>Somit nahm diese Geschichte mit Huhn \u201eHenny\u201c dann auch ein Ende,<br>denn die H\u00fchner wurde umquartiert und kamen auf anderes Gel\u00e4nde.<br><strong><br>\u00a9 Rainer Dambroth &#8211; 18.04.2022 &#8211; <a href=\"https:\/\/www.overline-poetry.de\/\">www.overline-poetry.de<\/a><\/strong><\/p>\n","protected":false},"excerpt":{"rendered":"<p>Hinter uns am Teich wohnt ein kleines H\u00fchnervolk mit ihrem Hahnund ein Huhn, eine Appenzeller Spitzhaube, war uns sehr zugetan.Sie hatte f\u00fcr einen kleinen Ausflug den Schutzzaun \u00fcberwundenund ist zu uns fliegend, in unserem Garten dann entschwunden. Sie hatte sich im Schatten ein Sandbad zur K\u00f6rperpflege gebautund hat uns dann entspannt bei der Gartenpflege zugeschaut.Ein [&hellip;]<\/p>\n","protected":false},"author":1,"featured_media":0,"parent":0,"menu_order":0,"comment_status":"closed","ping_status":"closed","template":"","meta":{"footnotes":""},"class_list":["post-1488","page","type-page","status-publish","hentry"],"jetpack_sharing_enabled":true,"_links":{"self":[{"href":"https:\/\/overline-poetry.de\/index.php\/wp-json\/wp\/v2\/pages\/1488","targetHints":{"allow":["GET"]}}],"collection":[{"href":"https:\/\/overline-poetry.de\/index.php\/wp-json\/wp\/v2\/pages"}],"about":[{"href":"https:\/\/overline-poetry.de\/index.php\/wp-json\/wp\/v2\/types\/page"}],"author":[{"embeddable":true,"href":"https:\/\/overline-poetry.de\/index.php\/wp-json\/wp\/v2\/users\/1"}],"replies":[{"embeddable":true,"href":"https:\/\/overline-poetry.de\/index.php\/wp-json\/wp\/v2\/comments?post=1488"}],"version-history":[{"count":1,"href":"https:\/\/overline-poetry.de\/index.php\/wp-json\/wp\/v2\/pages\/1488\/revisions"}],"predecessor-version":[{"id":1492,"href":"https:\/\/overline-poetry.de\/index.php\/wp-json\/wp\/v2\/pages\/1488\/revisions\/1492"}],"wp:attachment":[{"href":"https:\/\/overline-poetry.de\/index.php\/wp-json\/wp\/v2\/media?parent=1488"}],"curies":[{"name":"wp","href":"https:\/\/api.w.org\/{rel}","templated":true}]}}