
{"id":1504,"date":"2021-01-08T08:25:00","date_gmt":"2021-01-08T08:25:00","guid":{"rendered":"https:\/\/overline-poetry.de\/?page_id=1504"},"modified":"2025-09-16T08:29:29","modified_gmt":"2025-09-16T08:29:29","slug":"quaelereien-und-folter-in-der-massentierhaltung","status":"publish","type":"page","link":"https:\/\/overline-poetry.de\/index.php\/quaelereien-und-folter-in-der-massentierhaltung\/","title":{"rendered":"Qu\u00e4lereien und Folter in der Massentierhaltung"},"content":{"rendered":"\n<p>In der Tierhaltung gibt es gen\u00fcgend Perversit\u00e4ten f\u00fcr eine \u201eQualaufzucht\u201c<br>und f\u00fcr diese Qu\u00e4lereien hat man Anregungen bei einer Domina gesucht.<br>Dem Erfinder m\u00fcssen beim Erfinden schon perverse Gedanken \u00fcberkommen,<br>dass er solche Erfindungen hat sich zum \u201eSchutze der Tiere\u201c vorgenommen.<br><br>Der Massentierfabrikant diese Foltermethoden nat\u00fcrlich gerne so verdreht,<br>denn es ginge ihm dabei nur um die Erhaltung der &#8222;Lebensmittelqualit\u00e4t&#8220;.<br>Die f\u00fchlenden Tiere werden zu lebenden Produktionsmaschinen degradiert,<br>oder zu Massenprodukten, wobei das einzelne Tier nichts wert und verliert.<br><br>K\u00e4lbern werden die Hornans\u00e4tze schmerzhaft ausgebrannt, wobei sie leiden,<br>damit sie bei der Besatzdichte eine gegenseitige Verletzung dann vermeiden<br>Ein Vorrichtung f\u00fcr das Kalb um das S\u00e4ugen bei der Mutterkuh zu verhindern,<br>sonst wird das nur die Quantit\u00e4t der zu verkaufenden Milch dann vermindern.<br><br>Auch der Sauenk\u00e4fig, wo die Muttersau \u00fcber eine lange Zeit wird eingesperrt<br>und ihr die K\u00f6rperfreiheit mit dem nat\u00fcrlichen Bewegungdrang wird verwehrt.<br>Dieser K\u00e4fig wurde eigens daf\u00fcr konstruiert, damit die Sau sich nicht bewegt<br>und sich dann, aufgrund der Enge im Stall, auf ihre neugeborenen Kinder legt.<br><br>Das K\u00fcrzen der Eckz\u00e4hne bei den Schweinen um das Beissen zu verhindern.<br>Ringelschw\u00e4nze werden kupiert um gegenseitige Verletzungen zu vermindern<br>Das m\u00e4nnliches Ferkel wird ohne Bet\u00e4ubung in Flie\u00dfbandarbeit dann kastriert<br>und das nur f\u00fcr die \u201eProduktqualit\u00e4t\u201c, damit sich kein \u201eEbergeruch\u201c etabliert.<br><br>Schnabelk\u00fcrzen bei K\u00fcken, damit sie nicht andere durch \u201ePicken\u201c verwunden.<br>Die empfindliche Schnabelspitze wird abgebrannt und die K\u00fcken geschunden.<br>Bei der hohen Besatzdichte in diesen Mastst\u00e4llen und dann bei der Stallenge,<br>weil bei diesen Erzeugerpreisen lohnt sich nur Produktion einer gro\u00dfen Menge.<br><br>Sei es die \u201eAnbindehaltung\u201c bei der Milchkuh, um Verletzungen zu vermeiden.<br>Hier z\u00e4hlt nur die Milchmenge, egal ob die Tiere bei der Stallenge dann leiden.<br>Die K\u00fche in der Werbung werden gl\u00fccklich grasend auf der Weide pr\u00e4sentiert<br>und dem normalen Verbraucher wird dieses als die g\u00e4ngige Realit\u00e4t suggeriert.<br><br>Bei den Schweinen soll eine Krampe in dem R\u00fcssel das W\u00fchlen unterbinden<br>und Schweine w\u00fchlen sehr gerne, um Nahrung im Boden f\u00fcr sich zu finden.<br>Ich w\u00fcrde bei den Landwirten, die diese Krampen bei den Tieren einbringen,<br>die Krampe in \u201eihren R\u00fcssel&#8220; einsetzen, um so die \u201eBettruhe\u201c zu erzwingen.<br><br>Sadomaso f\u00fcr einen selbst ist doch gewollt, aber in der Tierhaltung Qu\u00e4lerei<br>und dem Verbraucher ist zunehmend dieser Umgang mit Tieren nicht einerlei.<br>In der Landwirtschaft muss ein Umdenken erfolgen, im Umgang mit Tieren,<br>sonst werden sie mehr Verbraucher als unzufriedene Kunden dann verlieren.<br><br><strong>\u00a9<\/strong> Rainer Dambroth &#8211; 08.01.2021 &#8211; <strong><a href=\"https:\/\/www.overline-poetry.de\/\">www.overline-poetry.de<\/a><\/strong><\/p>\n","protected":false},"excerpt":{"rendered":"<p>In der Tierhaltung gibt es gen\u00fcgend Perversit\u00e4ten f\u00fcr eine \u201eQualaufzucht\u201cund f\u00fcr diese Qu\u00e4lereien hat man Anregungen bei einer Domina gesucht.Dem Erfinder m\u00fcssen beim Erfinden schon perverse Gedanken \u00fcberkommen,dass er solche Erfindungen hat sich zum \u201eSchutze der Tiere\u201c vorgenommen. Der Massentierfabrikant diese Foltermethoden nat\u00fcrlich gerne so verdreht,denn es ginge ihm dabei nur um die Erhaltung der [&hellip;]<\/p>\n","protected":false},"author":1,"featured_media":0,"parent":0,"menu_order":0,"comment_status":"closed","ping_status":"closed","template":"","meta":{"footnotes":""},"class_list":["post-1504","page","type-page","status-publish","hentry"],"jetpack_sharing_enabled":true,"_links":{"self":[{"href":"https:\/\/overline-poetry.de\/index.php\/wp-json\/wp\/v2\/pages\/1504","targetHints":{"allow":["GET"]}}],"collection":[{"href":"https:\/\/overline-poetry.de\/index.php\/wp-json\/wp\/v2\/pages"}],"about":[{"href":"https:\/\/overline-poetry.de\/index.php\/wp-json\/wp\/v2\/types\/page"}],"author":[{"embeddable":true,"href":"https:\/\/overline-poetry.de\/index.php\/wp-json\/wp\/v2\/users\/1"}],"replies":[{"embeddable":true,"href":"https:\/\/overline-poetry.de\/index.php\/wp-json\/wp\/v2\/comments?post=1504"}],"version-history":[{"count":1,"href":"https:\/\/overline-poetry.de\/index.php\/wp-json\/wp\/v2\/pages\/1504\/revisions"}],"predecessor-version":[{"id":1508,"href":"https:\/\/overline-poetry.de\/index.php\/wp-json\/wp\/v2\/pages\/1504\/revisions\/1508"}],"wp:attachment":[{"href":"https:\/\/overline-poetry.de\/index.php\/wp-json\/wp\/v2\/media?parent=1504"}],"curies":[{"name":"wp","href":"https:\/\/api.w.org\/{rel}","templated":true}]}}