
{"id":1511,"date":"2022-10-16T11:48:00","date_gmt":"2022-10-16T11:48:00","guid":{"rendered":"https:\/\/overline-poetry.de\/?page_id=1511"},"modified":"2025-09-16T11:50:12","modified_gmt":"2025-09-16T11:50:12","slug":"sahra-wagenknecht-und-putin","status":"publish","type":"page","link":"https:\/\/overline-poetry.de\/index.php\/sahra-wagenknecht-und-putin\/","title":{"rendered":"Sahra Wagenknecht und Putin"},"content":{"rendered":"\n<p>Die Kritik von Sahra Wagenknecht: Wir sollten mit Putin sprechen,<br>denn die Lieferung von Kriegsger\u00e4t w\u00fcrde sich f\u00fcr uns nur r\u00e4chen.<br>Hat sie einen Befehl vom Despoten Putin zur Ausf\u00fchrung erhalten,<br>sie m\u00f6ge alles daran setzen, die russisch treue Linke abzuspalten.<br><br>Hat sie \u201eden Boden der Realit\u00e4t\u201c in Putins Angriffskrieg verlassen?<br>Sie muss den Despoten Putin verehren und die Demokratie hassen.<br>Oder wurde sie von Putin als prorussischer Wahlhelfer eingesetzt?<br>Ihren Einfluss auf die Wahl in Niedersachsen hat sie untersch\u00e4tzt.<br><br>\u00a9 Rainer Dambroth &#8211; 16.10.2022 &#8211; <strong><a href=\"http:\/\/www.overline-poetry.de\/\">www.overline-poetry.de<\/a><\/strong><\/p>\n","protected":false},"excerpt":{"rendered":"<p>Die Kritik von Sahra Wagenknecht: Wir sollten mit Putin sprechen,denn die Lieferung von Kriegsger\u00e4t w\u00fcrde sich f\u00fcr uns nur r\u00e4chen.Hat sie einen Befehl vom Despoten Putin zur Ausf\u00fchrung erhalten,sie m\u00f6ge alles daran setzen, die russisch treue Linke abzuspalten. Hat sie \u201eden Boden der Realit\u00e4t\u201c in Putins Angriffskrieg verlassen?Sie muss den Despoten Putin verehren und die [&hellip;]<\/p>\n","protected":false},"author":1,"featured_media":0,"parent":0,"menu_order":0,"comment_status":"closed","ping_status":"closed","template":"","meta":{"footnotes":""},"class_list":["post-1511","page","type-page","status-publish","hentry"],"jetpack_sharing_enabled":true,"_links":{"self":[{"href":"https:\/\/overline-poetry.de\/index.php\/wp-json\/wp\/v2\/pages\/1511","targetHints":{"allow":["GET"]}}],"collection":[{"href":"https:\/\/overline-poetry.de\/index.php\/wp-json\/wp\/v2\/pages"}],"about":[{"href":"https:\/\/overline-poetry.de\/index.php\/wp-json\/wp\/v2\/types\/page"}],"author":[{"embeddable":true,"href":"https:\/\/overline-poetry.de\/index.php\/wp-json\/wp\/v2\/users\/1"}],"replies":[{"embeddable":true,"href":"https:\/\/overline-poetry.de\/index.php\/wp-json\/wp\/v2\/comments?post=1511"}],"version-history":[{"count":1,"href":"https:\/\/overline-poetry.de\/index.php\/wp-json\/wp\/v2\/pages\/1511\/revisions"}],"predecessor-version":[{"id":1515,"href":"https:\/\/overline-poetry.de\/index.php\/wp-json\/wp\/v2\/pages\/1511\/revisions\/1515"}],"wp:attachment":[{"href":"https:\/\/overline-poetry.de\/index.php\/wp-json\/wp\/v2\/media?parent=1511"}],"curies":[{"name":"wp","href":"https:\/\/api.w.org\/{rel}","templated":true}]}}