
{"id":1518,"date":"2022-09-27T13:21:00","date_gmt":"2022-09-27T13:21:00","guid":{"rendered":"https:\/\/overline-poetry.de\/?page_id=1518"},"modified":"2025-09-16T13:24:34","modified_gmt":"2025-09-16T13:24:34","slug":"putin-ein-kriegsverbrecher","status":"publish","type":"page","link":"https:\/\/overline-poetry.de\/index.php\/putin-ein-kriegsverbrecher\/","title":{"rendered":"Putin, ein Kriegsverbrecher!"},"content":{"rendered":"\n<p>Wer ohne einen Grund ein fremdes Land angreift oder bedr\u00e4ngt<br>geh\u00f6rt vor ein ordentliches Kriegsgericht und dann \u201eaufgeh\u00e4ngt\u201c.<br>Den ukrainischen Pr\u00e4sidenten Selenski als ein Nazi zu \u201etitulieren\u201c,<br>kann nur einen Grund haben, dass Putin will kein Land verlieren.<br><br>Das dieses Land, die Ukraine, nicht zum russischen Reich geh\u00f6rt,<br>dieses dem Kriegsverbrecher und Despoten Putin nur wenig st\u00f6rt.<br>Denn er alle Nachbarl\u00e4nder um Russland herum will er besitzen,<br>um es angeblich vor dem \u201edemokratischen Westen\u201c zu sch\u00fctzen.<br><br>Der Despot Putin gibt mit seinen Kriegen nicht eher dann Ruh,<br>bis auch Polen und Deutschland geh\u00f6ren zu seinem Reich dazu.<br>Despot Putin kann nicht in Frieden mit anderen L\u00e4ndern leben<br>und ohne Putin wird es auch wieder Hoffnung auf Frieden geben.<br><br>Putins Regierungssystem basiert auf Seilschaften und Korruption<br>und unbeherrscht im Umgang mit dem Umfeld ist auch sein Ton.<br>Eine Abweichung von seiner geplanten Strategie, was Putin hasst<br>und so wird der jeweils amtierende Befehlshaber dann geschasst.<br><br>Das gemeine russische Volk wird Putin auch noch weiter verehren,<br>denn nur von Russland informiert, werden sie sich nicht erwehren.<br>Mit L\u00fcgen wird er ihnen die Bedrohung durch den Westen erkl\u00e4ren<br>und sie lassen ihn beim Verteidigen von Russland dann gew\u00e4hren.<br><br>Putin kann sich bei dem russischen Volk nicht alles mehr erlauben,<br>denn junge Russen mit ihrer Vernetzung den L\u00fcgen nicht glauben.<br>Der alten russischen Bev\u00f6lkerung kann man noch vieles erz\u00e4hlen,<br>sie werden ihrem \u201eL\u00fcgenbaron\u201c glauben und werden ihn w\u00e4hlen.<br><br>Putin verh\u00e4lt sich, wie Kinder im Gang vor den Supermarktkassen,<br>alles was er sieht, will er auch besitzen oder uns abgr\u00fcndig hassen.<br>Er will verhindern, dass sich L\u00e4nder nach den Westen orientieren,<br>denn er will sich diese L\u00e4nder einverleiben und sie nicht verlieren.<br><br>Er hat wohl im Keller des Kremls eine uralte Weltkarte gefunden,<br>die hat er studiert und die L\u00e4nder vermessen schon viele Stunden.<br>Das diese Karte nur eine \u201eWunschkarte\u201c von den Altregenten war,<br>aber das ist dem \u201eM\u00f6chtegern Zaren\u201c Putin noch nicht ganz klar.<br><br><strong>\u00a9<\/strong> Rainer Dambroth &#8211; 27.09.2022 &#8211; <strong><a href=\"https:\/\/www.overline-poetry.de\/\">www.overline-poetry.de<\/a><\/strong><\/p>\n","protected":false},"excerpt":{"rendered":"<p>Wer ohne einen Grund ein fremdes Land angreift oder bedr\u00e4ngtgeh\u00f6rt vor ein ordentliches Kriegsgericht und dann \u201eaufgeh\u00e4ngt\u201c.Den ukrainischen Pr\u00e4sidenten Selenski als ein Nazi zu \u201etitulieren\u201c,kann nur einen Grund haben, dass Putin will kein Land verlieren. Das dieses Land, die Ukraine, nicht zum russischen Reich geh\u00f6rt,dieses dem Kriegsverbrecher und Despoten Putin nur wenig st\u00f6rt.Denn er alle [&hellip;]<\/p>\n","protected":false},"author":1,"featured_media":0,"parent":0,"menu_order":0,"comment_status":"closed","ping_status":"closed","template":"","meta":{"footnotes":""},"class_list":["post-1518","page","type-page","status-publish","hentry"],"jetpack_sharing_enabled":true,"_links":{"self":[{"href":"https:\/\/overline-poetry.de\/index.php\/wp-json\/wp\/v2\/pages\/1518","targetHints":{"allow":["GET"]}}],"collection":[{"href":"https:\/\/overline-poetry.de\/index.php\/wp-json\/wp\/v2\/pages"}],"about":[{"href":"https:\/\/overline-poetry.de\/index.php\/wp-json\/wp\/v2\/types\/page"}],"author":[{"embeddable":true,"href":"https:\/\/overline-poetry.de\/index.php\/wp-json\/wp\/v2\/users\/1"}],"replies":[{"embeddable":true,"href":"https:\/\/overline-poetry.de\/index.php\/wp-json\/wp\/v2\/comments?post=1518"}],"version-history":[{"count":1,"href":"https:\/\/overline-poetry.de\/index.php\/wp-json\/wp\/v2\/pages\/1518\/revisions"}],"predecessor-version":[{"id":1522,"href":"https:\/\/overline-poetry.de\/index.php\/wp-json\/wp\/v2\/pages\/1518\/revisions\/1522"}],"wp:attachment":[{"href":"https:\/\/overline-poetry.de\/index.php\/wp-json\/wp\/v2\/media?parent=1518"}],"curies":[{"name":"wp","href":"https:\/\/api.w.org\/{rel}","templated":true}]}}