
{"id":1525,"date":"2023-07-18T13:39:00","date_gmt":"2023-07-18T13:39:00","guid":{"rendered":"https:\/\/overline-poetry.de\/?page_id=1525"},"modified":"2025-09-16T13:41:36","modified_gmt":"2025-09-16T13:41:36","slug":"russland-vermint-riesige-ukrainische-gebiete","status":"publish","type":"page","link":"https:\/\/overline-poetry.de\/index.php\/russland-vermint-riesige-ukrainische-gebiete\/","title":{"rendered":"Russland vermint riesige ukrainische Gebiete"},"content":{"rendered":"\n<p>Dem Putin kann man hiermit nur eine gro\u00dfe \u00c4chtung aussprechen,<br>und man hofft innig, dieses wird sich f\u00fcr den Despoten bald r\u00e4chen.<br>Die Minenfelder beweisen von dem Despoten seine Hinterh\u00e4ltigkeit,<br>aber erscheinen auch als eine \u201ehilflose Handlung\u201c von Putin derzeit.<br><br>Das Prigoschin konnte nach seinem \u201ePutsch\u201c zum Kreml einreisen,<br>kann auch nur zus\u00e4tzlich den Autorit\u00e4tsverlust von Putin beweisen.<br>Merkw\u00fcrdig ist auch, das Prigoschin im Kreml ein und aus spaziert,<br>ohne das er dabei die Verhaftung durch den Despoten Putin riskiert!<br><br>Die Wagner-Truppen doch man \u00fcberall in der Welt \u201eherumlungern\u201c,<br>so schaffte Prigoschin f\u00fcr sich Reichtum und V\u00f6lker dann hungern.<br>Auch zu dem Krieg, der von Putin angedachten \u201eFriedensmission\u201c,<br>kamen Prigoschin zu der Kriegsf\u00fchrung dann gro\u00dfe Zweifel schon.<br><br>M\u00f6glicherweise wurde dieser Putsch auch von Prigoschin inszeniert,<br>um so der Ukraine aufzuzeigen, dass Putin seinen R\u00fcckhalt verliert.<br>Wenn sich die Ukraine dann in Sicherheit w\u00e4hnt und unbezwungen,<br>werden sie von Belarus durch die Wagner Truppe \u201eniedergerungen\u201c.<br><br>Oder ein Grenzstreit von Belarus gegen Polen, als direkter Nachbar,<br>so w\u00e4re ein \u00dcbergriff der Wagner Truppe von Belarus aus denkbar.<br>Dann h\u00e4tte Russland als \u201estreits\u00fcchtige Partei\u201c nichts direkt riskiert,<br>aber kann hoffen, dass ein NATO-Land dann seine Nerven verliert.<br><br>Ich kann das \u201eSpiel\u201c zwischen Putin und Prigoschin nicht erkl\u00e4ren.<br>Warum kann sich wohl Putin gegen den Wagnerchef nicht wehren?<br>Wo haben die beiden Strategen ihre strategische Gemeinsamkeiten<br>und warum diese geheimen Treffen und wor\u00fcber sie sich \u201estreiten\u201c?<br><br>Lukaschenko, Pr\u00e4sident von Belarus, der Putins Krieg unterst\u00fctzt<br>und Putin daf\u00fcr die Pr\u00e4sidentschaft von dem Belarussen besch\u00fctzt.<br>W\u00fcrde der russische Schutz dem Pr\u00e4sidenten Lukaschenko fehlen,<br>dann k\u00f6nnte er als Pr\u00e4sident nicht mehr auf sein Volk dann z\u00e4hlen.<br><br><strong>\u00a9<\/strong> Rainer Dambroth \u2013 18.07.2023 &#8211; <strong><a href=\"http:\/\/www.overline-poetry.de\/\">www.overline-poetry.de<\/a><\/strong><\/p>\n","protected":false},"excerpt":{"rendered":"<p>Dem Putin kann man hiermit nur eine gro\u00dfe \u00c4chtung aussprechen,und man hofft innig, dieses wird sich f\u00fcr den Despoten bald r\u00e4chen.Die Minenfelder beweisen von dem Despoten seine Hinterh\u00e4ltigkeit,aber erscheinen auch als eine \u201ehilflose Handlung\u201c von Putin derzeit. Das Prigoschin konnte nach seinem \u201ePutsch\u201c zum Kreml einreisen,kann auch nur zus\u00e4tzlich den Autorit\u00e4tsverlust von Putin beweisen.Merkw\u00fcrdig ist [&hellip;]<\/p>\n","protected":false},"author":1,"featured_media":0,"parent":0,"menu_order":0,"comment_status":"closed","ping_status":"closed","template":"","meta":{"footnotes":""},"class_list":["post-1525","page","type-page","status-publish","hentry"],"jetpack_sharing_enabled":true,"_links":{"self":[{"href":"https:\/\/overline-poetry.de\/index.php\/wp-json\/wp\/v2\/pages\/1525","targetHints":{"allow":["GET"]}}],"collection":[{"href":"https:\/\/overline-poetry.de\/index.php\/wp-json\/wp\/v2\/pages"}],"about":[{"href":"https:\/\/overline-poetry.de\/index.php\/wp-json\/wp\/v2\/types\/page"}],"author":[{"embeddable":true,"href":"https:\/\/overline-poetry.de\/index.php\/wp-json\/wp\/v2\/users\/1"}],"replies":[{"embeddable":true,"href":"https:\/\/overline-poetry.de\/index.php\/wp-json\/wp\/v2\/comments?post=1525"}],"version-history":[{"count":1,"href":"https:\/\/overline-poetry.de\/index.php\/wp-json\/wp\/v2\/pages\/1525\/revisions"}],"predecessor-version":[{"id":1529,"href":"https:\/\/overline-poetry.de\/index.php\/wp-json\/wp\/v2\/pages\/1525\/revisions\/1529"}],"wp:attachment":[{"href":"https:\/\/overline-poetry.de\/index.php\/wp-json\/wp\/v2\/media?parent=1525"}],"curies":[{"name":"wp","href":"https:\/\/api.w.org\/{rel}","templated":true}]}}